{"id":1234,"date":"2021-03-08T14:51:26","date_gmt":"2021-03-08T14:51:26","guid":{"rendered":"https:\/\/aigeviatges.com\/?post_type=product&#038;p=1234"},"modified":"2021-03-08T14:58:58","modified_gmt":"2021-03-08T14:58:58","slug":"morella-i-el-delta-de-lebre","status":"publish","type":"product","link":"https:\/\/aigeviatges.com\/es\/producto\/morella-y-el-delta-de-liebre\/","title":{"rendered":"MORELLA Y EL DELTA DEL EBRO"},"content":{"rendered":"<p><strong>D\u00eda 1: ORIGEN - MORELLA<\/strong><br \/>\nSalida a las Terres de l&#039;Ebre hasta llegar a Morella. Acomodaci\u00f3n en el hotel y almuerzo. Por la tarde realizaremos una visita por el recinto amurallado de la villa que parece todav\u00eda dormida en el pasado. Destaca sus calles medievales, palacios, la Bas\u00edlica de Santa Mar\u00eda la Mayor, y su castillo enclavado en una plataforma rocosa. Despu\u00e9s de la visita dispondremos de tiempo libre para poder entrar en las distintas tiendas que ofrecen la antigua artesan\u00eda. Cena y alojamiento.<\/p>\n<p><strong>D\u00eda 2: MORELLA \u2013 MARISCADA EN EL DELTA \u2013 ORIGEN<\/strong><br \/>\nDespu\u00e9s del desayuno, nos dirigiremos hacia Vinar\u00f2s, San Carlos de la R\u00e1pita y llegaremos al Delta del Ebro. Haremos una panor\u00e1mica en autocar y podremos observar la diversidad de la flora y la fauna del parque natural. A continuaci\u00f3n Almuerzo especial en restaurante (menu: Ensalada, mariscada individual, paella y postre. Agua, vino y caf\u00e9). Por la tarde regreso a nuestra ciudad de origen.<\/p>","protected":false},"excerpt":{"rendered":"<p><strong>INCLUYE:\u00a0<\/strong><\/p>\n<ul>\n<li>Autocar de lujo<\/li>\n<li>Gu\u00eda acompa\u00f1ante de AIGE<\/li>\n<li>Hotel 3***<\/li>\n<li>Pensi\u00f3n completa con agua y vino<\/li>\n<li>Almuerzo especial en el Delta del Ebro<\/li>\n<li>Seguro de asistencia en viaje<\/li>\n<\/ul>","protected":false},"featured_media":1235,"template":"","meta":[],"product_cat":[26],"product_tag":[],"class_list":["post-1234","product","type-product","status-publish","has-post-thumbnail","hentry","product_cat-grups-radials"],"yoast_head":"<!-- This site is optimized with the Yoast SEO plugin v21.7 - https:\/\/yoast.com\/wordpress\/plugins\/seo\/ -->\n<title>MORELLA I EL DELTA DE L&#039;EBRE - AIGE Viatges<\/title>\n<meta name=\"description\" content=\"Agencia de viajes online | Descubre nuestros viajes inolvidables a MORELLA I EL DELTA DE L&#039;EBRE\" \/>\n<meta name=\"robots\" content=\"index, follow, max-snippet:-1, max-image-preview:large, max-video-preview:-1\" \/>\n<link rel=\"canonical\" href=\"https:\/\/aigeviatges.com\/es\/producto\/morella-y-el-delta-de-liebre\/\" \/>\n<meta property=\"og:locale\" content=\"es_ES\" \/>\n<meta property=\"og:type\" content=\"article\" \/>\n<meta property=\"og:title\" content=\"MORELLA I EL DELTA DE L&#039;EBRE - AIGE Viatges\" \/>\n<meta property=\"og:description\" content=\"Agencia de viajes online | Descubre nuestros viajes inolvidables a MORELLA I EL DELTA DE L&#039;EBRE\" \/>\n<meta property=\"og:url\" content=\"https:\/\/aigeviatges.com\/es\/producto\/morella-y-el-delta-de-liebre\/\" \/>\n<meta property=\"og:site_name\" content=\"AIGE Viatges\" \/>\n<meta property=\"article:publisher\" content=\"https:\/\/www.facebook.com\/viatgesaige\/\" \/>\n<meta property=\"article:modified_time\" content=\"2021-03-08T14:58:58+00:00\" \/>\n<meta property=\"og:image\" content=\"https:\/\/aigeviatges.com\/wp-content\/uploads\/2021\/03\/morella.jpg\" \/>\n\t<meta property=\"og:image:width\" content=\"717\" \/>\n\t<meta property=\"og:image:height\" content=\"437\" \/>\n\t<meta property=\"og:image:type\" content=\"image\/jpeg\" \/>\n<meta name=\"twitter:card\" content=\"summary_large_image\" \/>\n<meta name=\"twitter:label1\" content=\"Tiempo de lectura\" \/>\n\t<meta name=\"twitter:data1\" content=\"1 minuto\" \/>\n<script type=\"application\/ld+json\" class=\"yoast-schema-graph\">{\"@context\":\"https:\/\/schema.org\",\"@graph\":[{\"@type\":\"WebPage\",\"@id\":\"https:\/\/aigeviatges.com\/producto\/morella-i-el-delta-de-lebre\/\",\"url\":\"https:\/\/aigeviatges.com\/producto\/morella-i-el-delta-de-lebre\/\",\"name\":\"MORELLA I EL DELTA DE L'EBRE - AIGE Viatges\",\"isPartOf\":{\"@id\":\"https:\/\/aigeviatges.com\/#website\"},\"datePublished\":\"2021-03-08T14:51:26+00:00\",\"dateModified\":\"2021-03-08T14:58:58+00:00\",\"description\":\"Agencia de viajes online | Descubre nuestros viajes inolvidables a MORELLA I EL DELTA DE L'EBRE\",\"breadcrumb\":{\"@id\":\"https:\/\/aigeviatges.com\/producto\/morella-i-el-delta-de-lebre\/#breadcrumb\"},\"inLanguage\":\"es\",\"potentialAction\":[{\"@type\":\"ReadAction\",\"target\":[\"https:\/\/aigeviatges.com\/producto\/morella-i-el-delta-de-lebre\/\"]}]},{\"@type\":\"BreadcrumbList\",\"@id\":\"https:\/\/aigeviatges.com\/producto\/morella-i-el-delta-de-lebre\/#breadcrumb\",\"itemListElement\":[{\"@type\":\"ListItem\",\"position\":1,\"name\":\"Portada\",\"item\":\"https:\/\/aigeviatges.com\/\"},{\"@type\":\"ListItem\",\"position\":2,\"name\":\"Tienda\",\"item\":\"https:\/\/aigeviatges.com\/tienda-2\/\"},{\"@type\":\"ListItem\",\"position\":3,\"name\":\"MORELLA I EL DELTA DE L&#8217;EBRE\"}]},{\"@type\":\"WebSite\",\"@id\":\"https:\/\/aigeviatges.com\/#website\",\"url\":\"https:\/\/aigeviatges.com\/\",\"name\":\"AIGE Viatges\",\"description\":\"Agencia de viajes especializada en producto propio para grupos.\",\"publisher\":{\"@id\":\"https:\/\/aigeviatges.com\/#organization\"},\"potentialAction\":[{\"@type\":\"SearchAction\",\"target\":{\"@type\":\"EntryPoint\",\"urlTemplate\":\"https:\/\/aigeviatges.com\/?s={search_term_string}\"},\"query-input\":\"required name=search_term_string\"}],\"inLanguage\":\"es\"},{\"@type\":\"Organization\",\"@id\":\"https:\/\/aigeviatges.com\/#organization\",\"name\":\"AIGE Viatges\",\"url\":\"https:\/\/aigeviatges.com\/\",\"logo\":{\"@type\":\"ImageObject\",\"inLanguage\":\"es\",\"@id\":\"https:\/\/aigeviatges.com\/#\/schema\/logo\/image\/\",\"url\":\"https:\/\/aigeviatges.com\/wp-content\/uploads\/2020\/03\/aig-viatges-logo-web.png\",\"contentUrl\":\"https:\/\/aigeviatges.com\/wp-content\/uploads\/2020\/03\/aig-viatges-logo-web.png\",\"width\":600,\"height\":166,\"caption\":\"AIGE Viatges\"},\"image\":{\"@id\":\"https:\/\/aigeviatges.com\/#\/schema\/logo\/image\/\"},\"sameAs\":[\"https:\/\/www.facebook.com\/viatgesaige\/\"]}]}<\/script>\n<!-- \/ Yoast SEO plugin. -->","yoast_head_json":{"title":"MORELLA I EL DELTA DE L'EBRE - AIGE Viatges","description":"Agencia de viajes online | Descubre nuestros viajes inolvidables a MORELLA I EL DELTA DE L'EBRE","robots":{"index":"index","follow":"follow","max-snippet":"max-snippet:-1","max-image-preview":"max-image-preview:large","max-video-preview":"max-video-preview:-1"},"canonical":"https:\/\/aigeviatges.com\/es\/producto\/morella-y-el-delta-de-liebre\/","og_locale":"es_ES","og_type":"article","og_title":"MORELLA I EL DELTA DE L'EBRE - AIGE Viatges","og_description":"Agencia de viajes online | Descubre nuestros viajes inolvidables a MORELLA I EL DELTA DE L'EBRE","og_url":"https:\/\/aigeviatges.com\/es\/producto\/morella-y-el-delta-de-liebre\/","og_site_name":"AIGE Viatges","article_publisher":"https:\/\/www.facebook.com\/viatgesaige\/","article_modified_time":"2021-03-08T14:58:58+00:00","og_image":[{"width":717,"height":437,"url":"https:\/\/aigeviatges.com\/wp-content\/uploads\/2021\/03\/morella.jpg","type":"image\/jpeg"}],"twitter_card":"summary_large_image","twitter_misc":{"Tiempo de lectura":"1 minuto"},"schema":{"@context":"https:\/\/schema.org","@graph":[{"@type":"WebPage","@id":"https:\/\/aigeviatges.com\/producto\/morella-i-el-delta-de-lebre\/","url":"https:\/\/aigeviatges.com\/producto\/morella-i-el-delta-de-lebre\/","name":"MORELLA I EL DELTA DE L'EBRE - AIGE Viatges","isPartOf":{"@id":"https:\/\/aigeviatges.com\/#website"},"datePublished":"2021-03-08T14:51:26+00:00","dateModified":"2021-03-08T14:58:58+00:00","description":"Agencia de viajes online | Descubre nuestros viajes inolvidables a MORELLA I EL DELTA DE L'EBRE","breadcrumb":{"@id":"https:\/\/aigeviatges.com\/producto\/morella-i-el-delta-de-lebre\/#breadcrumb"},"inLanguage":"es","potentialAction":[{"@type":"ReadAction","target":["https:\/\/aigeviatges.com\/producto\/morella-i-el-delta-de-lebre\/"]}]},{"@type":"BreadcrumbList","@id":"https:\/\/aigeviatges.com\/producto\/morella-i-el-delta-de-lebre\/#breadcrumb","itemListElement":[{"@type":"ListItem","position":1,"name":"Portada","item":"https:\/\/aigeviatges.com\/"},{"@type":"ListItem","position":2,"name":"Tienda","item":"https:\/\/aigeviatges.com\/tienda-2\/"},{"@type":"ListItem","position":3,"name":"MORELLA I EL DELTA DE L&#8217;EBRE"}]},{"@type":"WebSite","@id":"https:\/\/aigeviatges.com\/#website","url":"https:\/\/aigeviatges.com\/","name":"AIGE Viatges","description":"Agencia de viajes especializada en producto propio para grupos.","publisher":{"@id":"https:\/\/aigeviatges.com\/#organization"},"potentialAction":[{"@type":"SearchAction","target":{"@type":"EntryPoint","urlTemplate":"https:\/\/aigeviatges.com\/?s={search_term_string}"},"query-input":"required name=search_term_string"}],"inLanguage":"es"},{"@type":"Organization","@id":"https:\/\/aigeviatges.com\/#organization","name":"AIGE Viatges","url":"https:\/\/aigeviatges.com\/","logo":{"@type":"ImageObject","inLanguage":"es","@id":"https:\/\/aigeviatges.com\/#\/schema\/logo\/image\/","url":"https:\/\/aigeviatges.com\/wp-content\/uploads\/2020\/03\/aig-viatges-logo-web.png","contentUrl":"https:\/\/aigeviatges.com\/wp-content\/uploads\/2020\/03\/aig-viatges-logo-web.png","width":600,"height":166,"caption":"AIGE Viatges"},"image":{"@id":"https:\/\/aigeviatges.com\/#\/schema\/logo\/image\/"},"sameAs":["https:\/\/www.facebook.com\/viatgesaige\/"]}]}},"jetpack_sharing_enabled":true,"jetpack_likes_enabled":false,"_links":{"self":[{"href":"https:\/\/aigeviatges.com\/es\/wp-json\/wp\/v2\/product\/1234","targetHints":{"allow":["GET"]}}],"collection":[{"href":"https:\/\/aigeviatges.com\/es\/wp-json\/wp\/v2\/product"}],"about":[{"href":"https:\/\/aigeviatges.com\/es\/wp-json\/wp\/v2\/types\/product"}],"wp:featuredmedia":[{"embeddable":true,"href":"https:\/\/aigeviatges.com\/es\/wp-json\/wp\/v2\/media\/1235"}],"wp:attachment":[{"href":"https:\/\/aigeviatges.com\/es\/wp-json\/wp\/v2\/media?parent=1234"}],"wp:term":[{"taxonomy":"product_cat","embeddable":true,"href":"https:\/\/aigeviatges.com\/es\/wp-json\/wp\/v2\/product_cat?post=1234"},{"taxonomy":"product_tag","embeddable":true,"href":"https:\/\/aigeviatges.com\/es\/wp-json\/wp\/v2\/product_tag?post=1234"}],"curies":[{"name":"wp","href":"https:\/\/api.w.org\/{rel}","templated":true}]}}