{"id":1229,"date":"2021-03-08T14:25:37","date_gmt":"2021-03-08T14:25:37","guid":{"rendered":"https:\/\/aigeviatges.com\/?post_type=product&#038;p=1229"},"modified":"2021-03-08T14:46:33","modified_gmt":"2021-03-08T14:46:33","slug":"sant-marti-del-canigo-i-la-cerdanya","status":"publish","type":"product","link":"https:\/\/aigeviatges.com\/es\/producto\/san-marti-del-canigo-y-la-cerdana\/","title":{"rendered":"SANT MART\u00cd DEL CANIG\u00d3 Y LA CERDANYA"},"content":{"rendered":"<p><strong>D\u00eda 1: ORIGEN \u2013 PRULLANS \u2013 LA CERDANYA <\/strong><br \/>\nSalida en direcci\u00f3n Ponts, La Seu d&#039;Urgell hasta llegar a Prullans. Visitaremos el barrio antiguo y una queser\u00eda artesanal. Continuaci\u00f3n a Puigcerd\u00e1. Acomodaci\u00f3n en el hotel y almuerzo. Por la tarde visitaremos Puigcerd\u00e1. Cena y alojamiento.<\/p>\n<p><strong>D\u00eda 2: 4X4 SANT MART\u00cd DEL CANIG\u00d3 \u2013 VERNET LES BAINS\u00a0 <\/strong><br \/>\nSalida a Vernet les Bains. Desde aqu\u00ed realizaremos una preciosa excursi\u00f3n en 4X4 hasta el monasterio de Sant Mart\u00ed del Canig\u00f3, abad\u00eda rom\u00e1nica del siglo XI, situado a 1.100 m. de altitud, restaurado y restablecido la vida espiritual. Almuerzo en rto. Por la tarde pasearemos por Vernet les Bains, villa termal situada a pies del Canig\u00f3, tambi\u00e9n dicha estaci\u00f3n verde, por la diversidad de plantas y jardines. Regreso al hotel. Cena y alojamiento.<\/p>\n<p><strong>D\u00eda 3: LA CERDANYA \u2013 LAS \u00c1NGULOS \u2013 ORIGEN <\/strong><br \/>\nSalida a la Cerdanya francesa en un espectacular recorrido de monta\u00f1a. Nos dirigiremos hacia Les Angles, contemplando el lago de Formiguera. Se pueden ver las diferentes estaciones de esqu\u00ed: fuente Romeu, Pyren\u00e9es 2000, Puigmal, San Pedro de los Forcats, \u2026). Almuerzo en el hotel. Regreso a nuestro punto de origen.<\/p>","protected":false},"excerpt":{"rendered":"<p><strong>INCLUYE:\u00a0<\/strong><\/p>\n<ul>\n<li>Autocar de lujo<\/li>\n<li>Gu\u00eda acompa\u00f1ante de AIGE<\/li>\n<li>Hotel 3***<\/li>\n<li>Tasa tur\u00edstica<\/li>\n<li>Pensi\u00f3n completa con agua y vino<\/li>\n<li>Queser\u00eda de Prullans<\/li>\n<li>4\u00d74 en Sant Mart\u00ed del Canig\u00f3<\/li>\n<li>Seguro de asistencia en viaje<\/li>\n<\/ul>","protected":false},"featured_media":1230,"template":"","meta":[],"product_cat":[112,26],"product_tag":[],"class_list":["post-1229","product","type-product","status-publish","has-post-thumbnail","hentry","product_cat-3-dies","product_cat-grups-radials"],"yoast_head":"<!-- This site is optimized with the Yoast SEO plugin v21.7 - https:\/\/yoast.com\/wordpress\/plugins\/seo\/ -->\n<title>SANT MART\u00cd DEL CANIG\u00d3 I LA CERDANYA - AIGE Viatges<\/title>\n<meta name=\"description\" content=\"Agencia de viajes online | Descubre nuestros viajes inolvidables a SANT MART\u00cd DEL CANIG\u00d3 I LA CERDANYA\" \/>\n<meta name=\"robots\" content=\"index, follow, max-snippet:-1, max-image-preview:large, max-video-preview:-1\" \/>\n<link rel=\"canonical\" href=\"https:\/\/aigeviatges.com\/es\/producto\/san-marti-del-canigo-y-la-cerdana\/\" \/>\n<meta property=\"og:locale\" content=\"es_ES\" \/>\n<meta property=\"og:type\" content=\"article\" \/>\n<meta property=\"og:title\" content=\"SANT MART\u00cd DEL CANIG\u00d3 I LA CERDANYA - AIGE Viatges\" \/>\n<meta property=\"og:description\" content=\"Agencia de viajes online | Descubre nuestros viajes inolvidables a SANT MART\u00cd DEL CANIG\u00d3 I LA CERDANYA\" \/>\n<meta property=\"og:url\" content=\"https:\/\/aigeviatges.com\/es\/producto\/san-marti-del-canigo-y-la-cerdana\/\" \/>\n<meta property=\"og:site_name\" content=\"AIGE Viatges\" \/>\n<meta property=\"article:publisher\" content=\"https:\/\/www.facebook.com\/viatgesaige\/\" \/>\n<meta property=\"article:modified_time\" content=\"2021-03-08T14:46:33+00:00\" \/>\n<meta property=\"og:image\" content=\"https:\/\/aigeviatges.com\/wp-content\/uploads\/2021\/03\/canigo.jpg\" \/>\n\t<meta property=\"og:image:width\" content=\"700\" \/>\n\t<meta property=\"og:image:height\" content=\"466\" \/>\n\t<meta property=\"og:image:type\" content=\"image\/jpeg\" \/>\n<meta name=\"twitter:card\" content=\"summary_large_image\" \/>\n<meta name=\"twitter:label1\" content=\"Tiempo de lectura\" \/>\n\t<meta name=\"twitter:data1\" content=\"1 minuto\" \/>\n<script type=\"application\/ld+json\" class=\"yoast-schema-graph\">{\"@context\":\"https:\/\/schema.org\",\"@graph\":[{\"@type\":\"WebPage\",\"@id\":\"https:\/\/aigeviatges.com\/producto\/sant-marti-del-canigo-i-la-cerdanya\/\",\"url\":\"https:\/\/aigeviatges.com\/producto\/sant-marti-del-canigo-i-la-cerdanya\/\",\"name\":\"SANT MART\u00cd DEL CANIG\u00d3 I LA CERDANYA - AIGE Viatges\",\"isPartOf\":{\"@id\":\"https:\/\/aigeviatges.com\/#website\"},\"datePublished\":\"2021-03-08T14:25:37+00:00\",\"dateModified\":\"2021-03-08T14:46:33+00:00\",\"description\":\"Agencia de viajes online | Descubre nuestros viajes inolvidables a SANT MART\u00cd DEL CANIG\u00d3 I LA CERDANYA\",\"breadcrumb\":{\"@id\":\"https:\/\/aigeviatges.com\/producto\/sant-marti-del-canigo-i-la-cerdanya\/#breadcrumb\"},\"inLanguage\":\"es\",\"potentialAction\":[{\"@type\":\"ReadAction\",\"target\":[\"https:\/\/aigeviatges.com\/producto\/sant-marti-del-canigo-i-la-cerdanya\/\"]}]},{\"@type\":\"BreadcrumbList\",\"@id\":\"https:\/\/aigeviatges.com\/producto\/sant-marti-del-canigo-i-la-cerdanya\/#breadcrumb\",\"itemListElement\":[{\"@type\":\"ListItem\",\"position\":1,\"name\":\"Portada\",\"item\":\"https:\/\/aigeviatges.com\/\"},{\"@type\":\"ListItem\",\"position\":2,\"name\":\"Tienda\",\"item\":\"https:\/\/aigeviatges.com\/tienda-2\/\"},{\"@type\":\"ListItem\",\"position\":3,\"name\":\"SANT MART\u00cd DEL CANIG\u00d3 I LA CERDANYA\"}]},{\"@type\":\"WebSite\",\"@id\":\"https:\/\/aigeviatges.com\/#website\",\"url\":\"https:\/\/aigeviatges.com\/\",\"name\":\"AIGE Viatges\",\"description\":\"Agencia de viajes especializada en producto propio para grupos.\",\"publisher\":{\"@id\":\"https:\/\/aigeviatges.com\/#organization\"},\"potentialAction\":[{\"@type\":\"SearchAction\",\"target\":{\"@type\":\"EntryPoint\",\"urlTemplate\":\"https:\/\/aigeviatges.com\/?s={search_term_string}\"},\"query-input\":\"required name=search_term_string\"}],\"inLanguage\":\"es\"},{\"@type\":\"Organization\",\"@id\":\"https:\/\/aigeviatges.com\/#organization\",\"name\":\"AIGE Viatges\",\"url\":\"https:\/\/aigeviatges.com\/\",\"logo\":{\"@type\":\"ImageObject\",\"inLanguage\":\"es\",\"@id\":\"https:\/\/aigeviatges.com\/#\/schema\/logo\/image\/\",\"url\":\"https:\/\/aigeviatges.com\/wp-content\/uploads\/2020\/03\/aig-viatges-logo-web.png\",\"contentUrl\":\"https:\/\/aigeviatges.com\/wp-content\/uploads\/2020\/03\/aig-viatges-logo-web.png\",\"width\":600,\"height\":166,\"caption\":\"AIGE Viatges\"},\"image\":{\"@id\":\"https:\/\/aigeviatges.com\/#\/schema\/logo\/image\/\"},\"sameAs\":[\"https:\/\/www.facebook.com\/viatgesaige\/\"]}]}<\/script>\n<!-- \/ Yoast SEO plugin. -->","yoast_head_json":{"title":"SANT MART\u00cd DEL CANIG\u00d3 I LA CERDANYA - AIGE Viatges","description":"Agencia de viajes online | Descubre nuestros viajes inolvidables a SANT MART\u00cd DEL CANIG\u00d3 I LA CERDANYA","robots":{"index":"index","follow":"follow","max-snippet":"max-snippet:-1","max-image-preview":"max-image-preview:large","max-video-preview":"max-video-preview:-1"},"canonical":"https:\/\/aigeviatges.com\/es\/producto\/san-marti-del-canigo-y-la-cerdana\/","og_locale":"es_ES","og_type":"article","og_title":"SANT MART\u00cd DEL CANIG\u00d3 I LA CERDANYA - AIGE Viatges","og_description":"Agencia de viajes online | Descubre nuestros viajes inolvidables a SANT MART\u00cd DEL CANIG\u00d3 I LA CERDANYA","og_url":"https:\/\/aigeviatges.com\/es\/producto\/san-marti-del-canigo-y-la-cerdana\/","og_site_name":"AIGE Viatges","article_publisher":"https:\/\/www.facebook.com\/viatgesaige\/","article_modified_time":"2021-03-08T14:46:33+00:00","og_image":[{"width":700,"height":466,"url":"https:\/\/aigeviatges.com\/wp-content\/uploads\/2021\/03\/canigo.jpg","type":"image\/jpeg"}],"twitter_card":"summary_large_image","twitter_misc":{"Tiempo de lectura":"1 minuto"},"schema":{"@context":"https:\/\/schema.org","@graph":[{"@type":"WebPage","@id":"https:\/\/aigeviatges.com\/producto\/sant-marti-del-canigo-i-la-cerdanya\/","url":"https:\/\/aigeviatges.com\/producto\/sant-marti-del-canigo-i-la-cerdanya\/","name":"SANT MART\u00cd DEL CANIG\u00d3 I LA CERDANYA - AIGE Viatges","isPartOf":{"@id":"https:\/\/aigeviatges.com\/#website"},"datePublished":"2021-03-08T14:25:37+00:00","dateModified":"2021-03-08T14:46:33+00:00","description":"Agencia de viajes online | Descubre nuestros viajes inolvidables a SANT MART\u00cd DEL CANIG\u00d3 I LA CERDANYA","breadcrumb":{"@id":"https:\/\/aigeviatges.com\/producto\/sant-marti-del-canigo-i-la-cerdanya\/#breadcrumb"},"inLanguage":"es","potentialAction":[{"@type":"ReadAction","target":["https:\/\/aigeviatges.com\/producto\/sant-marti-del-canigo-i-la-cerdanya\/"]}]},{"@type":"BreadcrumbList","@id":"https:\/\/aigeviatges.com\/producto\/sant-marti-del-canigo-i-la-cerdanya\/#breadcrumb","itemListElement":[{"@type":"ListItem","position":1,"name":"Portada","item":"https:\/\/aigeviatges.com\/"},{"@type":"ListItem","position":2,"name":"Tienda","item":"https:\/\/aigeviatges.com\/tienda-2\/"},{"@type":"ListItem","position":3,"name":"SANT MART\u00cd DEL CANIG\u00d3 I LA CERDANYA"}]},{"@type":"WebSite","@id":"https:\/\/aigeviatges.com\/#website","url":"https:\/\/aigeviatges.com\/","name":"AIGE Viatges","description":"Agencia de viajes especializada en producto propio para grupos.","publisher":{"@id":"https:\/\/aigeviatges.com\/#organization"},"potentialAction":[{"@type":"SearchAction","target":{"@type":"EntryPoint","urlTemplate":"https:\/\/aigeviatges.com\/?s={search_term_string}"},"query-input":"required name=search_term_string"}],"inLanguage":"es"},{"@type":"Organization","@id":"https:\/\/aigeviatges.com\/#organization","name":"AIGE Viatges","url":"https:\/\/aigeviatges.com\/","logo":{"@type":"ImageObject","inLanguage":"es","@id":"https:\/\/aigeviatges.com\/#\/schema\/logo\/image\/","url":"https:\/\/aigeviatges.com\/wp-content\/uploads\/2020\/03\/aig-viatges-logo-web.png","contentUrl":"https:\/\/aigeviatges.com\/wp-content\/uploads\/2020\/03\/aig-viatges-logo-web.png","width":600,"height":166,"caption":"AIGE Viatges"},"image":{"@id":"https:\/\/aigeviatges.com\/#\/schema\/logo\/image\/"},"sameAs":["https:\/\/www.facebook.com\/viatgesaige\/"]}]}},"jetpack_sharing_enabled":true,"jetpack_likes_enabled":false,"_links":{"self":[{"href":"https:\/\/aigeviatges.com\/es\/wp-json\/wp\/v2\/product\/1229","targetHints":{"allow":["GET"]}}],"collection":[{"href":"https:\/\/aigeviatges.com\/es\/wp-json\/wp\/v2\/product"}],"about":[{"href":"https:\/\/aigeviatges.com\/es\/wp-json\/wp\/v2\/types\/product"}],"wp:featuredmedia":[{"embeddable":true,"href":"https:\/\/aigeviatges.com\/es\/wp-json\/wp\/v2\/media\/1230"}],"wp:attachment":[{"href":"https:\/\/aigeviatges.com\/es\/wp-json\/wp\/v2\/media?parent=1229"}],"wp:term":[{"taxonomy":"product_cat","embeddable":true,"href":"https:\/\/aigeviatges.com\/es\/wp-json\/wp\/v2\/product_cat?post=1229"},{"taxonomy":"product_tag","embeddable":true,"href":"https:\/\/aigeviatges.com\/es\/wp-json\/wp\/v2\/product_tag?post=1229"}],"curies":[{"name":"wp","href":"https:\/\/api.w.org\/{rel}","templated":true}]}}