{"id":1226,"date":"2021-03-08T14:04:10","date_gmt":"2021-03-08T14:04:10","guid":{"rendered":"https:\/\/aigeviatges.com\/?post_type=product&#038;p=1226"},"modified":"2023-11-14T14:29:03","modified_gmt":"2023-11-14T14:29:03","slug":"artiga-de-lin-la-vall-daran","status":"publish","type":"product","link":"https:\/\/aigeviatges.com\/es\/producto\/artiga-de-lin-el-valle-daran\/","title":{"rendered":"ARTIGA DE LIN \u2013 EL VALLE DE ARAN"},"content":{"rendered":"<p><strong>D\u00eda 1: ORIGEN \u2013 VIELHA \u2013 BAGNERAS DE LUCHON \u2013 VIELHA <\/strong><br \/>\nSalida direcci\u00f3n Balaguer y Pont de Suert. Continuaci\u00f3n en Vielha. Acomodaci\u00f3n en el hotel. Almuerzo. Por la tarde, salida hacia el Coll del Portillon a 1.320 m. de altitud hasta Bagneres de Luchon, muy conocida por los famosos balnearios que a principios del siglo pasado utilizaban la burgues\u00eda francesa. Despu\u00e9s de la visita dispondremos de tiempo libre en Vielha, para pasear por sus calles y visitar la iglesia de Sant Miquel, donde se encuentra el Cristo del Mig Aran, talla del S.XII. Cena y alojamiento.<\/p>\n<p><strong>D\u00eda 2: VIELHA \u2013 ARTIGA DE LIN 4\u00d74 \u2013 ORIGEN<\/strong><br \/>\nPor la ma\u00f1ana realizaremos una excursi\u00f3n en 4\u00d74 por una bella ruta hasta el Santuario de Artiga de Lin, desde all\u00ed, paseando entre un paisaje de frondosos bosques de abetos y hayas, llegaremos hasta Ulehs deth Joel, espectaculares cascadas de agua procedente del pico de la Maladeta. Regreso al hotel para el almuerzo. Por la tarde regreso a nuestra ciudad. Fin de nuestros servicios<\/p>","protected":false},"excerpt":{"rendered":"<p><strong>INCLUYE:\u00a0<\/strong><\/p>\n<ul>\n<li>Autocar de lujo<\/li>\n<li>Gu\u00eda acompa\u00f1ante de AIGE<\/li>\n<li>Hotel 2** o 3***<\/li>\n<li>Tasa tur\u00edstica<\/li>\n<li>Pensi\u00f3n completa con agua y vino<\/li>\n<li>4\u00d74 en Artiga de Lin<\/li>\n<li>Seguro de asistencia en viaje<\/li>\n<\/ul>","protected":false},"featured_media":1227,"template":"","meta":[],"product_cat":[26],"product_tag":[],"class_list":["post-1226","product","type-product","status-publish","has-post-thumbnail","hentry","product_cat-grups-radials"],"yoast_head":"<!-- This site is optimized with the Yoast SEO plugin v21.7 - https:\/\/yoast.com\/wordpress\/plugins\/seo\/ -->\n<title>ARTIGA DE LIN - LA VALL D&#039;ARAN - AIGE Viatges<\/title>\n<meta name=\"description\" content=\"Agencia de viajes online | Descubre nuestros viajes inolvidables a ARTIGA DE LIN - LA VALL D&#039;ARAN\" \/>\n<meta name=\"robots\" content=\"index, follow, max-snippet:-1, max-image-preview:large, max-video-preview:-1\" \/>\n<link rel=\"canonical\" href=\"https:\/\/aigeviatges.com\/es\/producto\/artiga-de-lin-el-valle-daran\/\" \/>\n<meta property=\"og:locale\" content=\"es_ES\" \/>\n<meta property=\"og:type\" content=\"article\" \/>\n<meta property=\"og:title\" content=\"ARTIGA DE LIN - LA VALL D&#039;ARAN - AIGE Viatges\" \/>\n<meta property=\"og:description\" content=\"Agencia de viajes online | Descubre nuestros viajes inolvidables a ARTIGA DE LIN - LA VALL D&#039;ARAN\" \/>\n<meta property=\"og:url\" content=\"https:\/\/aigeviatges.com\/es\/producto\/artiga-de-lin-el-valle-daran\/\" \/>\n<meta property=\"og:site_name\" content=\"AIGE Viatges\" \/>\n<meta property=\"article:publisher\" content=\"https:\/\/www.facebook.com\/viatgesaige\/\" \/>\n<meta property=\"article:modified_time\" content=\"2023-11-14T14:29:03+00:00\" \/>\n<meta property=\"og:image\" content=\"https:\/\/aigeviatges.com\/wp-content\/uploads\/2021\/03\/artiga.jpg\" \/>\n\t<meta property=\"og:image:width\" content=\"452\" \/>\n\t<meta property=\"og:image:height\" content=\"571\" \/>\n\t<meta property=\"og:image:type\" content=\"image\/jpeg\" \/>\n<meta name=\"twitter:card\" content=\"summary_large_image\" \/>\n<meta name=\"twitter:label1\" content=\"Tiempo de lectura\" \/>\n\t<meta name=\"twitter:data1\" content=\"1 minuto\" \/>\n<script type=\"application\/ld+json\" class=\"yoast-schema-graph\">{\"@context\":\"https:\/\/schema.org\",\"@graph\":[{\"@type\":\"WebPage\",\"@id\":\"https:\/\/aigeviatges.com\/producto\/artiga-de-lin-la-vall-daran\/\",\"url\":\"https:\/\/aigeviatges.com\/producto\/artiga-de-lin-la-vall-daran\/\",\"name\":\"ARTIGA DE LIN - LA VALL D'ARAN - AIGE Viatges\",\"isPartOf\":{\"@id\":\"https:\/\/aigeviatges.com\/#website\"},\"datePublished\":\"2021-03-08T14:04:10+00:00\",\"dateModified\":\"2023-11-14T14:29:03+00:00\",\"description\":\"Agencia de viajes online | Descubre nuestros viajes inolvidables a ARTIGA DE LIN - LA VALL D'ARAN\",\"breadcrumb\":{\"@id\":\"https:\/\/aigeviatges.com\/producto\/artiga-de-lin-la-vall-daran\/#breadcrumb\"},\"inLanguage\":\"es\",\"potentialAction\":[{\"@type\":\"ReadAction\",\"target\":[\"https:\/\/aigeviatges.com\/producto\/artiga-de-lin-la-vall-daran\/\"]}]},{\"@type\":\"BreadcrumbList\",\"@id\":\"https:\/\/aigeviatges.com\/producto\/artiga-de-lin-la-vall-daran\/#breadcrumb\",\"itemListElement\":[{\"@type\":\"ListItem\",\"position\":1,\"name\":\"Portada\",\"item\":\"https:\/\/aigeviatges.com\/\"},{\"@type\":\"ListItem\",\"position\":2,\"name\":\"Tienda\",\"item\":\"https:\/\/aigeviatges.com\/tienda-2\/\"},{\"@type\":\"ListItem\",\"position\":3,\"name\":\"ARTIGA DE LIN &#8211; LA VALL D&#8217;ARAN\"}]},{\"@type\":\"WebSite\",\"@id\":\"https:\/\/aigeviatges.com\/#website\",\"url\":\"https:\/\/aigeviatges.com\/\",\"name\":\"AIGE Viatges\",\"description\":\"Agencia de viajes especializada en producto propio para grupos.\",\"publisher\":{\"@id\":\"https:\/\/aigeviatges.com\/#organization\"},\"potentialAction\":[{\"@type\":\"SearchAction\",\"target\":{\"@type\":\"EntryPoint\",\"urlTemplate\":\"https:\/\/aigeviatges.com\/?s={search_term_string}\"},\"query-input\":\"required name=search_term_string\"}],\"inLanguage\":\"es\"},{\"@type\":\"Organization\",\"@id\":\"https:\/\/aigeviatges.com\/#organization\",\"name\":\"AIGE Viatges\",\"url\":\"https:\/\/aigeviatges.com\/\",\"logo\":{\"@type\":\"ImageObject\",\"inLanguage\":\"es\",\"@id\":\"https:\/\/aigeviatges.com\/#\/schema\/logo\/image\/\",\"url\":\"https:\/\/aigeviatges.com\/wp-content\/uploads\/2020\/03\/aig-viatges-logo-web.png\",\"contentUrl\":\"https:\/\/aigeviatges.com\/wp-content\/uploads\/2020\/03\/aig-viatges-logo-web.png\",\"width\":600,\"height\":166,\"caption\":\"AIGE Viatges\"},\"image\":{\"@id\":\"https:\/\/aigeviatges.com\/#\/schema\/logo\/image\/\"},\"sameAs\":[\"https:\/\/www.facebook.com\/viatgesaige\/\"]}]}<\/script>\n<!-- \/ Yoast SEO plugin. -->","yoast_head_json":{"title":"ARTIGA DE LIN - LA VALL D'ARAN - AIGE Viatges","description":"Agencia de viajes online | Descubre nuestros viajes inolvidables a ARTIGA DE LIN - LA VALL D'ARAN","robots":{"index":"index","follow":"follow","max-snippet":"max-snippet:-1","max-image-preview":"max-image-preview:large","max-video-preview":"max-video-preview:-1"},"canonical":"https:\/\/aigeviatges.com\/es\/producto\/artiga-de-lin-el-valle-daran\/","og_locale":"es_ES","og_type":"article","og_title":"ARTIGA DE LIN - LA VALL D'ARAN - AIGE Viatges","og_description":"Agencia de viajes online | Descubre nuestros viajes inolvidables a ARTIGA DE LIN - LA VALL D'ARAN","og_url":"https:\/\/aigeviatges.com\/es\/producto\/artiga-de-lin-el-valle-daran\/","og_site_name":"AIGE Viatges","article_publisher":"https:\/\/www.facebook.com\/viatgesaige\/","article_modified_time":"2023-11-14T14:29:03+00:00","og_image":[{"width":452,"height":571,"url":"https:\/\/aigeviatges.com\/wp-content\/uploads\/2021\/03\/artiga.jpg","type":"image\/jpeg"}],"twitter_card":"summary_large_image","twitter_misc":{"Tiempo de lectura":"1 minuto"},"schema":{"@context":"https:\/\/schema.org","@graph":[{"@type":"WebPage","@id":"https:\/\/aigeviatges.com\/producto\/artiga-de-lin-la-vall-daran\/","url":"https:\/\/aigeviatges.com\/producto\/artiga-de-lin-la-vall-daran\/","name":"ARTIGA DE LIN - LA VALL D'ARAN - AIGE Viatges","isPartOf":{"@id":"https:\/\/aigeviatges.com\/#website"},"datePublished":"2021-03-08T14:04:10+00:00","dateModified":"2023-11-14T14:29:03+00:00","description":"Agencia de viajes online | Descubre nuestros viajes inolvidables a ARTIGA DE LIN - LA VALL D'ARAN","breadcrumb":{"@id":"https:\/\/aigeviatges.com\/producto\/artiga-de-lin-la-vall-daran\/#breadcrumb"},"inLanguage":"es","potentialAction":[{"@type":"ReadAction","target":["https:\/\/aigeviatges.com\/producto\/artiga-de-lin-la-vall-daran\/"]}]},{"@type":"BreadcrumbList","@id":"https:\/\/aigeviatges.com\/producto\/artiga-de-lin-la-vall-daran\/#breadcrumb","itemListElement":[{"@type":"ListItem","position":1,"name":"Portada","item":"https:\/\/aigeviatges.com\/"},{"@type":"ListItem","position":2,"name":"Tienda","item":"https:\/\/aigeviatges.com\/tienda-2\/"},{"@type":"ListItem","position":3,"name":"ARTIGA DE LIN &#8211; LA VALL D&#8217;ARAN"}]},{"@type":"WebSite","@id":"https:\/\/aigeviatges.com\/#website","url":"https:\/\/aigeviatges.com\/","name":"AIGE Viatges","description":"Agencia de viajes especializada en producto propio para grupos.","publisher":{"@id":"https:\/\/aigeviatges.com\/#organization"},"potentialAction":[{"@type":"SearchAction","target":{"@type":"EntryPoint","urlTemplate":"https:\/\/aigeviatges.com\/?s={search_term_string}"},"query-input":"required name=search_term_string"}],"inLanguage":"es"},{"@type":"Organization","@id":"https:\/\/aigeviatges.com\/#organization","name":"AIGE Viatges","url":"https:\/\/aigeviatges.com\/","logo":{"@type":"ImageObject","inLanguage":"es","@id":"https:\/\/aigeviatges.com\/#\/schema\/logo\/image\/","url":"https:\/\/aigeviatges.com\/wp-content\/uploads\/2020\/03\/aig-viatges-logo-web.png","contentUrl":"https:\/\/aigeviatges.com\/wp-content\/uploads\/2020\/03\/aig-viatges-logo-web.png","width":600,"height":166,"caption":"AIGE Viatges"},"image":{"@id":"https:\/\/aigeviatges.com\/#\/schema\/logo\/image\/"},"sameAs":["https:\/\/www.facebook.com\/viatgesaige\/"]}]}},"jetpack_sharing_enabled":true,"jetpack_likes_enabled":false,"_links":{"self":[{"href":"https:\/\/aigeviatges.com\/es\/wp-json\/wp\/v2\/product\/1226","targetHints":{"allow":["GET"]}}],"collection":[{"href":"https:\/\/aigeviatges.com\/es\/wp-json\/wp\/v2\/product"}],"about":[{"href":"https:\/\/aigeviatges.com\/es\/wp-json\/wp\/v2\/types\/product"}],"wp:featuredmedia":[{"embeddable":true,"href":"https:\/\/aigeviatges.com\/es\/wp-json\/wp\/v2\/media\/1227"}],"wp:attachment":[{"href":"https:\/\/aigeviatges.com\/es\/wp-json\/wp\/v2\/media?parent=1226"}],"wp:term":[{"taxonomy":"product_cat","embeddable":true,"href":"https:\/\/aigeviatges.com\/es\/wp-json\/wp\/v2\/product_cat?post=1226"},{"taxonomy":"product_tag","embeddable":true,"href":"https:\/\/aigeviatges.com\/es\/wp-json\/wp\/v2\/product_tag?post=1226"}],"curies":[{"name":"wp","href":"https:\/\/api.w.org\/{rel}","templated":true}]}}