{"id":1224,"date":"2021-03-08T13:51:40","date_gmt":"2021-03-08T13:51:40","guid":{"rendered":"https:\/\/aigeviatges.com\/?post_type=product&#038;p=1224"},"modified":"2021-03-08T13:51:40","modified_gmt":"2021-03-08T13:51:40","slug":"p-n-d-ordesa-ainsa-i-alquezar","status":"publish","type":"product","link":"https:\/\/aigeviatges.com\/es\/producto\/pnd-ordesa-ainsa-y-alquezar\/","title":{"rendered":"PN DE ORDESA, A\u00cdNSA Y ALQU\u00c9ZAR"},"content":{"rendered":"<p><strong>D\u00eda 1: ORIGEN - BARBASTRO - AINSA - SABI\u00d1ANIGO <\/strong><br \/>\nSalida direcci\u00f3n L\u00e9rida y Barbastro. Dispondremos de tiempo libre para visitar esta bella poblaci\u00f3n que esconde entre sus calles y el conjunto del casco antiguo, obras de arte cargadas de historia. Continuaci\u00f3n a Ainsa, poblaci\u00f3n medieval, capital del antiguo Reino del Sobrabe. Llegada y almuerzo. Por la tarde, visitaremos Ainsa. Destaca los restos de la torre y murallas del castillo, plaza mayor, iglesia de Santa Maria, calles t\u00edpicas con tiendas de productos artesanales, etc. Continuaremos en Sabi\u00f1\u00e1nigo, cena y alojamiento en el hotel.<\/p>\n<p><strong>D\u00eda 2: PARQUE NACIONAL DE ORDESA EN 4\u00d74 <\/strong><br \/>\nSalida a Torla. Excursi\u00f3n en 4\u00d74 en el Parque de Ordesa. Atravesaremos el R\u00edo Ara por el Puente Rom\u00e1nico de la Glera, ascenderemos hasta el Pla de Diazas. En este punto haremos una parada, pasando por la ermita de Santa Ana con la panor\u00e1mica del Valle de Ara o Broto, que nos permite contemplar en el norte la cresta del Vignemale y Sierra Tende\u00f1era. Continuaremos en el Molar, desde la que tenemos una amplia perspectiva del Valle de Bujaruelo, el llano de Ordesa, el Tozal del Mallo y el circo de Carriata, podremos ver las cinco cadenas monta\u00f1osas del pre-Pirineos: Pe\u00f1a Monta\u00f1esa, Sierra de Guara, el Moncayo etc. Almuerzo en rto. Por la tarde, regreso al hotel. Cena y alojamiento.<\/p>\n<p><strong>D\u00eda 3: SABI\u00d1ANIGO \u2013 ALQUEZAR \u2013 ORIGEN <\/strong><br \/>\nDesayuno en el hotel. Por la ma\u00f1ana visitaremos Alqu\u00e9zar, un viaje al pasado junto a un impresionante paisaje. Los or\u00edgenes de la villa se remontan a principios del siglo IX, cuando los musulmanes levantaron una fortificaci\u00f3n para defender a Barbastro frente a los cristianos. Alqu\u00e9zar, cuyo top\u00f3nimo proviene del vocablo \u00e1rabe &#039;Al-Qasr&#039; (&#039;fortaleza&#039;), se sit\u00faa a los pies de la sierra de Guar\u00e0. Entre el patrimonio arquitect\u00f3nico destaca la Colegiata, de origen rom\u00e1nico, y la fortaleza, declarados Conjunto Hist\u00f3rico Art\u00edstico en 1966. Almuerzo en rto. Regreso a nuestra ciudad.<\/p>","protected":false},"excerpt":{"rendered":"<p><strong>INCLUYE:\u00a0<\/strong><\/p>\n<ul>\n<li>Autocar de lujo<\/li>\n<li>Gu\u00eda acompa\u00f1ante de AIGE<\/li>\n<li>Hotel 2** o 3***<\/li>\n<li>Pensi\u00f3n completa con agua y vino<\/li>\n<li>4\u00d74 en el PN de Ordesa<\/li>\n<li>Seguro de asistencia en viaje<\/li>\n<\/ul>","protected":false},"featured_media":1225,"template":"","meta":[],"product_cat":[112,26],"product_tag":[],"class_list":["post-1224","product","type-product","status-publish","has-post-thumbnail","hentry","product_cat-3-dies","product_cat-grups-radials"],"yoast_head":"<!-- This site is optimized with the Yoast SEO plugin v21.7 - https:\/\/yoast.com\/wordpress\/plugins\/seo\/ -->\n<title>P.N. D&#039; ORDESA, A\u00cdNSA I ALQU\u00c9ZAR - AIGE Viatges<\/title>\n<meta name=\"description\" content=\"Agencia de viajes online | Descubre nuestros viajes inolvidables a P.N. D&#039; ORDESA, A\u00cdNSA I ALQU\u00c9ZAR\" \/>\n<meta name=\"robots\" content=\"index, follow, max-snippet:-1, max-image-preview:large, max-video-preview:-1\" \/>\n<link rel=\"canonical\" href=\"https:\/\/aigeviatges.com\/es\/producto\/pnd-ordesa-ainsa-y-alquezar\/\" \/>\n<meta property=\"og:locale\" content=\"es_ES\" \/>\n<meta property=\"og:type\" content=\"article\" \/>\n<meta property=\"og:title\" content=\"P.N. D&#039; ORDESA, A\u00cdNSA I ALQU\u00c9ZAR - AIGE Viatges\" \/>\n<meta property=\"og:description\" content=\"Agencia de viajes online | Descubre nuestros viajes inolvidables a P.N. D&#039; ORDESA, A\u00cdNSA I ALQU\u00c9ZAR\" \/>\n<meta property=\"og:url\" content=\"https:\/\/aigeviatges.com\/es\/producto\/pnd-ordesa-ainsa-y-alquezar\/\" \/>\n<meta property=\"og:site_name\" content=\"AIGE Viatges\" \/>\n<meta property=\"article:publisher\" content=\"https:\/\/www.facebook.com\/viatgesaige\/\" \/>\n<meta property=\"og:image\" content=\"https:\/\/aigeviatges.com\/wp-content\/uploads\/2021\/03\/alquezar.jpg\" \/>\n\t<meta property=\"og:image:width\" content=\"649\" \/>\n\t<meta property=\"og:image:height\" content=\"448\" \/>\n\t<meta property=\"og:image:type\" content=\"image\/jpeg\" \/>\n<meta name=\"twitter:card\" content=\"summary_large_image\" \/>\n<meta name=\"twitter:label1\" content=\"Tiempo de lectura\" \/>\n\t<meta name=\"twitter:data1\" content=\"2 minutos\" \/>\n<script type=\"application\/ld+json\" class=\"yoast-schema-graph\">{\"@context\":\"https:\/\/schema.org\",\"@graph\":[{\"@type\":\"WebPage\",\"@id\":\"https:\/\/aigeviatges.com\/producto\/p-n-d-ordesa-ainsa-i-alquezar\/\",\"url\":\"https:\/\/aigeviatges.com\/producto\/p-n-d-ordesa-ainsa-i-alquezar\/\",\"name\":\"P.N. D' ORDESA, A\u00cdNSA I ALQU\u00c9ZAR - AIGE Viatges\",\"isPartOf\":{\"@id\":\"https:\/\/aigeviatges.com\/#website\"},\"datePublished\":\"2021-03-08T13:51:40+00:00\",\"dateModified\":\"2021-03-08T13:51:40+00:00\",\"description\":\"Agencia de viajes online | Descubre nuestros viajes inolvidables a P.N. D' ORDESA, A\u00cdNSA I ALQU\u00c9ZAR\",\"breadcrumb\":{\"@id\":\"https:\/\/aigeviatges.com\/producto\/p-n-d-ordesa-ainsa-i-alquezar\/#breadcrumb\"},\"inLanguage\":\"es\",\"potentialAction\":[{\"@type\":\"ReadAction\",\"target\":[\"https:\/\/aigeviatges.com\/producto\/p-n-d-ordesa-ainsa-i-alquezar\/\"]}]},{\"@type\":\"BreadcrumbList\",\"@id\":\"https:\/\/aigeviatges.com\/producto\/p-n-d-ordesa-ainsa-i-alquezar\/#breadcrumb\",\"itemListElement\":[{\"@type\":\"ListItem\",\"position\":1,\"name\":\"Portada\",\"item\":\"https:\/\/aigeviatges.com\/\"},{\"@type\":\"ListItem\",\"position\":2,\"name\":\"Tienda\",\"item\":\"https:\/\/aigeviatges.com\/tienda-2\/\"},{\"@type\":\"ListItem\",\"position\":3,\"name\":\"P.N. D&#8217; ORDESA, A\u00cdNSA I ALQU\u00c9ZAR\"}]},{\"@type\":\"WebSite\",\"@id\":\"https:\/\/aigeviatges.com\/#website\",\"url\":\"https:\/\/aigeviatges.com\/\",\"name\":\"AIGE Viatges\",\"description\":\"Agencia de viajes especializada en producto propio para grupos.\",\"publisher\":{\"@id\":\"https:\/\/aigeviatges.com\/#organization\"},\"potentialAction\":[{\"@type\":\"SearchAction\",\"target\":{\"@type\":\"EntryPoint\",\"urlTemplate\":\"https:\/\/aigeviatges.com\/?s={search_term_string}\"},\"query-input\":\"required name=search_term_string\"}],\"inLanguage\":\"es\"},{\"@type\":\"Organization\",\"@id\":\"https:\/\/aigeviatges.com\/#organization\",\"name\":\"AIGE Viatges\",\"url\":\"https:\/\/aigeviatges.com\/\",\"logo\":{\"@type\":\"ImageObject\",\"inLanguage\":\"es\",\"@id\":\"https:\/\/aigeviatges.com\/#\/schema\/logo\/image\/\",\"url\":\"https:\/\/aigeviatges.com\/wp-content\/uploads\/2020\/03\/aig-viatges-logo-web.png\",\"contentUrl\":\"https:\/\/aigeviatges.com\/wp-content\/uploads\/2020\/03\/aig-viatges-logo-web.png\",\"width\":600,\"height\":166,\"caption\":\"AIGE Viatges\"},\"image\":{\"@id\":\"https:\/\/aigeviatges.com\/#\/schema\/logo\/image\/\"},\"sameAs\":[\"https:\/\/www.facebook.com\/viatgesaige\/\"]}]}<\/script>\n<!-- \/ Yoast SEO plugin. -->","yoast_head_json":{"title":"P.N. D' ORDESA, A\u00cdNSA I ALQU\u00c9ZAR - AIGE Viatges","description":"Agencia de viajes online | Descubre nuestros viajes inolvidables a P.N. D' ORDESA, A\u00cdNSA I ALQU\u00c9ZAR","robots":{"index":"index","follow":"follow","max-snippet":"max-snippet:-1","max-image-preview":"max-image-preview:large","max-video-preview":"max-video-preview:-1"},"canonical":"https:\/\/aigeviatges.com\/es\/producto\/pnd-ordesa-ainsa-y-alquezar\/","og_locale":"es_ES","og_type":"article","og_title":"P.N. D' ORDESA, A\u00cdNSA I ALQU\u00c9ZAR - AIGE Viatges","og_description":"Agencia de viajes online | Descubre nuestros viajes inolvidables a P.N. D' ORDESA, A\u00cdNSA I ALQU\u00c9ZAR","og_url":"https:\/\/aigeviatges.com\/es\/producto\/pnd-ordesa-ainsa-y-alquezar\/","og_site_name":"AIGE Viatges","article_publisher":"https:\/\/www.facebook.com\/viatgesaige\/","og_image":[{"width":649,"height":448,"url":"https:\/\/aigeviatges.com\/wp-content\/uploads\/2021\/03\/alquezar.jpg","type":"image\/jpeg"}],"twitter_card":"summary_large_image","twitter_misc":{"Tiempo de lectura":"2 minutos"},"schema":{"@context":"https:\/\/schema.org","@graph":[{"@type":"WebPage","@id":"https:\/\/aigeviatges.com\/producto\/p-n-d-ordesa-ainsa-i-alquezar\/","url":"https:\/\/aigeviatges.com\/producto\/p-n-d-ordesa-ainsa-i-alquezar\/","name":"P.N. D' ORDESA, A\u00cdNSA I ALQU\u00c9ZAR - AIGE Viatges","isPartOf":{"@id":"https:\/\/aigeviatges.com\/#website"},"datePublished":"2021-03-08T13:51:40+00:00","dateModified":"2021-03-08T13:51:40+00:00","description":"Agencia de viajes online | Descubre nuestros viajes inolvidables a P.N. D' ORDESA, A\u00cdNSA I ALQU\u00c9ZAR","breadcrumb":{"@id":"https:\/\/aigeviatges.com\/producto\/p-n-d-ordesa-ainsa-i-alquezar\/#breadcrumb"},"inLanguage":"es","potentialAction":[{"@type":"ReadAction","target":["https:\/\/aigeviatges.com\/producto\/p-n-d-ordesa-ainsa-i-alquezar\/"]}]},{"@type":"BreadcrumbList","@id":"https:\/\/aigeviatges.com\/producto\/p-n-d-ordesa-ainsa-i-alquezar\/#breadcrumb","itemListElement":[{"@type":"ListItem","position":1,"name":"Portada","item":"https:\/\/aigeviatges.com\/"},{"@type":"ListItem","position":2,"name":"Tienda","item":"https:\/\/aigeviatges.com\/tienda-2\/"},{"@type":"ListItem","position":3,"name":"P.N. D&#8217; ORDESA, A\u00cdNSA I ALQU\u00c9ZAR"}]},{"@type":"WebSite","@id":"https:\/\/aigeviatges.com\/#website","url":"https:\/\/aigeviatges.com\/","name":"AIGE Viatges","description":"Agencia de viajes especializada en producto propio para grupos.","publisher":{"@id":"https:\/\/aigeviatges.com\/#organization"},"potentialAction":[{"@type":"SearchAction","target":{"@type":"EntryPoint","urlTemplate":"https:\/\/aigeviatges.com\/?s={search_term_string}"},"query-input":"required name=search_term_string"}],"inLanguage":"es"},{"@type":"Organization","@id":"https:\/\/aigeviatges.com\/#organization","name":"AIGE Viatges","url":"https:\/\/aigeviatges.com\/","logo":{"@type":"ImageObject","inLanguage":"es","@id":"https:\/\/aigeviatges.com\/#\/schema\/logo\/image\/","url":"https:\/\/aigeviatges.com\/wp-content\/uploads\/2020\/03\/aig-viatges-logo-web.png","contentUrl":"https:\/\/aigeviatges.com\/wp-content\/uploads\/2020\/03\/aig-viatges-logo-web.png","width":600,"height":166,"caption":"AIGE Viatges"},"image":{"@id":"https:\/\/aigeviatges.com\/#\/schema\/logo\/image\/"},"sameAs":["https:\/\/www.facebook.com\/viatgesaige\/"]}]}},"jetpack_sharing_enabled":true,"jetpack_likes_enabled":false,"_links":{"self":[{"href":"https:\/\/aigeviatges.com\/es\/wp-json\/wp\/v2\/product\/1224","targetHints":{"allow":["GET"]}}],"collection":[{"href":"https:\/\/aigeviatges.com\/es\/wp-json\/wp\/v2\/product"}],"about":[{"href":"https:\/\/aigeviatges.com\/es\/wp-json\/wp\/v2\/types\/product"}],"wp:featuredmedia":[{"embeddable":true,"href":"https:\/\/aigeviatges.com\/es\/wp-json\/wp\/v2\/media\/1225"}],"wp:attachment":[{"href":"https:\/\/aigeviatges.com\/es\/wp-json\/wp\/v2\/media?parent=1224"}],"wp:term":[{"taxonomy":"product_cat","embeddable":true,"href":"https:\/\/aigeviatges.com\/es\/wp-json\/wp\/v2\/product_cat?post=1224"},{"taxonomy":"product_tag","embeddable":true,"href":"https:\/\/aigeviatges.com\/es\/wp-json\/wp\/v2\/product_tag?post=1224"}],"curies":[{"name":"wp","href":"https:\/\/api.w.org\/{rel}","templated":true}]}}