{"id":1218,"date":"2021-03-08T13:23:08","date_gmt":"2021-03-08T13:23:08","guid":{"rendered":"https:\/\/aigeviatges.com\/?post_type=product&#038;p=1218"},"modified":"2023-11-14T14:29:14","modified_gmt":"2023-11-14T14:29:14","slug":"p-n-aiguestortes-i-tavascan","status":"publish","type":"product","link":"https:\/\/aigeviatges.com\/es\/producto\/pn-aiguestortes-y-tavascan\/","title":{"rendered":"PN AIG\u00dcESTORTES Y TAVASCAN"},"content":{"rendered":"<p><strong>D\u00eda 1: ORIGEN - TAVASCAN<\/strong><br \/>\nSalida en direcci\u00f3n Balaguer haciendo parada para el desayuno (no incluido). Seguiremos ruta por Camarasa, Tremp, Gerri de Sal y Sort, llegaremos a nuestro hotel. Entrega de habitaciones. Acomodaci\u00f3n y almuerzo. Por la tarde realizaremos una excursi\u00f3n a La Vall de Card\u00f3s. Seguiremos la ruta por la acera de los r\u00edos Tavascan y Ladorre podremos disfrutar de la tranquilidad y ambiente que nos ofrece este paraje natural de gran belleza, pasaremos por pueblos como Ribera de Card\u00f3s, Lladr\u00f3s y Tavascan, destaca el puente de piedra, con un estilo rom\u00e1nico del siglo XIII, que hasta 1960 un\u00eda la villa con el arrabal. Cena y alojamiento en el hotel.<\/p>\n<p><strong>D\u00eda 2: 4\u00d74 ESTA\u00d1O SAN MAURICI \u2013 SEMILLA \u2013 ORIGEN<\/strong><br \/>\nDesayuno en el hotel y salida a Espot. Cogeremos los 4\u00d74 hasta el lago de Sant Maurici en el Parque natural de Aig\u00fcestortes. Desde el Estany podremos ver los Encantats, aut\u00e9ntico s\u00edmbolo del Parque Nacional (Encanto Grande de 2.745 m. y Encantat Petit de 2.725 m.), la Roca del Estany de 2.505 m. y el Portarr\u00f3 de Espot de 2.428 m. De regreso al hotel, realizaremos una breve parada en Llavors\u00cd, famoso por las pr\u00e1cticas deportivas que se llevan a cabo en esta zona, especialmente el rafting ya que el r\u00edo Noguera permite grandes descensos. Almuerzo en el hotel. Por la tarde regreso a nuestra ciudad de origen.<\/p>","protected":false},"excerpt":{"rendered":"<p><strong>INCLUYE:\u00a0<\/strong><\/p>\n<ul>\n<li>Autocar de lujo<\/li>\n<li>Gu\u00eda acompa\u00f1ante de AIGE<\/li>\n<li>Hotel 3*** o 4****<\/li>\n<li>Tasa tur\u00edstica<\/li>\n<li>Pensi\u00f3n completa con agua y vino<\/li>\n<li>4\u00d74 en el estanque de Sant Maurici<\/li>\n<li>Seguro de asistencia en viaje<\/li>\n<\/ul>","protected":false},"featured_media":1219,"template":"","meta":[],"product_cat":[26],"product_tag":[],"class_list":["post-1218","product","type-product","status-publish","has-post-thumbnail","hentry","product_cat-grups-radials"],"yoast_head":"<!-- This site is optimized with the Yoast SEO plugin v21.7 - https:\/\/yoast.com\/wordpress\/plugins\/seo\/ -->\n<title>P.N. AIG\u00dcESTORTES I TAVASCAN - AIGE Viatges<\/title>\n<meta name=\"description\" content=\"Agencia de viajes online | Descubre nuestros viajes inolvidables a P.N. AIG\u00dcESTORTES I TAVASCAN\" \/>\n<meta name=\"robots\" content=\"index, follow, max-snippet:-1, max-image-preview:large, max-video-preview:-1\" \/>\n<link rel=\"canonical\" href=\"https:\/\/aigeviatges.com\/es\/producto\/pn-aiguestortes-y-tavascan\/\" \/>\n<meta property=\"og:locale\" content=\"es_ES\" \/>\n<meta property=\"og:type\" content=\"article\" \/>\n<meta property=\"og:title\" content=\"P.N. AIG\u00dcESTORTES I TAVASCAN - AIGE Viatges\" \/>\n<meta property=\"og:description\" content=\"Agencia de viajes online | Descubre nuestros viajes inolvidables a P.N. AIG\u00dcESTORTES I TAVASCAN\" \/>\n<meta property=\"og:url\" content=\"https:\/\/aigeviatges.com\/es\/producto\/pn-aiguestortes-y-tavascan\/\" \/>\n<meta property=\"og:site_name\" content=\"AIGE Viatges\" \/>\n<meta property=\"article:publisher\" content=\"https:\/\/www.facebook.com\/viatgesaige\/\" \/>\n<meta property=\"article:modified_time\" content=\"2023-11-14T14:29:14+00:00\" \/>\n<meta property=\"og:image\" content=\"https:\/\/aigeviatges.com\/wp-content\/uploads\/2021\/03\/SANT-MAURICI.png\" \/>\n\t<meta property=\"og:image:width\" content=\"1024\" \/>\n\t<meta property=\"og:image:height\" content=\"768\" \/>\n\t<meta property=\"og:image:type\" content=\"image\/png\" \/>\n<meta name=\"twitter:card\" content=\"summary_large_image\" \/>\n<meta name=\"twitter:label1\" content=\"Tiempo de lectura\" \/>\n\t<meta name=\"twitter:data1\" content=\"1 minuto\" \/>\n<script type=\"application\/ld+json\" class=\"yoast-schema-graph\">{\"@context\":\"https:\/\/schema.org\",\"@graph\":[{\"@type\":\"WebPage\",\"@id\":\"https:\/\/aigeviatges.com\/producto\/p-n-aiguestortes-i-tavascan\/\",\"url\":\"https:\/\/aigeviatges.com\/producto\/p-n-aiguestortes-i-tavascan\/\",\"name\":\"P.N. AIG\u00dcESTORTES I TAVASCAN - AIGE Viatges\",\"isPartOf\":{\"@id\":\"https:\/\/aigeviatges.com\/#website\"},\"datePublished\":\"2021-03-08T13:23:08+00:00\",\"dateModified\":\"2023-11-14T14:29:14+00:00\",\"description\":\"Agencia de viajes online | Descubre nuestros viajes inolvidables a P.N. AIG\u00dcESTORTES I TAVASCAN\",\"breadcrumb\":{\"@id\":\"https:\/\/aigeviatges.com\/producto\/p-n-aiguestortes-i-tavascan\/#breadcrumb\"},\"inLanguage\":\"es\",\"potentialAction\":[{\"@type\":\"ReadAction\",\"target\":[\"https:\/\/aigeviatges.com\/producto\/p-n-aiguestortes-i-tavascan\/\"]}]},{\"@type\":\"BreadcrumbList\",\"@id\":\"https:\/\/aigeviatges.com\/producto\/p-n-aiguestortes-i-tavascan\/#breadcrumb\",\"itemListElement\":[{\"@type\":\"ListItem\",\"position\":1,\"name\":\"Portada\",\"item\":\"https:\/\/aigeviatges.com\/\"},{\"@type\":\"ListItem\",\"position\":2,\"name\":\"Tienda\",\"item\":\"https:\/\/aigeviatges.com\/tienda-2\/\"},{\"@type\":\"ListItem\",\"position\":3,\"name\":\"P.N. AIG\u00dcESTORTES I TAVASCAN\"}]},{\"@type\":\"WebSite\",\"@id\":\"https:\/\/aigeviatges.com\/#website\",\"url\":\"https:\/\/aigeviatges.com\/\",\"name\":\"AIGE Viatges\",\"description\":\"Agencia de viajes especializada en producto propio para grupos.\",\"publisher\":{\"@id\":\"https:\/\/aigeviatges.com\/#organization\"},\"potentialAction\":[{\"@type\":\"SearchAction\",\"target\":{\"@type\":\"EntryPoint\",\"urlTemplate\":\"https:\/\/aigeviatges.com\/?s={search_term_string}\"},\"query-input\":\"required name=search_term_string\"}],\"inLanguage\":\"es\"},{\"@type\":\"Organization\",\"@id\":\"https:\/\/aigeviatges.com\/#organization\",\"name\":\"AIGE Viatges\",\"url\":\"https:\/\/aigeviatges.com\/\",\"logo\":{\"@type\":\"ImageObject\",\"inLanguage\":\"es\",\"@id\":\"https:\/\/aigeviatges.com\/#\/schema\/logo\/image\/\",\"url\":\"https:\/\/aigeviatges.com\/wp-content\/uploads\/2020\/03\/aig-viatges-logo-web.png\",\"contentUrl\":\"https:\/\/aigeviatges.com\/wp-content\/uploads\/2020\/03\/aig-viatges-logo-web.png\",\"width\":600,\"height\":166,\"caption\":\"AIGE Viatges\"},\"image\":{\"@id\":\"https:\/\/aigeviatges.com\/#\/schema\/logo\/image\/\"},\"sameAs\":[\"https:\/\/www.facebook.com\/viatgesaige\/\"]}]}<\/script>\n<!-- \/ Yoast SEO plugin. -->","yoast_head_json":{"title":"P.N. AIG\u00dcESTORTES I TAVASCAN - AIGE Viatges","description":"Agencia de viajes online | Descubre nuestros viajes inolvidables a P.N. AIG\u00dcESTORTES I TAVASCAN","robots":{"index":"index","follow":"follow","max-snippet":"max-snippet:-1","max-image-preview":"max-image-preview:large","max-video-preview":"max-video-preview:-1"},"canonical":"https:\/\/aigeviatges.com\/es\/producto\/pn-aiguestortes-y-tavascan\/","og_locale":"es_ES","og_type":"article","og_title":"P.N. AIG\u00dcESTORTES I TAVASCAN - AIGE Viatges","og_description":"Agencia de viajes online | Descubre nuestros viajes inolvidables a P.N. AIG\u00dcESTORTES I TAVASCAN","og_url":"https:\/\/aigeviatges.com\/es\/producto\/pn-aiguestortes-y-tavascan\/","og_site_name":"AIGE Viatges","article_publisher":"https:\/\/www.facebook.com\/viatgesaige\/","article_modified_time":"2023-11-14T14:29:14+00:00","og_image":[{"width":1024,"height":768,"url":"https:\/\/aigeviatges.com\/wp-content\/uploads\/2021\/03\/SANT-MAURICI.png","type":"image\/png"}],"twitter_card":"summary_large_image","twitter_misc":{"Tiempo de lectura":"1 minuto"},"schema":{"@context":"https:\/\/schema.org","@graph":[{"@type":"WebPage","@id":"https:\/\/aigeviatges.com\/producto\/p-n-aiguestortes-i-tavascan\/","url":"https:\/\/aigeviatges.com\/producto\/p-n-aiguestortes-i-tavascan\/","name":"P.N. AIG\u00dcESTORTES I TAVASCAN - AIGE Viatges","isPartOf":{"@id":"https:\/\/aigeviatges.com\/#website"},"datePublished":"2021-03-08T13:23:08+00:00","dateModified":"2023-11-14T14:29:14+00:00","description":"Agencia de viajes online | Descubre nuestros viajes inolvidables a P.N. AIG\u00dcESTORTES I TAVASCAN","breadcrumb":{"@id":"https:\/\/aigeviatges.com\/producto\/p-n-aiguestortes-i-tavascan\/#breadcrumb"},"inLanguage":"es","potentialAction":[{"@type":"ReadAction","target":["https:\/\/aigeviatges.com\/producto\/p-n-aiguestortes-i-tavascan\/"]}]},{"@type":"BreadcrumbList","@id":"https:\/\/aigeviatges.com\/producto\/p-n-aiguestortes-i-tavascan\/#breadcrumb","itemListElement":[{"@type":"ListItem","position":1,"name":"Portada","item":"https:\/\/aigeviatges.com\/"},{"@type":"ListItem","position":2,"name":"Tienda","item":"https:\/\/aigeviatges.com\/tienda-2\/"},{"@type":"ListItem","position":3,"name":"P.N. AIG\u00dcESTORTES I TAVASCAN"}]},{"@type":"WebSite","@id":"https:\/\/aigeviatges.com\/#website","url":"https:\/\/aigeviatges.com\/","name":"AIGE Viatges","description":"Agencia de viajes especializada en producto propio para grupos.","publisher":{"@id":"https:\/\/aigeviatges.com\/#organization"},"potentialAction":[{"@type":"SearchAction","target":{"@type":"EntryPoint","urlTemplate":"https:\/\/aigeviatges.com\/?s={search_term_string}"},"query-input":"required name=search_term_string"}],"inLanguage":"es"},{"@type":"Organization","@id":"https:\/\/aigeviatges.com\/#organization","name":"AIGE Viatges","url":"https:\/\/aigeviatges.com\/","logo":{"@type":"ImageObject","inLanguage":"es","@id":"https:\/\/aigeviatges.com\/#\/schema\/logo\/image\/","url":"https:\/\/aigeviatges.com\/wp-content\/uploads\/2020\/03\/aig-viatges-logo-web.png","contentUrl":"https:\/\/aigeviatges.com\/wp-content\/uploads\/2020\/03\/aig-viatges-logo-web.png","width":600,"height":166,"caption":"AIGE Viatges"},"image":{"@id":"https:\/\/aigeviatges.com\/#\/schema\/logo\/image\/"},"sameAs":["https:\/\/www.facebook.com\/viatgesaige\/"]}]}},"jetpack_sharing_enabled":true,"jetpack_likes_enabled":false,"_links":{"self":[{"href":"https:\/\/aigeviatges.com\/es\/wp-json\/wp\/v2\/product\/1218","targetHints":{"allow":["GET"]}}],"collection":[{"href":"https:\/\/aigeviatges.com\/es\/wp-json\/wp\/v2\/product"}],"about":[{"href":"https:\/\/aigeviatges.com\/es\/wp-json\/wp\/v2\/types\/product"}],"wp:featuredmedia":[{"embeddable":true,"href":"https:\/\/aigeviatges.com\/es\/wp-json\/wp\/v2\/media\/1219"}],"wp:attachment":[{"href":"https:\/\/aigeviatges.com\/es\/wp-json\/wp\/v2\/media?parent=1218"}],"wp:term":[{"taxonomy":"product_cat","embeddable":true,"href":"https:\/\/aigeviatges.com\/es\/wp-json\/wp\/v2\/product_cat?post=1218"},{"taxonomy":"product_tag","embeddable":true,"href":"https:\/\/aigeviatges.com\/es\/wp-json\/wp\/v2\/product_tag?post=1218"}],"curies":[{"name":"wp","href":"https:\/\/api.w.org\/{rel}","templated":true}]}}