{"id":1188,"date":"2021-03-07T13:40:11","date_gmt":"2021-03-07T13:40:11","guid":{"rendered":"https:\/\/aigeviatges.com\/?post_type=product&#038;p=1188"},"modified":"2021-03-18T14:58:42","modified_gmt":"2021-03-18T14:58:42","slug":"praga-viena-bratislava-i-budapest-8-dies","status":"publish","type":"product","link":"https:\/\/aigeviatges.com\/es\/producto\/praga-viena-bratislava-y-budapest-8-dias\/","title":{"rendered":"PRAGA, VIENA, BRATISLAVA Y BUDAPEST \u2013 8 D\u00cdAS"},"content":{"rendered":"<p><strong>D\u00eda 1: BARCELONA - PRAGA MODERNA<\/strong><br \/>\nSalida en avi\u00f3n a Praga. Almuerzo y visita de la parte moderna de Praga. Pasaremos por el antiguo castillo fortaleza de Vysehard, el cementerio de los famosos del siglo XIX (A.Dvorak, B. Smetana, J Neruda) continuaremos por el barrio de Podoli con las casas cubistas, el barrio de Smichov, las casas que bailan, edificios modernistas y de art nouveau, edificios representativos de la burgues\u00eda, el teatro nacional etc. Cena y alojamiento en Praga.<\/p>\n<p><strong>D\u00eda 2: PRAGA HISTORICA<\/strong><br \/>\nVisita de Praga hist\u00f3rica: el Castillo, la Catedral de San Vito y Palacio Real (donde tom\u00f3 la chispa de la Guerra de los 30 A\u00f1os); el famoso Callej\u00f3n de Oro, conjunto de bellas casetas, puesto de trabajo de orfebres de aqu\u00ed su nombre, y donde se encuentra la casa de Franz Kafka, Bas\u00edlica de San Jorge, Puente de Carlos (1357) y las 30 estatuas del s.XVIII, la torre de la p\u00f3lvora y el famoso reloj astron\u00f3mico. Por la tarde realizaremos un paseo en barco por el r\u00edo Moldova. Durante el crucero veremos los principales monumentos de la ciudad desde otra perspectiva. Cena y alojamiento en Praga.<\/p>\n<p><strong>D\u00eda 3: EXCURSI\u00d3N EN LOKET y KARLOVY VARY<\/strong><br \/>\nSalida a Loket, una maravilla fortificada abrazada por el r\u00edo Oh\u0159i que nos evocar\u00e1 en la vida de los cuentos de castillos encantados, hadas y seres imaginarios. Continuaci\u00f3n a Karlovy Vary, bella e importante ciudad-balneario de Europa, en un decorado de jardines victorianos se suceden fuentes y esculturas, con chorros a 12m y m\u00e1s de 72\u00ba C: fuentes Vridlo o Sprundel. Destaca la Casa de los Moros, la Columnata de la Amistad, la Torre del Castillo. Cena y alojamiento en Praga.<\/p>\n<p><strong>D\u00eda 4: PRAGA - VIENA <\/strong><br \/>\nSalida por carretera a Viena. Llegada y almuerzo. Por la tarde realizaremos la visita panor\u00e1mica de la antigua capital del imperio austro-h\u00fangaro. Durante el recorrido contemplaremos el Palacio de Hofburg, situado en la antigua ciudad imperial. Tambi\u00e9n veremos el Palacio de Belvedere, la Iglesia Votiva, la Catedral de San Esteban, la Opera, el museo de Bellas Artes, los monumentos a Goethe, Schiller y Mozart, etc. Cena y alojamiento en Viena.<\/p>\n<p><strong>D\u00eda 5: VIENA - GRINZING <\/strong><br \/>\nPor la ma\u00f1ana visitaremos el Palacio de Sh\u00f6enbrunn, antigua residencia imperial de verano. Las 40 estancias imperiales dan testimonio del esplendor de la vida cotidiana de la corte en la \u00e9poca de la emperatriz Mar\u00eda Teresa. Por la tarde continuaremos con la visita de Viena y podremos disfrutar de tiempo libre por actividades personales. La cena la haremos en un restaurante de \u201cGrinzing\u201d, un encantador y pintoresco barrio de la capital de Austria y t\u00edpico pueblecito de viticultores. Alojamiento en Viena.<\/p>\n<p><strong>D\u00eda 6: VIENA - BRATISLAVA - BUDAPEST <\/strong><br \/>\nSalida a Bratislava. Haremos un recorrido por los lugares m\u00e1s importantes y significativos de la ciudad como el Palacio Presidencial, un centro moderno - Europea, el paseo del Danubio, las murallas. Desde el castillo de Bratislava podremos disfrutar de una excelente vista panor\u00e1mica del casco antiguo. Despu\u00e9s continuaremos a lo largo del Danubio hasta llegar a las monumentales ruinas del castillo de Devin situadas en una colina que se eleva en la confluencia de los r\u00edos Danubio y Moravi\u00e0 con una vista \u00fanica del paisaje. Durante siglos pasaron por ah\u00ed c\u00e9lticos, hermanos, romanos, y eslavos. S\u00f3lo los ej\u00e9rcitos napole\u00f3nicos lograron destruirlo. Continuaci\u00f3n a Budapest. Cena y alojamiento en Budapest.<\/p>\n<p><strong>D\u00eda 7: BUDAPEST \u00a0\u00a0\u00a0\u00a0\u00a0\u00a0<\/strong><br \/>\nVisita de Budapest. La ciudad se encuentra dividida por el r\u00edo Danubio. En la orilla derecha se encuentra Buda: Veremos, el Basti\u00f3n de los Pescadores, la Iglesia de San Mat\u00edas, el monumento a Esteban el Santo, el Palacio Nacional, el monumento a San Gerardo y la Ciutadella; atravesando uno de los seis puentes, se pasa a la parte opuesta de la ciudad, denominada Pest. Veremos: la Academia de Ciencias, la Catedral de San Esteban, el Museo Nacional, y la Plaza de los H\u00e9roes. Noche Z\u00edngara y panor\u00e1mica nocturna, cena en un t\u00edpico restaurante con Show Folkl\u00f3rico H\u00fangaro y visita del Budapest iluminado. Alojamiento en Budapest.<\/p>\n<p><strong>D\u00eda 8: BUDAPEST - BARCELONA<\/strong><br \/>\nPor la ma\u00f1ana realizaremos un relajante crucero en barco por el r\u00edo Danubio, disfrutaremos de una impresionante panor\u00e1mica desde el r\u00edo tanto de Buda como de Pest. Almuerzo en rto. A hora prevista traslado al aeropuerto y salida en avi\u00f3n a Barcelona. Fin de nuestros servicios.<\/p>","protected":false},"excerpt":{"rendered":"<p><strong>INCLUYE:\u00a0<\/strong><\/p>\n<ul>\n<li>Traslados al apt y vuelta (m\u00ednimo 25 pax)<\/li>\n<li>Avi\u00f3n BCN - Praga \/ Budapest - BCN + Maleta (15 kg) y tasas<\/li>\n<li>Autocar local todo el circuito<\/li>\n<li>Gu\u00eda acompa\u00f1ante de AIGE<\/li>\n<li>Gu\u00eda local en Praga, Viena, Bratislava y Budapest<\/li>\n<li>Hoteles 3*** o 4****<strong><em>\u00a0<\/em><\/strong><em>(seg\u00fan elecci\u00f3n)<\/em><\/li>\n<li>Pensi\u00f3n completa con agua (del almuerzo del d\u00eda 1 al almuerzo del d\u00eda 8)<\/li>\n<li>Entrada al castillo de Praga<\/li>\n<li>Entrada al callej\u00f3n de Oro<\/li>\n<li>Visita al Palacio de Shoenbrunn con audiogu\u00eda<\/li>\n<li>Cena t\u00edpica en Grinzing<\/li>\n<li>Cena \/ Show H\u00fangaro y Luces de Budapest<\/li>\n<li>Crucero por el r\u00edo Moldova<\/li>\n<li>Crucero por el r\u00edo Danubio<\/li>\n<li>Seguro de asistencia en viaje<\/li>\n<\/ul>\n<p><em><strong>Nota sobre el alojamiento:<\/strong><\/em> 3<em><strong> noches en zona Praga + 2 noches en zona Viena + 2 noches en zona Budapest<\/strong><\/em><strong><em>\u00a0 \u00a0\u00a0<\/em><\/strong><\/p>","protected":false},"featured_media":1189,"template":"","meta":[],"product_cat":[25,109],"product_tag":[],"class_list":["post-1188","product","type-product","status-publish","has-post-thumbnail","hentry","product_cat-circuits-tot-inclos","product_cat-republica-txeca-i-hongria"],"yoast_head":"<!-- This site is optimized with the Yoast SEO plugin v21.7 - https:\/\/yoast.com\/wordpress\/plugins\/seo\/ -->\n<title>PRAGA, VIENA, BRATISLAVA I BUDAPEST - 8 DIES - AIGE Viatges<\/title>\n<meta name=\"description\" content=\"Agencia de viajes online | Descubre nuestros viajes inolvidables a PRAGA, VIENA, BRATISLAVA I BUDAPEST - 8 DIES\" \/>\n<meta name=\"robots\" content=\"index, follow, max-snippet:-1, max-image-preview:large, max-video-preview:-1\" \/>\n<link rel=\"canonical\" href=\"https:\/\/aigeviatges.com\/es\/producto\/praga-viena-bratislava-y-budapest-8-dias\/\" \/>\n<meta property=\"og:locale\" content=\"es_ES\" \/>\n<meta property=\"og:type\" content=\"article\" \/>\n<meta property=\"og:title\" content=\"PRAGA, VIENA, BRATISLAVA I BUDAPEST - 8 DIES - AIGE Viatges\" \/>\n<meta property=\"og:description\" content=\"Agencia de viajes online | Descubre nuestros viajes inolvidables a PRAGA, VIENA, BRATISLAVA I BUDAPEST - 8 DIES\" \/>\n<meta property=\"og:url\" content=\"https:\/\/aigeviatges.com\/es\/producto\/praga-viena-bratislava-y-budapest-8-dias\/\" \/>\n<meta property=\"og:site_name\" content=\"AIGE Viatges\" \/>\n<meta property=\"article:publisher\" content=\"https:\/\/www.facebook.com\/viatgesaige\/\" \/>\n<meta property=\"article:modified_time\" content=\"2021-03-18T14:58:42+00:00\" \/>\n<meta property=\"og:image\" content=\"https:\/\/aigeviatges.com\/wp-content\/uploads\/2021\/03\/budapest.jpg\" \/>\n\t<meta property=\"og:image:width\" content=\"592\" \/>\n\t<meta property=\"og:image:height\" content=\"395\" \/>\n\t<meta property=\"og:image:type\" content=\"image\/jpeg\" \/>\n<meta name=\"twitter:card\" content=\"summary_large_image\" \/>\n<meta name=\"twitter:label1\" content=\"Tiempo de lectura\" \/>\n\t<meta name=\"twitter:data1\" content=\"4 minutos\" \/>\n<script type=\"application\/ld+json\" class=\"yoast-schema-graph\">{\"@context\":\"https:\/\/schema.org\",\"@graph\":[{\"@type\":\"WebPage\",\"@id\":\"https:\/\/aigeviatges.com\/producto\/praga-viena-bratislava-i-budapest-8-dies\/\",\"url\":\"https:\/\/aigeviatges.com\/producto\/praga-viena-bratislava-i-budapest-8-dies\/\",\"name\":\"PRAGA, VIENA, BRATISLAVA I BUDAPEST - 8 DIES - AIGE Viatges\",\"isPartOf\":{\"@id\":\"https:\/\/aigeviatges.com\/#website\"},\"datePublished\":\"2021-03-07T13:40:11+00:00\",\"dateModified\":\"2021-03-18T14:58:42+00:00\",\"description\":\"Agencia de viajes online | Descubre nuestros viajes inolvidables a PRAGA, VIENA, BRATISLAVA I BUDAPEST - 8 DIES\",\"breadcrumb\":{\"@id\":\"https:\/\/aigeviatges.com\/producto\/praga-viena-bratislava-i-budapest-8-dies\/#breadcrumb\"},\"inLanguage\":\"es\",\"potentialAction\":[{\"@type\":\"ReadAction\",\"target\":[\"https:\/\/aigeviatges.com\/producto\/praga-viena-bratislava-i-budapest-8-dies\/\"]}]},{\"@type\":\"BreadcrumbList\",\"@id\":\"https:\/\/aigeviatges.com\/producto\/praga-viena-bratislava-i-budapest-8-dies\/#breadcrumb\",\"itemListElement\":[{\"@type\":\"ListItem\",\"position\":1,\"name\":\"Portada\",\"item\":\"https:\/\/aigeviatges.com\/\"},{\"@type\":\"ListItem\",\"position\":2,\"name\":\"Tienda\",\"item\":\"https:\/\/aigeviatges.com\/tienda-2\/\"},{\"@type\":\"ListItem\",\"position\":3,\"name\":\"PRAGA, VIENA, BRATISLAVA I BUDAPEST &#8211; 8 DIES\"}]},{\"@type\":\"WebSite\",\"@id\":\"https:\/\/aigeviatges.com\/#website\",\"url\":\"https:\/\/aigeviatges.com\/\",\"name\":\"AIGE Viatges\",\"description\":\"Agencia de viajes especializada en producto propio para grupos.\",\"publisher\":{\"@id\":\"https:\/\/aigeviatges.com\/#organization\"},\"potentialAction\":[{\"@type\":\"SearchAction\",\"target\":{\"@type\":\"EntryPoint\",\"urlTemplate\":\"https:\/\/aigeviatges.com\/?s={search_term_string}\"},\"query-input\":\"required name=search_term_string\"}],\"inLanguage\":\"es\"},{\"@type\":\"Organization\",\"@id\":\"https:\/\/aigeviatges.com\/#organization\",\"name\":\"AIGE Viatges\",\"url\":\"https:\/\/aigeviatges.com\/\",\"logo\":{\"@type\":\"ImageObject\",\"inLanguage\":\"es\",\"@id\":\"https:\/\/aigeviatges.com\/#\/schema\/logo\/image\/\",\"url\":\"https:\/\/aigeviatges.com\/wp-content\/uploads\/2020\/03\/aig-viatges-logo-web.png\",\"contentUrl\":\"https:\/\/aigeviatges.com\/wp-content\/uploads\/2020\/03\/aig-viatges-logo-web.png\",\"width\":600,\"height\":166,\"caption\":\"AIGE Viatges\"},\"image\":{\"@id\":\"https:\/\/aigeviatges.com\/#\/schema\/logo\/image\/\"},\"sameAs\":[\"https:\/\/www.facebook.com\/viatgesaige\/\"]}]}<\/script>\n<!-- \/ Yoast SEO plugin. -->","yoast_head_json":{"title":"PRAGA, VIENA, BRATISLAVA I BUDAPEST - 8 DIES - AIGE Viatges","description":"Agencia de viajes online | Descubre nuestros viajes inolvidables a PRAGA, VIENA, BRATISLAVA I BUDAPEST - 8 DIES","robots":{"index":"index","follow":"follow","max-snippet":"max-snippet:-1","max-image-preview":"max-image-preview:large","max-video-preview":"max-video-preview:-1"},"canonical":"https:\/\/aigeviatges.com\/es\/producto\/praga-viena-bratislava-y-budapest-8-dias\/","og_locale":"es_ES","og_type":"article","og_title":"PRAGA, VIENA, BRATISLAVA I BUDAPEST - 8 DIES - AIGE Viatges","og_description":"Agencia de viajes online | Descubre nuestros viajes inolvidables a PRAGA, VIENA, BRATISLAVA I BUDAPEST - 8 DIES","og_url":"https:\/\/aigeviatges.com\/es\/producto\/praga-viena-bratislava-y-budapest-8-dias\/","og_site_name":"AIGE Viatges","article_publisher":"https:\/\/www.facebook.com\/viatgesaige\/","article_modified_time":"2021-03-18T14:58:42+00:00","og_image":[{"width":592,"height":395,"url":"https:\/\/aigeviatges.com\/wp-content\/uploads\/2021\/03\/budapest.jpg","type":"image\/jpeg"}],"twitter_card":"summary_large_image","twitter_misc":{"Tiempo de lectura":"4 minutos"},"schema":{"@context":"https:\/\/schema.org","@graph":[{"@type":"WebPage","@id":"https:\/\/aigeviatges.com\/producto\/praga-viena-bratislava-i-budapest-8-dies\/","url":"https:\/\/aigeviatges.com\/producto\/praga-viena-bratislava-i-budapest-8-dies\/","name":"PRAGA, VIENA, BRATISLAVA I BUDAPEST - 8 DIES - AIGE Viatges","isPartOf":{"@id":"https:\/\/aigeviatges.com\/#website"},"datePublished":"2021-03-07T13:40:11+00:00","dateModified":"2021-03-18T14:58:42+00:00","description":"Agencia de viajes online | Descubre nuestros viajes inolvidables a PRAGA, VIENA, BRATISLAVA I BUDAPEST - 8 DIES","breadcrumb":{"@id":"https:\/\/aigeviatges.com\/producto\/praga-viena-bratislava-i-budapest-8-dies\/#breadcrumb"},"inLanguage":"es","potentialAction":[{"@type":"ReadAction","target":["https:\/\/aigeviatges.com\/producto\/praga-viena-bratislava-i-budapest-8-dies\/"]}]},{"@type":"BreadcrumbList","@id":"https:\/\/aigeviatges.com\/producto\/praga-viena-bratislava-i-budapest-8-dies\/#breadcrumb","itemListElement":[{"@type":"ListItem","position":1,"name":"Portada","item":"https:\/\/aigeviatges.com\/"},{"@type":"ListItem","position":2,"name":"Tienda","item":"https:\/\/aigeviatges.com\/tienda-2\/"},{"@type":"ListItem","position":3,"name":"PRAGA, VIENA, BRATISLAVA I BUDAPEST &#8211; 8 DIES"}]},{"@type":"WebSite","@id":"https:\/\/aigeviatges.com\/#website","url":"https:\/\/aigeviatges.com\/","name":"AIGE Viatges","description":"Agencia de viajes especializada en producto propio para grupos.","publisher":{"@id":"https:\/\/aigeviatges.com\/#organization"},"potentialAction":[{"@type":"SearchAction","target":{"@type":"EntryPoint","urlTemplate":"https:\/\/aigeviatges.com\/?s={search_term_string}"},"query-input":"required name=search_term_string"}],"inLanguage":"es"},{"@type":"Organization","@id":"https:\/\/aigeviatges.com\/#organization","name":"AIGE Viatges","url":"https:\/\/aigeviatges.com\/","logo":{"@type":"ImageObject","inLanguage":"es","@id":"https:\/\/aigeviatges.com\/#\/schema\/logo\/image\/","url":"https:\/\/aigeviatges.com\/wp-content\/uploads\/2020\/03\/aig-viatges-logo-web.png","contentUrl":"https:\/\/aigeviatges.com\/wp-content\/uploads\/2020\/03\/aig-viatges-logo-web.png","width":600,"height":166,"caption":"AIGE Viatges"},"image":{"@id":"https:\/\/aigeviatges.com\/#\/schema\/logo\/image\/"},"sameAs":["https:\/\/www.facebook.com\/viatgesaige\/"]}]}},"jetpack_sharing_enabled":true,"jetpack_likes_enabled":false,"_links":{"self":[{"href":"https:\/\/aigeviatges.com\/es\/wp-json\/wp\/v2\/product\/1188","targetHints":{"allow":["GET"]}}],"collection":[{"href":"https:\/\/aigeviatges.com\/es\/wp-json\/wp\/v2\/product"}],"about":[{"href":"https:\/\/aigeviatges.com\/es\/wp-json\/wp\/v2\/types\/product"}],"wp:featuredmedia":[{"embeddable":true,"href":"https:\/\/aigeviatges.com\/es\/wp-json\/wp\/v2\/media\/1189"}],"wp:attachment":[{"href":"https:\/\/aigeviatges.com\/es\/wp-json\/wp\/v2\/media?parent=1188"}],"wp:term":[{"taxonomy":"product_cat","embeddable":true,"href":"https:\/\/aigeviatges.com\/es\/wp-json\/wp\/v2\/product_cat?post=1188"},{"taxonomy":"product_tag","embeddable":true,"href":"https:\/\/aigeviatges.com\/es\/wp-json\/wp\/v2\/product_tag?post=1188"}],"curies":[{"name":"wp","href":"https:\/\/api.w.org\/{rel}","templated":true}]}}