{"id":1175,"date":"2021-03-07T10:51:50","date_gmt":"2021-03-07T10:51:50","guid":{"rendered":"https:\/\/aigeviatges.com\/?post_type=product&#038;p=1175"},"modified":"2021-03-18T14:59:39","modified_gmt":"2021-03-18T14:59:39","slug":"praga-essencial-6-dies","status":"publish","type":"product","link":"https:\/\/aigeviatges.com\/es\/producto\/praga-esencial-6-dias\/","title":{"rendered":"PRAGA ESENCIAL - 6 D\u00cdAS"},"content":{"rendered":"<p><strong>D\u00eda 01: BARCELONA - PRAGA MODERNA<\/strong><br \/>\nSalida en avi\u00f3n a Praga. Almuerzo y visita de la parte moderna de Praga. Pasaremos por el antiguo castillo fortaleza de Vysehard, el cementerio de los famosos del siglo XIX (A.Dvorak, B. Smetana, J Neruda) continuaremos por el barrio de Podoli con las casas cubistas, el barrio de Smichov, las casas que bailan, edificios modernistas y de art nouveau, edificios representativos de la burgues\u00eda, el teatro nacional, etc Cena y alojamiento en el hotel.<\/p>\n<p><strong>D\u00eda 02: PRAGA HIST\u00d3RICA<\/strong><br \/>\nVisita de la Praga hist\u00f3rica: el Castillo de Praga con la Catedral de San Vito y Palacio Real (donde tom\u00f3 la chispa de la Guerra de los 30 A\u00f1os); el famoso Callej\u00f3n del Oro, conjunto de bellas casitas, lugar de trabajo de orfebres de aqu\u00ed su nombre, y donde se encuentra la casa de Franz Kafka, la Bas\u00edlica de San Jorge, Puente de Carlos (1357) y las 30 estatuas del s.XVIII, la torre de la p\u00f3lvora y el famoso reloj astron\u00f3mico. Cena y alojamiento en el hotel.<\/p>\n<p><strong>D\u00eda 03: EXCURSI\u00d3N EN KARLOVY VARY<\/strong><br \/>\nSalida a Karlovy Vary, bella e importante ciudad-balneario de Europa, en un decorado de jardines victorianos se suceden fuentes y esculturas, con chorros a 12m y m\u00e1s de 72\u00ba C: las fuentes Vridlo o Sprundel. Tambi\u00e9n destaca la Casa de los Tres Moros, la Columnata de la Amistad, la Torre del Castillo y la iglesia Santa Mar\u00eda Magdalena. Cena y alojamiento en el hotel.<\/p>\n<p><strong>D\u00eda 04: EXCURSI\u00d3N A<\/strong><strong> KARLSTEIN Y PILSEN<\/strong><br \/>\nSalida a Pilsen. Breve parada en el encantador pueblo de Karlstejn, donde podremos admirar y tomar fotos exteriores del bonito castillo situado de alto de una colina. Seguidamente visitaremos una de las cervecer\u00edas m\u00e1s antiguas del pa\u00eds la Pilsner Urquell. Por la tarde dispondremos de tiempo para visitar la hermosa ciudad de Pilsen. Cena y alojamiento en el hotel.<\/p>\n<p><strong>D\u00eda 05: EXCURSI\u00d3N A<\/strong><strong> CESKY KRUMLOV<\/strong><br \/>\nSalida a Cesky Krumlov, visitaremos el pueblo m\u00e1s bonito de la Rep\u00fablica Checa. Callejuelas medievales, rincones rom\u00e1nticos y un incomparable complejo de casas burguesas donde domina el castillo sobre el meandro del r\u00edo Moldava. Desde 1992, el casco hist\u00f3rico y el complejo del castillo y del palacio est\u00e1n inscritos en la Lista del Patrimonio de la Humanidad de la UNESCO. Cena y alojamiento en el hotel.<\/p>\n<p><strong>D\u00eda 06: PRAGA - BARCELONA <\/strong><br \/>\nPor la ma\u00f1ana conoceremos Praga desde el r\u00edo Moldova, realizaremos un mini crucero en barco y podremos admirar los monumentos m\u00e1s famosos desde otra visi\u00f3n distinta. Almuerzo en restaurante. A continuaci\u00f3n traslado al aeropuerto y salida a Barcelona. Llegada y fin del viaje y de nuestros servicios.<\/p>","protected":false},"excerpt":{"rendered":"<p><strong>INCLUYE:\u00a0<\/strong><\/p>\n<ul>\n<li>Traslados al apt y vuelta (m\u00ednimo 25 pax)<\/li>\n<li>Avi\u00f3n BCN - Praga - BCN + Maleta (15 kg) y tasas<\/li>\n<li>Autocar local todo el circuito<\/li>\n<li>Gu\u00eda acompa\u00f1ante de AIGE<\/li>\n<li>Gu\u00eda local en Praga y Cesky Krumlov<\/li>\n<li>Hotel 3*** o 4****<em><strong>\u00a0<\/strong><\/em><em>(seg\u00fan elecci\u00f3n)<\/em><\/li>\n<li>Pensi\u00f3n completa con agua (del almuerzo del d\u00eda 1 al almuerzo del d\u00eda 6)<\/li>\n<li>Entrada al castillo de Praga<\/li>\n<li>Entrada al callej\u00f3n de Oro<\/li>\n<li>Visita a la f\u00e1brica de cerveza Urquell<\/li>\n<li>Crucero por el r\u00edo Moldova<\/li>\n<li>Seguro de asistencia en viaje<\/li>\n<\/ul>\n<p><em><strong>Nota sobre el alojamiento: <\/strong><\/em><em><strong>todas las noches en el mismo hotel\u00a0 \u00a0\u00a0<\/strong><\/em><\/p>","protected":false},"featured_media":1181,"template":"","meta":[],"product_cat":[25,109],"product_tag":[],"class_list":["post-1175","product","type-product","status-publish","has-post-thumbnail","hentry","product_cat-circuits-tot-inclos","product_cat-republica-txeca-i-hongria"],"yoast_head":"<!-- This site is optimized with the Yoast SEO plugin v21.7 - https:\/\/yoast.com\/wordpress\/plugins\/seo\/ -->\n<title>PRAGA ESSENCIAL - 6 DIES - AIGE Viatges<\/title>\n<meta name=\"description\" content=\"Agencia de viajes online | Descubre nuestros viajes inolvidables a PRAGA ESSENCIAL - 6 DIES\" \/>\n<meta name=\"robots\" content=\"index, follow, max-snippet:-1, max-image-preview:large, max-video-preview:-1\" \/>\n<link rel=\"canonical\" href=\"https:\/\/aigeviatges.com\/es\/producto\/praga-esencial-6-dias\/\" \/>\n<meta property=\"og:locale\" content=\"es_ES\" \/>\n<meta property=\"og:type\" content=\"article\" \/>\n<meta property=\"og:title\" content=\"PRAGA ESSENCIAL - 6 DIES - AIGE Viatges\" \/>\n<meta property=\"og:description\" content=\"Agencia de viajes online | Descubre nuestros viajes inolvidables a PRAGA ESSENCIAL - 6 DIES\" \/>\n<meta property=\"og:url\" content=\"https:\/\/aigeviatges.com\/es\/producto\/praga-esencial-6-dias\/\" \/>\n<meta property=\"og:site_name\" content=\"AIGE Viatges\" \/>\n<meta property=\"article:publisher\" content=\"https:\/\/www.facebook.com\/viatgesaige\/\" \/>\n<meta property=\"article:modified_time\" content=\"2021-03-18T14:59:39+00:00\" \/>\n<meta property=\"og:image\" content=\"https:\/\/aigeviatges.com\/wp-content\/uploads\/2021\/03\/PUENTES-PRAGA.jpg\" \/>\n\t<meta property=\"og:image:width\" content=\"680\" \/>\n\t<meta property=\"og:image:height\" content=\"454\" \/>\n\t<meta property=\"og:image:type\" content=\"image\/jpeg\" \/>\n<meta name=\"twitter:card\" content=\"summary_large_image\" \/>\n<meta name=\"twitter:label1\" content=\"Tiempo de lectura\" \/>\n\t<meta name=\"twitter:data1\" content=\"2 minutos\" \/>\n<script type=\"application\/ld+json\" class=\"yoast-schema-graph\">{\"@context\":\"https:\/\/schema.org\",\"@graph\":[{\"@type\":\"WebPage\",\"@id\":\"https:\/\/aigeviatges.com\/producto\/praga-essencial-6-dies\/\",\"url\":\"https:\/\/aigeviatges.com\/producto\/praga-essencial-6-dies\/\",\"name\":\"PRAGA ESSENCIAL - 6 DIES - AIGE Viatges\",\"isPartOf\":{\"@id\":\"https:\/\/aigeviatges.com\/#website\"},\"datePublished\":\"2021-03-07T10:51:50+00:00\",\"dateModified\":\"2021-03-18T14:59:39+00:00\",\"description\":\"Agencia de viajes online | Descubre nuestros viajes inolvidables a PRAGA ESSENCIAL - 6 DIES\",\"breadcrumb\":{\"@id\":\"https:\/\/aigeviatges.com\/producto\/praga-essencial-6-dies\/#breadcrumb\"},\"inLanguage\":\"es\",\"potentialAction\":[{\"@type\":\"ReadAction\",\"target\":[\"https:\/\/aigeviatges.com\/producto\/praga-essencial-6-dies\/\"]}]},{\"@type\":\"BreadcrumbList\",\"@id\":\"https:\/\/aigeviatges.com\/producto\/praga-essencial-6-dies\/#breadcrumb\",\"itemListElement\":[{\"@type\":\"ListItem\",\"position\":1,\"name\":\"Portada\",\"item\":\"https:\/\/aigeviatges.com\/\"},{\"@type\":\"ListItem\",\"position\":2,\"name\":\"Tienda\",\"item\":\"https:\/\/aigeviatges.com\/tienda-2\/\"},{\"@type\":\"ListItem\",\"position\":3,\"name\":\"PRAGA ESSENCIAL &#8211; 6 DIES\"}]},{\"@type\":\"WebSite\",\"@id\":\"https:\/\/aigeviatges.com\/#website\",\"url\":\"https:\/\/aigeviatges.com\/\",\"name\":\"AIGE Viatges\",\"description\":\"Agencia de viajes especializada en producto propio para grupos.\",\"publisher\":{\"@id\":\"https:\/\/aigeviatges.com\/#organization\"},\"potentialAction\":[{\"@type\":\"SearchAction\",\"target\":{\"@type\":\"EntryPoint\",\"urlTemplate\":\"https:\/\/aigeviatges.com\/?s={search_term_string}\"},\"query-input\":\"required name=search_term_string\"}],\"inLanguage\":\"es\"},{\"@type\":\"Organization\",\"@id\":\"https:\/\/aigeviatges.com\/#organization\",\"name\":\"AIGE Viatges\",\"url\":\"https:\/\/aigeviatges.com\/\",\"logo\":{\"@type\":\"ImageObject\",\"inLanguage\":\"es\",\"@id\":\"https:\/\/aigeviatges.com\/#\/schema\/logo\/image\/\",\"url\":\"https:\/\/aigeviatges.com\/wp-content\/uploads\/2020\/03\/aig-viatges-logo-web.png\",\"contentUrl\":\"https:\/\/aigeviatges.com\/wp-content\/uploads\/2020\/03\/aig-viatges-logo-web.png\",\"width\":600,\"height\":166,\"caption\":\"AIGE Viatges\"},\"image\":{\"@id\":\"https:\/\/aigeviatges.com\/#\/schema\/logo\/image\/\"},\"sameAs\":[\"https:\/\/www.facebook.com\/viatgesaige\/\"]}]}<\/script>\n<!-- \/ Yoast SEO plugin. -->","yoast_head_json":{"title":"PRAGA ESSENCIAL - 6 DIES - AIGE Viatges","description":"Agencia de viajes online | Descubre nuestros viajes inolvidables a PRAGA ESSENCIAL - 6 DIES","robots":{"index":"index","follow":"follow","max-snippet":"max-snippet:-1","max-image-preview":"max-image-preview:large","max-video-preview":"max-video-preview:-1"},"canonical":"https:\/\/aigeviatges.com\/es\/producto\/praga-esencial-6-dias\/","og_locale":"es_ES","og_type":"article","og_title":"PRAGA ESSENCIAL - 6 DIES - AIGE Viatges","og_description":"Agencia de viajes online | Descubre nuestros viajes inolvidables a PRAGA ESSENCIAL - 6 DIES","og_url":"https:\/\/aigeviatges.com\/es\/producto\/praga-esencial-6-dias\/","og_site_name":"AIGE Viatges","article_publisher":"https:\/\/www.facebook.com\/viatgesaige\/","article_modified_time":"2021-03-18T14:59:39+00:00","og_image":[{"width":680,"height":454,"url":"https:\/\/aigeviatges.com\/wp-content\/uploads\/2021\/03\/PUENTES-PRAGA.jpg","type":"image\/jpeg"}],"twitter_card":"summary_large_image","twitter_misc":{"Tiempo de lectura":"2 minutos"},"schema":{"@context":"https:\/\/schema.org","@graph":[{"@type":"WebPage","@id":"https:\/\/aigeviatges.com\/producto\/praga-essencial-6-dies\/","url":"https:\/\/aigeviatges.com\/producto\/praga-essencial-6-dies\/","name":"PRAGA ESSENCIAL - 6 DIES - AIGE Viatges","isPartOf":{"@id":"https:\/\/aigeviatges.com\/#website"},"datePublished":"2021-03-07T10:51:50+00:00","dateModified":"2021-03-18T14:59:39+00:00","description":"Agencia de viajes online | Descubre nuestros viajes inolvidables a PRAGA ESSENCIAL - 6 DIES","breadcrumb":{"@id":"https:\/\/aigeviatges.com\/producto\/praga-essencial-6-dies\/#breadcrumb"},"inLanguage":"es","potentialAction":[{"@type":"ReadAction","target":["https:\/\/aigeviatges.com\/producto\/praga-essencial-6-dies\/"]}]},{"@type":"BreadcrumbList","@id":"https:\/\/aigeviatges.com\/producto\/praga-essencial-6-dies\/#breadcrumb","itemListElement":[{"@type":"ListItem","position":1,"name":"Portada","item":"https:\/\/aigeviatges.com\/"},{"@type":"ListItem","position":2,"name":"Tienda","item":"https:\/\/aigeviatges.com\/tienda-2\/"},{"@type":"ListItem","position":3,"name":"PRAGA ESSENCIAL &#8211; 6 DIES"}]},{"@type":"WebSite","@id":"https:\/\/aigeviatges.com\/#website","url":"https:\/\/aigeviatges.com\/","name":"AIGE Viatges","description":"Agencia de viajes especializada en producto propio para grupos.","publisher":{"@id":"https:\/\/aigeviatges.com\/#organization"},"potentialAction":[{"@type":"SearchAction","target":{"@type":"EntryPoint","urlTemplate":"https:\/\/aigeviatges.com\/?s={search_term_string}"},"query-input":"required name=search_term_string"}],"inLanguage":"es"},{"@type":"Organization","@id":"https:\/\/aigeviatges.com\/#organization","name":"AIGE Viatges","url":"https:\/\/aigeviatges.com\/","logo":{"@type":"ImageObject","inLanguage":"es","@id":"https:\/\/aigeviatges.com\/#\/schema\/logo\/image\/","url":"https:\/\/aigeviatges.com\/wp-content\/uploads\/2020\/03\/aig-viatges-logo-web.png","contentUrl":"https:\/\/aigeviatges.com\/wp-content\/uploads\/2020\/03\/aig-viatges-logo-web.png","width":600,"height":166,"caption":"AIGE Viatges"},"image":{"@id":"https:\/\/aigeviatges.com\/#\/schema\/logo\/image\/"},"sameAs":["https:\/\/www.facebook.com\/viatgesaige\/"]}]}},"jetpack_sharing_enabled":true,"jetpack_likes_enabled":false,"_links":{"self":[{"href":"https:\/\/aigeviatges.com\/es\/wp-json\/wp\/v2\/product\/1175","targetHints":{"allow":["GET"]}}],"collection":[{"href":"https:\/\/aigeviatges.com\/es\/wp-json\/wp\/v2\/product"}],"about":[{"href":"https:\/\/aigeviatges.com\/es\/wp-json\/wp\/v2\/types\/product"}],"wp:featuredmedia":[{"embeddable":true,"href":"https:\/\/aigeviatges.com\/es\/wp-json\/wp\/v2\/media\/1181"}],"wp:attachment":[{"href":"https:\/\/aigeviatges.com\/es\/wp-json\/wp\/v2\/media?parent=1175"}],"wp:term":[{"taxonomy":"product_cat","embeddable":true,"href":"https:\/\/aigeviatges.com\/es\/wp-json\/wp\/v2\/product_cat?post=1175"},{"taxonomy":"product_tag","embeddable":true,"href":"https:\/\/aigeviatges.com\/es\/wp-json\/wp\/v2\/product_tag?post=1175"}],"curies":[{"name":"wp","href":"https:\/\/api.w.org\/{rel}","templated":true}]}}