{"id":1171,"date":"2021-03-07T10:04:45","date_gmt":"2021-03-07T10:04:45","guid":{"rendered":"https:\/\/aigeviatges.com\/?post_type=product&#038;p=1171"},"modified":"2021-03-22T13:28:14","modified_gmt":"2021-03-22T13:28:14","slug":"cuenca-y-voltants-5-dies","status":"publish","type":"product","link":"https:\/\/aigeviatges.com\/es\/producto\/cuenca-y-alrededores-5-dias\/","title":{"rendered":"CUENCA Y ALREDEDORES \u2013 5 D\u00cdAS"},"content":{"rendered":"<p><strong><img loading=\"lazy\" decoding=\"async\" class=\"alignnone size-medium wp-image-716\" src=\"https:\/\/aigeviatges.com\/wp-content\/uploads\/2021\/02\/222-300x186.jpg\" alt=\"\" width=\"300\" height=\"186\" srcset=\"https:\/\/aigeviatges.com\/wp-content\/uploads\/2021\/02\/222-300x186.jpg 300w, https:\/\/aigeviatges.com\/wp-content\/uploads\/2021\/02\/222.jpg 346w\" sizes=\"auto, (max-width: 300px) 100vw, 300px\" \/><\/strong><\/p>\n<p><strong>D\u00eda 1: BARCELONA \/ TARRAGONA \/ GIRONA \u2013 MADRID \u2013 AVE \u2013 CUENCA<\/strong><br \/>\nSalida en tren AVE a Madrid. Llegada y visita del Palacio Real. Almuerzo. Por la tarde salida en tren AVE de Madrid a Cuenca. Llegada a Cuenca. Cena y alojamiento en el hotel.<\/p>\n<p><strong>D\u00eda 2: CIUDAD ENCANTADA \u2013 NACIMIENTO DEL R\u00cdO CUERVO \u2013 VENTANO DEL DIABLO \u2013 CUENCA<\/strong><br \/>\nPor la ma\u00f1ana visitaremos la Ciudad Encantada, sin duda uno de los parajes m\u00e1s espectaculares de nuestro pa\u00eds, admiraremos sus caprichosas formaciones rocosas. Por eso, la Ciudad Encantada fue declarada Sitio Natural de Inter\u00e9s Nacional el 11 de junio de 1929. Seguiremos hasta el nacimiento del r\u00edo Cuervo. Lugar apacible en el que pasearemos por caminos hasta llegar a la cascada del nacimiento. De regreso al hotel, veremos el ventano del Diablo, lugar enclavado en una roca donde descansa un meandro del r\u00edo J\u00facar. Almuerzo en el hotel. Por la tarde visita de Cuenca con gu\u00eda local. podremos admirar las famosas casas colgadas, suspendidas sobre la hoz del Huecar, la catedral de nuestra se\u00f1ora de Gr\u00e0cia S.XII, la plaza mayor con el ayuntamiento, la torre Mangana, etc. Cena y alojamiento en el hotel.<\/p>\n<p><strong>D\u00eda 3: SEGOBRIGA \u2013 MONASTERIO DE UCL\u00c9S \u2013 HUETE<\/strong><br \/>\nPor la ma\u00f1ana nos dirigiremos a Saelices, donde se encuentra el yacimiento romano de la provincia de Cuenca. Tiempo libre para su visita. Seguidamente visitaremos el Monasterio de Ucl\u00e9s llamado el Escorial de Castilla. Almuerzo en rto. Por la tarde visitaremos Huete, una de las ciudades con m\u00e1s linaje de la Mancha, presume de ser la m\u00e1s antigua villa de la provincia. Destaca las ruinas de su muralla y castillo, junto a la Iglesia y el claustro de Jes\u00fas y Mar\u00eda. Cena y alojamiento en el hotel.<\/p>\n<p><strong>D\u00eda 4: ALBARRAC\u00cdN - TERUEL<\/strong><br \/>\nSalida a Albarrac\u00edn. Visita de la ciudad arabesca, declarada Monumento Nacional en 1961. Paseo por las calles observando su peculiar arquitectura, destacando los tejados, sobre todo las tres casas t\u00edpicas, Casa de la Julianeta, de Doll y de los Azagra. Diar en restaurante. Por la tarde visitaremos Teruel, veremos la catedral, los amantes, la famosa plaza del Torico y las torres \u00e1rabes. Cena y alojamiento en el hotel.<\/p>\n<p><strong>D\u00eda 5: CUENCA \u2013 MADRID \u2013 AVE \u2013 BARCELONA \/ TARRAGONA \/ GIRONA<\/strong><br \/>\nSalida en tren AVE de Cuenca a Madrid. Llegada y visita panor\u00e1mica por las grandes avenidas, como el paseo de la Castellana, la Gran Via, monumentos, fuentes y plazas etc. Almuerzo en restaurante. Por la tarde, regreso al punto de partida en AVE. Llegada y fin de nuestros servicios.<\/p>","protected":false},"excerpt":{"rendered":"<p><strong>INCLUYE:\u00a0<\/strong><\/p>\n<ul>\n<li>Traslados origen-estaci\u00f3n y regreso (m\u00ednimo 25 pax)<\/li>\n<li>AVE BCN\/TAR\/GIR \u2013 Madrid \u2013 BCN\/TAR\/GIR<\/li>\n<li>AVE MAD \u2013 Cuenca \u2013 MAD<\/li>\n<li>Autocar de lujo por todo el circuito<\/li>\n<li>Gu\u00eda acompa\u00f1ante de AIGE<\/li>\n<li>Gu\u00eda local en Cuenca y Teruel<\/li>\n<li>Hotel 3***<\/li>\n<li>Pensi\u00f3n completa con vino y agua (del almuerzo del d\u00eda 1 al almuerzo del d\u00eda 5)<\/li>\n<li>Entrada en el Palacio Real de Madrid<\/li>\n<li>Entrada a la Ciudad Encantada<\/li>\n<li>Entrada al monasterio de Ucl\u00e9s<\/li>\n<li>Entrada Catedral y Amantes de Teruel<\/li>\n<li>Seguro de asistencia en viaje<\/li>\n<\/ul>\n<p><strong><em>Nota sobre el alojamiento:\u00a0<\/em><\/strong><strong><em>todas las noches en el mismo hotel<\/em><\/strong><\/p>","protected":false},"featured_media":1159,"template":"","meta":[],"product_cat":[52,37],"product_tag":[],"class_list":["post-1171","product","type-product","status-publish","has-post-thumbnail","hentry","product_cat-amb-ave","product_cat-circuits-nacional"],"yoast_head":"<!-- This site is optimized with the Yoast SEO plugin v21.7 - https:\/\/yoast.com\/wordpress\/plugins\/seo\/ -->\n<title>CUENCA I VOLTANTS - 5 DIES - AIGE Viatges<\/title>\n<meta name=\"description\" content=\"Agencia de viajes online | Descubre nuestros viajes inolvidables a CUENCA I VOLTANTS - 5 DIES\" \/>\n<meta name=\"robots\" content=\"index, follow, max-snippet:-1, max-image-preview:large, max-video-preview:-1\" \/>\n<link rel=\"canonical\" href=\"https:\/\/aigeviatges.com\/es\/producto\/cuenca-y-alrededores-5-dias\/\" \/>\n<meta property=\"og:locale\" content=\"es_ES\" \/>\n<meta property=\"og:type\" content=\"article\" \/>\n<meta property=\"og:title\" content=\"CUENCA I VOLTANTS - 5 DIES - AIGE Viatges\" \/>\n<meta property=\"og:description\" content=\"Agencia de viajes online | Descubre nuestros viajes inolvidables a CUENCA I VOLTANTS - 5 DIES\" \/>\n<meta property=\"og:url\" content=\"https:\/\/aigeviatges.com\/es\/producto\/cuenca-y-alrededores-5-dias\/\" \/>\n<meta property=\"og:site_name\" content=\"AIGE Viatges\" \/>\n<meta property=\"article:publisher\" content=\"https:\/\/www.facebook.com\/viatgesaige\/\" \/>\n<meta property=\"article:modified_time\" content=\"2021-03-22T13:28:14+00:00\" \/>\n<meta property=\"og:image\" content=\"https:\/\/aigeviatges.com\/wp-content\/uploads\/2021\/03\/c1.jpg\" \/>\n\t<meta property=\"og:image:width\" content=\"645\" \/>\n\t<meta property=\"og:image:height\" content=\"398\" \/>\n\t<meta property=\"og:image:type\" content=\"image\/jpeg\" \/>\n<meta name=\"twitter:card\" content=\"summary_large_image\" \/>\n<meta name=\"twitter:label1\" content=\"Tiempo de lectura\" \/>\n\t<meta name=\"twitter:data1\" content=\"2 minutos\" \/>\n<script type=\"application\/ld+json\" class=\"yoast-schema-graph\">{\"@context\":\"https:\/\/schema.org\",\"@graph\":[{\"@type\":\"WebPage\",\"@id\":\"https:\/\/aigeviatges.com\/producto\/cuenca-y-voltants-5-dies\/\",\"url\":\"https:\/\/aigeviatges.com\/producto\/cuenca-y-voltants-5-dies\/\",\"name\":\"CUENCA I VOLTANTS - 5 DIES - AIGE Viatges\",\"isPartOf\":{\"@id\":\"https:\/\/aigeviatges.com\/#website\"},\"datePublished\":\"2021-03-07T10:04:45+00:00\",\"dateModified\":\"2021-03-22T13:28:14+00:00\",\"description\":\"Agencia de viajes online | Descubre nuestros viajes inolvidables a CUENCA I VOLTANTS - 5 DIES\",\"breadcrumb\":{\"@id\":\"https:\/\/aigeviatges.com\/producto\/cuenca-y-voltants-5-dies\/#breadcrumb\"},\"inLanguage\":\"es\",\"potentialAction\":[{\"@type\":\"ReadAction\",\"target\":[\"https:\/\/aigeviatges.com\/producto\/cuenca-y-voltants-5-dies\/\"]}]},{\"@type\":\"BreadcrumbList\",\"@id\":\"https:\/\/aigeviatges.com\/producto\/cuenca-y-voltants-5-dies\/#breadcrumb\",\"itemListElement\":[{\"@type\":\"ListItem\",\"position\":1,\"name\":\"Portada\",\"item\":\"https:\/\/aigeviatges.com\/\"},{\"@type\":\"ListItem\",\"position\":2,\"name\":\"Tienda\",\"item\":\"https:\/\/aigeviatges.com\/tienda-2\/\"},{\"@type\":\"ListItem\",\"position\":3,\"name\":\"CUENCA I VOLTANTS &#8211; 5 DIES\"}]},{\"@type\":\"WebSite\",\"@id\":\"https:\/\/aigeviatges.com\/#website\",\"url\":\"https:\/\/aigeviatges.com\/\",\"name\":\"AIGE Viatges\",\"description\":\"Agencia de viajes especializada en producto propio para grupos.\",\"publisher\":{\"@id\":\"https:\/\/aigeviatges.com\/#organization\"},\"potentialAction\":[{\"@type\":\"SearchAction\",\"target\":{\"@type\":\"EntryPoint\",\"urlTemplate\":\"https:\/\/aigeviatges.com\/?s={search_term_string}\"},\"query-input\":\"required name=search_term_string\"}],\"inLanguage\":\"es\"},{\"@type\":\"Organization\",\"@id\":\"https:\/\/aigeviatges.com\/#organization\",\"name\":\"AIGE Viatges\",\"url\":\"https:\/\/aigeviatges.com\/\",\"logo\":{\"@type\":\"ImageObject\",\"inLanguage\":\"es\",\"@id\":\"https:\/\/aigeviatges.com\/#\/schema\/logo\/image\/\",\"url\":\"https:\/\/aigeviatges.com\/wp-content\/uploads\/2020\/03\/aig-viatges-logo-web.png\",\"contentUrl\":\"https:\/\/aigeviatges.com\/wp-content\/uploads\/2020\/03\/aig-viatges-logo-web.png\",\"width\":600,\"height\":166,\"caption\":\"AIGE Viatges\"},\"image\":{\"@id\":\"https:\/\/aigeviatges.com\/#\/schema\/logo\/image\/\"},\"sameAs\":[\"https:\/\/www.facebook.com\/viatgesaige\/\"]}]}<\/script>\n<!-- \/ Yoast SEO plugin. -->","yoast_head_json":{"title":"CUENCA I VOLTANTS - 5 DIES - AIGE Viatges","description":"Agencia de viajes online | Descubre nuestros viajes inolvidables a CUENCA I VOLTANTS - 5 DIES","robots":{"index":"index","follow":"follow","max-snippet":"max-snippet:-1","max-image-preview":"max-image-preview:large","max-video-preview":"max-video-preview:-1"},"canonical":"https:\/\/aigeviatges.com\/es\/producto\/cuenca-y-alrededores-5-dias\/","og_locale":"es_ES","og_type":"article","og_title":"CUENCA I VOLTANTS - 5 DIES - AIGE Viatges","og_description":"Agencia de viajes online | Descubre nuestros viajes inolvidables a CUENCA I VOLTANTS - 5 DIES","og_url":"https:\/\/aigeviatges.com\/es\/producto\/cuenca-y-alrededores-5-dias\/","og_site_name":"AIGE Viatges","article_publisher":"https:\/\/www.facebook.com\/viatgesaige\/","article_modified_time":"2021-03-22T13:28:14+00:00","og_image":[{"width":645,"height":398,"url":"https:\/\/aigeviatges.com\/wp-content\/uploads\/2021\/03\/c1.jpg","type":"image\/jpeg"}],"twitter_card":"summary_large_image","twitter_misc":{"Tiempo de lectura":"2 minutos"},"schema":{"@context":"https:\/\/schema.org","@graph":[{"@type":"WebPage","@id":"https:\/\/aigeviatges.com\/producto\/cuenca-y-voltants-5-dies\/","url":"https:\/\/aigeviatges.com\/producto\/cuenca-y-voltants-5-dies\/","name":"CUENCA I VOLTANTS - 5 DIES - AIGE Viatges","isPartOf":{"@id":"https:\/\/aigeviatges.com\/#website"},"datePublished":"2021-03-07T10:04:45+00:00","dateModified":"2021-03-22T13:28:14+00:00","description":"Agencia de viajes online | Descubre nuestros viajes inolvidables a CUENCA I VOLTANTS - 5 DIES","breadcrumb":{"@id":"https:\/\/aigeviatges.com\/producto\/cuenca-y-voltants-5-dies\/#breadcrumb"},"inLanguage":"es","potentialAction":[{"@type":"ReadAction","target":["https:\/\/aigeviatges.com\/producto\/cuenca-y-voltants-5-dies\/"]}]},{"@type":"BreadcrumbList","@id":"https:\/\/aigeviatges.com\/producto\/cuenca-y-voltants-5-dies\/#breadcrumb","itemListElement":[{"@type":"ListItem","position":1,"name":"Portada","item":"https:\/\/aigeviatges.com\/"},{"@type":"ListItem","position":2,"name":"Tienda","item":"https:\/\/aigeviatges.com\/tienda-2\/"},{"@type":"ListItem","position":3,"name":"CUENCA I VOLTANTS &#8211; 5 DIES"}]},{"@type":"WebSite","@id":"https:\/\/aigeviatges.com\/#website","url":"https:\/\/aigeviatges.com\/","name":"AIGE Viatges","description":"Agencia de viajes especializada en producto propio para grupos.","publisher":{"@id":"https:\/\/aigeviatges.com\/#organization"},"potentialAction":[{"@type":"SearchAction","target":{"@type":"EntryPoint","urlTemplate":"https:\/\/aigeviatges.com\/?s={search_term_string}"},"query-input":"required name=search_term_string"}],"inLanguage":"es"},{"@type":"Organization","@id":"https:\/\/aigeviatges.com\/#organization","name":"AIGE Viatges","url":"https:\/\/aigeviatges.com\/","logo":{"@type":"ImageObject","inLanguage":"es","@id":"https:\/\/aigeviatges.com\/#\/schema\/logo\/image\/","url":"https:\/\/aigeviatges.com\/wp-content\/uploads\/2020\/03\/aig-viatges-logo-web.png","contentUrl":"https:\/\/aigeviatges.com\/wp-content\/uploads\/2020\/03\/aig-viatges-logo-web.png","width":600,"height":166,"caption":"AIGE Viatges"},"image":{"@id":"https:\/\/aigeviatges.com\/#\/schema\/logo\/image\/"},"sameAs":["https:\/\/www.facebook.com\/viatgesaige\/"]}]}},"jetpack_sharing_enabled":true,"jetpack_likes_enabled":false,"_links":{"self":[{"href":"https:\/\/aigeviatges.com\/es\/wp-json\/wp\/v2\/product\/1171","targetHints":{"allow":["GET"]}}],"collection":[{"href":"https:\/\/aigeviatges.com\/es\/wp-json\/wp\/v2\/product"}],"about":[{"href":"https:\/\/aigeviatges.com\/es\/wp-json\/wp\/v2\/types\/product"}],"wp:featuredmedia":[{"embeddable":true,"href":"https:\/\/aigeviatges.com\/es\/wp-json\/wp\/v2\/media\/1159"}],"wp:attachment":[{"href":"https:\/\/aigeviatges.com\/es\/wp-json\/wp\/v2\/media?parent=1171"}],"wp:term":[{"taxonomy":"product_cat","embeddable":true,"href":"https:\/\/aigeviatges.com\/es\/wp-json\/wp\/v2\/product_cat?post=1171"},{"taxonomy":"product_tag","embeddable":true,"href":"https:\/\/aigeviatges.com\/es\/wp-json\/wp\/v2\/product_tag?post=1171"}],"curies":[{"name":"wp","href":"https:\/\/api.w.org\/{rel}","templated":true}]}}