{"id":1157,"date":"2021-03-05T13:54:00","date_gmt":"2021-03-05T13:54:00","guid":{"rendered":"https:\/\/aigeviatges.com\/?post_type=product&#038;p=1157"},"modified":"2023-11-14T14:28:19","modified_gmt":"2023-11-14T14:28:19","slug":"teruel-cuenca-i-albarracin-5-dies","status":"publish","type":"product","link":"https:\/\/aigeviatges.com\/es\/producto\/teruel-cuenca-y-albarracin-5-dias\/","title":{"rendered":"TERUEL, CUENCA Y ALBARRAC\u00cdN \u2013 5 D\u00cdAS"},"content":{"rendered":"<p><strong>D\u00eda 1: ORIGEN \u2013 ALCA\u00d1\u00cdZ \u2013 PROVINCIA DE TERUEL<\/strong><br \/>\nSalida en direcci\u00f3n Lleida, parada para el desayuno (no incluido), continuaci\u00f3n por Fraga hasta llegar a Alca\u00f1\u00edz. Visita de este importante conjunto monumental de la provincia de Teruel. Almuerzo. Por la tarde seguiremos ruta por Calanda y Montalb\u00e1n hasta llegar a los alrededores de Teruel. Acomodaci\u00f3n en el hotel, cena y alojamiento<\/p>\n<p><strong>D\u00eda 2: ALBARRAC\u00cdN - TERUEL<\/strong><br \/>\nSalida a Albarrac\u00edn. Visita de la poblaci\u00f3n declarada Monumento Nacional en 1961. Paseo por las calles observando su peculiar arquitectura, destacando los tejados, sobre todo las tres casas t\u00edpicas, Casa de la Julianeta, Casa del Doll y la Casa de la calle de los Azagra. Regreso al hotel para el almuerzo. Por la tarde visitaremos Teruel, famosa por su cl\u00e1sica arquitectura mud\u00e9jar, un estilo que combina elementos g\u00f3ticos e isl\u00e1micos. Un ejemplo de monumento mud\u00e9jar ser\u00eda la catedral de Santa Mar\u00eda de Mediavilla (que data del siglo XII), con sus elaboradas pinturas en el techo. Visitaremos el mausoleo de los Amantes de Teruel, plasma el amor imposible entre Isabel de Segura y Diego Marcilla. Cena y alojamiento en el hotel.<\/p>\n<p><strong>D\u00eda 3: CUENCA<\/strong><br \/>\nSalida a Cuenca. Llegada y visita de la ciudad con gu\u00eda local. Podremos admirar las famosas Casas Colgadas, suspendidas sobre la Hoz del Huecar, La Catedral de Nuestra Se\u00f1ora de Gracia S.XII, la plaza mayor con el ayuntamiento, la torre Mangana, etc. Almuerzo en rto. Por la tarde continuaremos con la visita y dispondremos de tiempo libre. Regreso a Teruel. Cena y alojamiento en el hotel.<\/p>\n<p><strong>D\u00eda 4: MORA DE RUBIELOS Y RUBIELOS DE MORA<\/strong><br \/>\nPor la ma\u00f1ana visitaremos Mora de Rubielos, la capital de la comarca de G\u00fadar. Cabe destacar como monumentos m\u00e1s significativos la ex colegiata de Santa Mar\u00eda, erigida en el s. XIV y el imponente castillo, obra de la arquitectura c\u00edvico-militar de g\u00f3tico mediterr\u00e1neo y uno de los mejor conservados del reino de Arag\u00f3n. Almuerzo. Seguiremos con la visita de Rubielos de Mora, una peque\u00f1a joya que esconde la provincia de Teruel. Sus casas-palacio, sus monumentos, sus calles, sus esculturas\u2026 Rubielos de Mora es uno de esos pueblecitos en los que da gusto perderse y pasear por las calles del barrio antiguo. Regreso a Teruel y tiempo libre. Cena y alojamiento en el hotel.<\/p>\n<p><strong>D\u00eda 5: ANDORRA \u2013 VALDERROBRES \u2013 ORIGEN<\/strong><br \/>\nDespu\u00e9s del desayuno nos dirigiremos a Valderrobres. Un pueblo precioso, con calles de piedra, un enorme castillo presidiendo el pueblo desde lo alto, un r\u00edo que lo atraviesa, y multitud de calles y casas con encanto. Visitaremos este pueblo declarado conjunto hist\u00f3rico-art\u00edstico. Destaca la portada de Sta. Mar\u00eda Mayor. Almuerzo en rto. Regreso a nuestra ciudad de origen.<\/p>","protected":false},"excerpt":{"rendered":"<p><strong>INCLUYE:\u00a0<\/strong><\/p>\n<ul>\n<li>Autocar de lujo por todo el circuito<\/li>\n<li>Gu\u00eda acompa\u00f1ante de AIGE + gu\u00eda local en Cuenca<\/li>\n<li>Hotel 3*** o 4**** (seg\u00fan elecci\u00f3n)<\/li>\n<li>Pensi\u00f3n completa con agua y vino (del almuerzo del d\u00eda 1 al almuerzo del d\u00eda 5)<\/li>\n<li>Entrada en el Mausoleo de los Amantes<\/li>\n<li>Seguro de asistencia en viaje<\/li>\n<\/ul>\n<p><strong><em>Nota sobre el alojamiento: <\/em><\/strong><strong><em>todas las noches en el mismo hotel<\/em><\/strong><\/p>","protected":false},"featured_media":1152,"template":"","meta":[],"product_cat":[51,37],"product_tag":[],"class_list":["post-1157","product","type-product","status-publish","has-post-thumbnail","hentry","product_cat-amb-autocar","product_cat-circuits-nacional"],"yoast_head":"<!-- This site is optimized with the Yoast SEO plugin v21.7 - https:\/\/yoast.com\/wordpress\/plugins\/seo\/ -->\n<title>TERUEL, CUENCA I ALBARRAC\u00cdN - 5 DIES - AIGE Viatges<\/title>\n<meta name=\"description\" content=\"Agencia de viajes online | Descubre nuestros viajes inolvidables a TERUEL, CUENCA I ALBARRAC\u00cdN - 5 DIES\" \/>\n<meta name=\"robots\" content=\"index, follow, max-snippet:-1, max-image-preview:large, max-video-preview:-1\" \/>\n<link rel=\"canonical\" href=\"https:\/\/aigeviatges.com\/es\/producto\/teruel-cuenca-y-albarracin-5-dias\/\" \/>\n<meta property=\"og:locale\" content=\"es_ES\" \/>\n<meta property=\"og:type\" content=\"article\" \/>\n<meta property=\"og:title\" content=\"TERUEL, CUENCA I ALBARRAC\u00cdN - 5 DIES - AIGE Viatges\" \/>\n<meta property=\"og:description\" content=\"Agencia de viajes online | Descubre nuestros viajes inolvidables a TERUEL, CUENCA I ALBARRAC\u00cdN - 5 DIES\" \/>\n<meta property=\"og:url\" content=\"https:\/\/aigeviatges.com\/es\/producto\/teruel-cuenca-y-albarracin-5-dias\/\" \/>\n<meta property=\"og:site_name\" content=\"AIGE Viatges\" \/>\n<meta property=\"article:publisher\" content=\"https:\/\/www.facebook.com\/viatgesaige\/\" \/>\n<meta property=\"article:modified_time\" content=\"2023-11-14T14:28:19+00:00\" \/>\n<meta property=\"og:image\" content=\"https:\/\/aigeviatges.com\/wp-content\/uploads\/2021\/03\/T.jpg\" \/>\n\t<meta property=\"og:image:width\" content=\"620\" \/>\n\t<meta property=\"og:image:height\" content=\"436\" \/>\n\t<meta property=\"og:image:type\" content=\"image\/jpeg\" \/>\n<meta name=\"twitter:card\" content=\"summary_large_image\" \/>\n<meta name=\"twitter:label1\" content=\"Tiempo de lectura\" \/>\n\t<meta name=\"twitter:data1\" content=\"2 minutos\" \/>\n<script type=\"application\/ld+json\" class=\"yoast-schema-graph\">{\"@context\":\"https:\/\/schema.org\",\"@graph\":[{\"@type\":\"WebPage\",\"@id\":\"https:\/\/aigeviatges.com\/producto\/teruel-cuenca-i-albarracin-5-dies\/\",\"url\":\"https:\/\/aigeviatges.com\/producto\/teruel-cuenca-i-albarracin-5-dies\/\",\"name\":\"TERUEL, CUENCA I ALBARRAC\u00cdN - 5 DIES - AIGE Viatges\",\"isPartOf\":{\"@id\":\"https:\/\/aigeviatges.com\/#website\"},\"datePublished\":\"2021-03-05T13:54:00+00:00\",\"dateModified\":\"2023-11-14T14:28:19+00:00\",\"description\":\"Agencia de viajes online | Descubre nuestros viajes inolvidables a TERUEL, CUENCA I ALBARRAC\u00cdN - 5 DIES\",\"breadcrumb\":{\"@id\":\"https:\/\/aigeviatges.com\/producto\/teruel-cuenca-i-albarracin-5-dies\/#breadcrumb\"},\"inLanguage\":\"es\",\"potentialAction\":[{\"@type\":\"ReadAction\",\"target\":[\"https:\/\/aigeviatges.com\/producto\/teruel-cuenca-i-albarracin-5-dies\/\"]}]},{\"@type\":\"BreadcrumbList\",\"@id\":\"https:\/\/aigeviatges.com\/producto\/teruel-cuenca-i-albarracin-5-dies\/#breadcrumb\",\"itemListElement\":[{\"@type\":\"ListItem\",\"position\":1,\"name\":\"Portada\",\"item\":\"https:\/\/aigeviatges.com\/\"},{\"@type\":\"ListItem\",\"position\":2,\"name\":\"Tienda\",\"item\":\"https:\/\/aigeviatges.com\/tienda-2\/\"},{\"@type\":\"ListItem\",\"position\":3,\"name\":\"TERUEL, CUENCA I ALBARRAC\u00cdN &#8211; 5 DIES\"}]},{\"@type\":\"WebSite\",\"@id\":\"https:\/\/aigeviatges.com\/#website\",\"url\":\"https:\/\/aigeviatges.com\/\",\"name\":\"AIGE Viatges\",\"description\":\"Agencia de viajes especializada en producto propio para grupos.\",\"publisher\":{\"@id\":\"https:\/\/aigeviatges.com\/#organization\"},\"potentialAction\":[{\"@type\":\"SearchAction\",\"target\":{\"@type\":\"EntryPoint\",\"urlTemplate\":\"https:\/\/aigeviatges.com\/?s={search_term_string}\"},\"query-input\":\"required name=search_term_string\"}],\"inLanguage\":\"es\"},{\"@type\":\"Organization\",\"@id\":\"https:\/\/aigeviatges.com\/#organization\",\"name\":\"AIGE Viatges\",\"url\":\"https:\/\/aigeviatges.com\/\",\"logo\":{\"@type\":\"ImageObject\",\"inLanguage\":\"es\",\"@id\":\"https:\/\/aigeviatges.com\/#\/schema\/logo\/image\/\",\"url\":\"https:\/\/aigeviatges.com\/wp-content\/uploads\/2020\/03\/aig-viatges-logo-web.png\",\"contentUrl\":\"https:\/\/aigeviatges.com\/wp-content\/uploads\/2020\/03\/aig-viatges-logo-web.png\",\"width\":600,\"height\":166,\"caption\":\"AIGE Viatges\"},\"image\":{\"@id\":\"https:\/\/aigeviatges.com\/#\/schema\/logo\/image\/\"},\"sameAs\":[\"https:\/\/www.facebook.com\/viatgesaige\/\"]}]}<\/script>\n<!-- \/ Yoast SEO plugin. -->","yoast_head_json":{"title":"TERUEL, CUENCA I ALBARRAC\u00cdN - 5 DIES - AIGE Viatges","description":"Agencia de viajes online | Descubre nuestros viajes inolvidables a TERUEL, CUENCA I ALBARRAC\u00cdN - 5 DIES","robots":{"index":"index","follow":"follow","max-snippet":"max-snippet:-1","max-image-preview":"max-image-preview:large","max-video-preview":"max-video-preview:-1"},"canonical":"https:\/\/aigeviatges.com\/es\/producto\/teruel-cuenca-y-albarracin-5-dias\/","og_locale":"es_ES","og_type":"article","og_title":"TERUEL, CUENCA I ALBARRAC\u00cdN - 5 DIES - AIGE Viatges","og_description":"Agencia de viajes online | Descubre nuestros viajes inolvidables a TERUEL, CUENCA I ALBARRAC\u00cdN - 5 DIES","og_url":"https:\/\/aigeviatges.com\/es\/producto\/teruel-cuenca-y-albarracin-5-dias\/","og_site_name":"AIGE Viatges","article_publisher":"https:\/\/www.facebook.com\/viatgesaige\/","article_modified_time":"2023-11-14T14:28:19+00:00","og_image":[{"width":620,"height":436,"url":"https:\/\/aigeviatges.com\/wp-content\/uploads\/2021\/03\/T.jpg","type":"image\/jpeg"}],"twitter_card":"summary_large_image","twitter_misc":{"Tiempo de lectura":"2 minutos"},"schema":{"@context":"https:\/\/schema.org","@graph":[{"@type":"WebPage","@id":"https:\/\/aigeviatges.com\/producto\/teruel-cuenca-i-albarracin-5-dies\/","url":"https:\/\/aigeviatges.com\/producto\/teruel-cuenca-i-albarracin-5-dies\/","name":"TERUEL, CUENCA I ALBARRAC\u00cdN - 5 DIES - AIGE Viatges","isPartOf":{"@id":"https:\/\/aigeviatges.com\/#website"},"datePublished":"2021-03-05T13:54:00+00:00","dateModified":"2023-11-14T14:28:19+00:00","description":"Agencia de viajes online | Descubre nuestros viajes inolvidables a TERUEL, CUENCA I ALBARRAC\u00cdN - 5 DIES","breadcrumb":{"@id":"https:\/\/aigeviatges.com\/producto\/teruel-cuenca-i-albarracin-5-dies\/#breadcrumb"},"inLanguage":"es","potentialAction":[{"@type":"ReadAction","target":["https:\/\/aigeviatges.com\/producto\/teruel-cuenca-i-albarracin-5-dies\/"]}]},{"@type":"BreadcrumbList","@id":"https:\/\/aigeviatges.com\/producto\/teruel-cuenca-i-albarracin-5-dies\/#breadcrumb","itemListElement":[{"@type":"ListItem","position":1,"name":"Portada","item":"https:\/\/aigeviatges.com\/"},{"@type":"ListItem","position":2,"name":"Tienda","item":"https:\/\/aigeviatges.com\/tienda-2\/"},{"@type":"ListItem","position":3,"name":"TERUEL, CUENCA I ALBARRAC\u00cdN &#8211; 5 DIES"}]},{"@type":"WebSite","@id":"https:\/\/aigeviatges.com\/#website","url":"https:\/\/aigeviatges.com\/","name":"AIGE Viatges","description":"Agencia de viajes especializada en producto propio para grupos.","publisher":{"@id":"https:\/\/aigeviatges.com\/#organization"},"potentialAction":[{"@type":"SearchAction","target":{"@type":"EntryPoint","urlTemplate":"https:\/\/aigeviatges.com\/?s={search_term_string}"},"query-input":"required name=search_term_string"}],"inLanguage":"es"},{"@type":"Organization","@id":"https:\/\/aigeviatges.com\/#organization","name":"AIGE Viatges","url":"https:\/\/aigeviatges.com\/","logo":{"@type":"ImageObject","inLanguage":"es","@id":"https:\/\/aigeviatges.com\/#\/schema\/logo\/image\/","url":"https:\/\/aigeviatges.com\/wp-content\/uploads\/2020\/03\/aig-viatges-logo-web.png","contentUrl":"https:\/\/aigeviatges.com\/wp-content\/uploads\/2020\/03\/aig-viatges-logo-web.png","width":600,"height":166,"caption":"AIGE Viatges"},"image":{"@id":"https:\/\/aigeviatges.com\/#\/schema\/logo\/image\/"},"sameAs":["https:\/\/www.facebook.com\/viatgesaige\/"]}]}},"jetpack_sharing_enabled":true,"jetpack_likes_enabled":false,"_links":{"self":[{"href":"https:\/\/aigeviatges.com\/es\/wp-json\/wp\/v2\/product\/1157","targetHints":{"allow":["GET"]}}],"collection":[{"href":"https:\/\/aigeviatges.com\/es\/wp-json\/wp\/v2\/product"}],"about":[{"href":"https:\/\/aigeviatges.com\/es\/wp-json\/wp\/v2\/types\/product"}],"wp:featuredmedia":[{"embeddable":true,"href":"https:\/\/aigeviatges.com\/es\/wp-json\/wp\/v2\/media\/1152"}],"wp:attachment":[{"href":"https:\/\/aigeviatges.com\/es\/wp-json\/wp\/v2\/media?parent=1157"}],"wp:term":[{"taxonomy":"product_cat","embeddable":true,"href":"https:\/\/aigeviatges.com\/es\/wp-json\/wp\/v2\/product_cat?post=1157"},{"taxonomy":"product_tag","embeddable":true,"href":"https:\/\/aigeviatges.com\/es\/wp-json\/wp\/v2\/product_tag?post=1157"}],"curies":[{"name":"wp","href":"https:\/\/api.w.org\/{rel}","templated":true}]}}