{"id":1146,"date":"2021-03-05T12:36:44","date_gmt":"2021-03-05T12:36:44","guid":{"rendered":"https:\/\/aigeviatges.com\/?post_type=product&#038;p=1146"},"modified":"2021-03-17T11:59:42","modified_gmt":"2021-03-17T11:59:42","slug":"castella-lleo-7-dies","status":"publish","type":"product","link":"https:\/\/aigeviatges.com\/es\/producto\/castella-leo-7-dias\/","title":{"rendered":"CASTILLA LE\u00d3N \u2013 7 D\u00cdAS"},"content":{"rendered":"<p><strong><img loading=\"lazy\" decoding=\"async\" class=\"alignnone size-medium wp-image-716\" src=\"https:\/\/aigeviatges.com\/wp-content\/uploads\/2021\/02\/222-300x186.jpg\" alt=\"\" width=\"300\" height=\"186\" srcset=\"https:\/\/aigeviatges.com\/wp-content\/uploads\/2021\/02\/222-300x186.jpg 300w, https:\/\/aigeviatges.com\/wp-content\/uploads\/2021\/02\/222.jpg 346w\" sizes=\"auto, (max-width: 300px) 100vw, 300px\" \/><\/strong><\/p>\n<p><strong>D\u00eda 1: BARCELONA \/ TARRAGONA \/ GIRONA - AVE - MADRID - AVILA - ZAMORA<\/strong><br \/>\nSalida en tren AVE a Madrid. Llegada y continuaci\u00f3n a \u00c1vila. Almuerzo en rto. Dispondremos de tiempo para su visita. Cabe destacar la Catedral y la casa convento de Santa Teresa. Continuaci\u00f3n hasta Zamora. Acomodaci\u00f3n en el hotel. Cena y alojamiento.<\/p>\n<p><strong>D\u00eda 2: ASTORGA - LE\u00d3N<\/strong><br \/>\nSalida a Astorga. Visita de la ciudad, cuna y capital de la maragater\u00eda, donde destacan la Catedral del Siglo XV, mezcla de g\u00f3tico y barroco, en cuyo interior aparece la figura de Pedro Mato, un donante an\u00f3nimo posiblemente no cl\u00e9rigo, las murallas de 15, el Ayuntamiento, al que hay que ver en las horas en punto dadas por los maragatos, el Palacio Episcopal, obra de Gaud\u00ed, donde se encuentra el Museo de los Caminos. Almuerzo en rto. Por la tarde visitaremos Le\u00f3n. Recorriendo las callejuelas del centro hist\u00f3rico, descubriremos la Plaza Mayor, porticada con el edificio del antiguo ayuntamiento, la Plaza de las Palomas, con edificios singulares, el mapa-gu\u00eda de la ciudad en bronce y la del Mercado, conocida popularmente como la plaza del grano, que es la que conserva m\u00e1s fielmente el encanto medieval y donde se ubica el albergue de peregrinos. Regreso al hotel. Cena y alojamiento.<\/p>\n<p><strong>D\u00eda 3: VALLADOLID - TORDESILLAS<\/strong><br \/>\nPor la ma\u00f1ana visitaremos Valladolid, una de las antiguas capitales de Castilla. Cuenta con un patrimonio art\u00edstico y cultural de gran valor, como el Colegio de San Gregorio, la inacabada Catedral, el convento de las Huelgas Reales, la casa Museo de Miguel de Cervantes y la famosa plaza del ayuntamiento. Almuerzo en rto. Por la tarde visitaremos Tordesillas. Conoceremos los lugares m\u00e1s caracter\u00edsticos de la \u00e9poca de los Reyes Cat\u00f3licos y ciudad importante donde se firm\u00f3 el tratado de su mismo nombre, en 1494 se produce uno de los eventos m\u00e1s importantes en la historia de Tordesillas, la firma del Tratado el 7 de junio de 1494, por el que las coronas castellana y portuguesa se reparten los derechos de navegaci\u00f3n y conquista del Atl\u00e1ntico. Finalizada la visita, regreso al hotel. Cena y alojamiento.<\/p>\n<p><strong>D\u00eda 4: SALAMANCA - ZAMORA<\/strong><br \/>\nSalida a Salamanca. Visita de la ciudad con gu\u00eda local que nos mostrar\u00e1 el encanto de la denominada ciudad dorada, donde destaca las dos catedrales, la casa de las conchas, y la bella plaza Mayor del S.XVIII. Almuerzo. Por la tarde visitaremos Zamora, podemos destacar su catedral del Siglo XII, de estilo rom\u00e1nico y la c\u00fapula, los bellos tapices, etc. Cena y alojamiento.<\/p>\n<p><strong>D\u00eda 5: MIRANDA DO DOURO \u2013 CRUCERO POR EL DUERO<\/strong><br \/>\nSalida a la poblaci\u00f3n portuguesa de Miranda do Douro. Visita guiada en el centro hist\u00f3rico. De especial inter\u00e9s son sus murallas y castillo, y por su parte su catedral, Miranda fue durante dos siglos sede episcopal, aunque en el siglo XVIII se traslad\u00f3 a Braganza. Almuerzo en un restaurante t\u00edpico de la zona. Por la tarde realizaremos un fascinante recorrido en barco por el r\u00edo Duero, pudiendo admirar todas las bellezas de la zona. Degustaci\u00f3n de vinos de Oporto. Regreso al hotel. Cena y alojamiento<\/p>\n<p><strong>D\u00eda 6: TORO<\/strong><br \/>\nPor la ma\u00f1ana visitaremos Toro, una ciudad llena de monumentos y de historia. Daremos un paseo por el centro, veremos la colegiata, testimonio de la importancia conseguida en Toro en el S.XII. De su interior destaca la &quot;Portada de la Majestad&quot; s. XIII, esculpida en piedra, que conserva su policrom\u00eda original, caracter\u00edstica que la hace \u00fanica. Regreso al hotel. Tarde libre en el centro de Zamora. Cena y alojamiento.<\/p>\n<p><strong>D\u00eda 7: ZAMORA - MEDINA DEL CAMPO - MADRID - AVE - BARCELONA \/ TARRAGONA \/ GIRONA<\/strong><br \/>\nSalida a Medina de Campo. Visitaremos el castillo de la Mota, construido durante la segunda mitad del S.XV, bajo los reinados de Enrique IV y los Reyes Cat\u00f3licos, quienes mandaron construir la barrera defensiva, con la que pasaron de tener un castillo m\u00e1s, en poseer uno de los mejores Parques de Artiller\u00eda que exist\u00edan en la Europa de esos momentos. Almuerzo en restaurante. Por la tarde, regreso al punto de partida en AVE. Llegada y fin de nuestros servicios.<\/p>","protected":false},"excerpt":{"rendered":"<p><strong>INCLUYE:\u00a0<\/strong><\/p>\n<ul>\n<li>Traslados origen-estaci\u00f3n y regreso (m\u00ednimo 25 pax)<\/li>\n<li>AVE BCN\/TAR\/GIR \u2013 Madrid \u2013 BCN\/TAR\/GIR<\/li>\n<li>Autocar de lujo todo el circuito<\/li>\n<li>Gu\u00eda acompa\u00f1ante de AIGE<\/li>\n<li>Gu\u00eda local en Salamanca, Astorga, Miranda, Toro y Zamora<\/li>\n<li>Hotel 3***<\/li>\n<li>Pensi\u00f3n completa con vino y agua (del almuerzo del d\u00eda 1 al almuerzo del d\u00eda 7)<\/li>\n<li>Entrada en el Palacio Episcopal de Astorga<\/li>\n<li>Entrada en la Catedral de Le\u00f3n y de Zamora<\/li>\n<li>Entrada en la Universidad de Salamanca<\/li>\n<li>Entrada en la Casa de las Conchas de Salamanca<\/li>\n<li>Entrada al Castillo de La Mota<\/li>\n<li>Crucero por el r\u00edo Duero<\/li>\n<li>Seguro de asistencia en viaje<\/li>\n<\/ul>\n<p><strong><em>Nota sobre el alojamiento: <\/em><\/strong><strong><em>todas las noches en el mismo hotel<\/em><\/strong><\/p>","protected":false},"featured_media":1140,"template":"","meta":[],"product_cat":[52,37],"product_tag":[],"class_list":["post-1146","product","type-product","status-publish","has-post-thumbnail","hentry","product_cat-amb-ave","product_cat-circuits-nacional"],"yoast_head":"<!-- This site is optimized with the Yoast SEO plugin v21.7 - https:\/\/yoast.com\/wordpress\/plugins\/seo\/ -->\n<title>CASTELLA LE\u00d3N - 7 DIES - AIGE Viatges<\/title>\n<meta name=\"description\" content=\"Agencia de viajes online | Descubre nuestros viajes inolvidables a CASTELLA LE\u00d3N - 7 DIES\" \/>\n<meta name=\"robots\" content=\"index, follow, max-snippet:-1, max-image-preview:large, max-video-preview:-1\" \/>\n<link rel=\"canonical\" href=\"https:\/\/aigeviatges.com\/es\/producto\/castella-leo-7-dias\/\" \/>\n<meta property=\"og:locale\" content=\"es_ES\" \/>\n<meta property=\"og:type\" content=\"article\" \/>\n<meta property=\"og:title\" content=\"CASTELLA LE\u00d3N - 7 DIES - AIGE Viatges\" \/>\n<meta property=\"og:description\" content=\"Agencia de viajes online | Descubre nuestros viajes inolvidables a CASTELLA LE\u00d3N - 7 DIES\" \/>\n<meta property=\"og:url\" content=\"https:\/\/aigeviatges.com\/es\/producto\/castella-leo-7-dias\/\" \/>\n<meta property=\"og:site_name\" content=\"AIGE Viatges\" \/>\n<meta property=\"article:publisher\" content=\"https:\/\/www.facebook.com\/viatgesaige\/\" \/>\n<meta property=\"article:modified_time\" content=\"2021-03-17T11:59:42+00:00\" \/>\n<meta property=\"og:image\" content=\"https:\/\/aigeviatges.com\/wp-content\/uploads\/2021\/03\/Z-MOTA.jpg\" \/>\n\t<meta property=\"og:image:width\" content=\"650\" \/>\n\t<meta property=\"og:image:height\" content=\"450\" \/>\n\t<meta property=\"og:image:type\" content=\"image\/jpeg\" \/>\n<meta name=\"twitter:card\" content=\"summary_large_image\" \/>\n<meta name=\"twitter:label1\" content=\"Tiempo de lectura\" \/>\n\t<meta name=\"twitter:data1\" content=\"3 minutos\" \/>\n<script type=\"application\/ld+json\" class=\"yoast-schema-graph\">{\"@context\":\"https:\/\/schema.org\",\"@graph\":[{\"@type\":\"WebPage\",\"@id\":\"https:\/\/aigeviatges.com\/producto\/castella-lleo-7-dies\/\",\"url\":\"https:\/\/aigeviatges.com\/producto\/castella-lleo-7-dies\/\",\"name\":\"CASTELLA LE\u00d3N - 7 DIES - AIGE Viatges\",\"isPartOf\":{\"@id\":\"https:\/\/aigeviatges.com\/#website\"},\"datePublished\":\"2021-03-05T12:36:44+00:00\",\"dateModified\":\"2021-03-17T11:59:42+00:00\",\"description\":\"Agencia de viajes online | Descubre nuestros viajes inolvidables a CASTELLA LE\u00d3N - 7 DIES\",\"breadcrumb\":{\"@id\":\"https:\/\/aigeviatges.com\/producto\/castella-lleo-7-dies\/#breadcrumb\"},\"inLanguage\":\"es\",\"potentialAction\":[{\"@type\":\"ReadAction\",\"target\":[\"https:\/\/aigeviatges.com\/producto\/castella-lleo-7-dies\/\"]}]},{\"@type\":\"BreadcrumbList\",\"@id\":\"https:\/\/aigeviatges.com\/producto\/castella-lleo-7-dies\/#breadcrumb\",\"itemListElement\":[{\"@type\":\"ListItem\",\"position\":1,\"name\":\"Portada\",\"item\":\"https:\/\/aigeviatges.com\/\"},{\"@type\":\"ListItem\",\"position\":2,\"name\":\"Tienda\",\"item\":\"https:\/\/aigeviatges.com\/tienda-2\/\"},{\"@type\":\"ListItem\",\"position\":3,\"name\":\"CASTELLA LE\u00d3N &#8211; 7 DIES\"}]},{\"@type\":\"WebSite\",\"@id\":\"https:\/\/aigeviatges.com\/#website\",\"url\":\"https:\/\/aigeviatges.com\/\",\"name\":\"AIGE Viatges\",\"description\":\"Agencia de viajes especializada en producto propio para grupos.\",\"publisher\":{\"@id\":\"https:\/\/aigeviatges.com\/#organization\"},\"potentialAction\":[{\"@type\":\"SearchAction\",\"target\":{\"@type\":\"EntryPoint\",\"urlTemplate\":\"https:\/\/aigeviatges.com\/?s={search_term_string}\"},\"query-input\":\"required name=search_term_string\"}],\"inLanguage\":\"es\"},{\"@type\":\"Organization\",\"@id\":\"https:\/\/aigeviatges.com\/#organization\",\"name\":\"AIGE Viatges\",\"url\":\"https:\/\/aigeviatges.com\/\",\"logo\":{\"@type\":\"ImageObject\",\"inLanguage\":\"es\",\"@id\":\"https:\/\/aigeviatges.com\/#\/schema\/logo\/image\/\",\"url\":\"https:\/\/aigeviatges.com\/wp-content\/uploads\/2020\/03\/aig-viatges-logo-web.png\",\"contentUrl\":\"https:\/\/aigeviatges.com\/wp-content\/uploads\/2020\/03\/aig-viatges-logo-web.png\",\"width\":600,\"height\":166,\"caption\":\"AIGE Viatges\"},\"image\":{\"@id\":\"https:\/\/aigeviatges.com\/#\/schema\/logo\/image\/\"},\"sameAs\":[\"https:\/\/www.facebook.com\/viatgesaige\/\"]}]}<\/script>\n<!-- \/ Yoast SEO plugin. -->","yoast_head_json":{"title":"CASTELLA LE\u00d3N - 7 DIES - AIGE Viatges","description":"Agencia de viajes online | Descubre nuestros viajes inolvidables a CASTELLA LE\u00d3N - 7 DIES","robots":{"index":"index","follow":"follow","max-snippet":"max-snippet:-1","max-image-preview":"max-image-preview:large","max-video-preview":"max-video-preview:-1"},"canonical":"https:\/\/aigeviatges.com\/es\/producto\/castella-leo-7-dias\/","og_locale":"es_ES","og_type":"article","og_title":"CASTELLA LE\u00d3N - 7 DIES - AIGE Viatges","og_description":"Agencia de viajes online | Descubre nuestros viajes inolvidables a CASTELLA LE\u00d3N - 7 DIES","og_url":"https:\/\/aigeviatges.com\/es\/producto\/castella-leo-7-dias\/","og_site_name":"AIGE Viatges","article_publisher":"https:\/\/www.facebook.com\/viatgesaige\/","article_modified_time":"2021-03-17T11:59:42+00:00","og_image":[{"width":650,"height":450,"url":"https:\/\/aigeviatges.com\/wp-content\/uploads\/2021\/03\/Z-MOTA.jpg","type":"image\/jpeg"}],"twitter_card":"summary_large_image","twitter_misc":{"Tiempo de lectura":"3 minutos"},"schema":{"@context":"https:\/\/schema.org","@graph":[{"@type":"WebPage","@id":"https:\/\/aigeviatges.com\/producto\/castella-lleo-7-dies\/","url":"https:\/\/aigeviatges.com\/producto\/castella-lleo-7-dies\/","name":"CASTELLA LE\u00d3N - 7 DIES - AIGE Viatges","isPartOf":{"@id":"https:\/\/aigeviatges.com\/#website"},"datePublished":"2021-03-05T12:36:44+00:00","dateModified":"2021-03-17T11:59:42+00:00","description":"Agencia de viajes online | Descubre nuestros viajes inolvidables a CASTELLA LE\u00d3N - 7 DIES","breadcrumb":{"@id":"https:\/\/aigeviatges.com\/producto\/castella-lleo-7-dies\/#breadcrumb"},"inLanguage":"es","potentialAction":[{"@type":"ReadAction","target":["https:\/\/aigeviatges.com\/producto\/castella-lleo-7-dies\/"]}]},{"@type":"BreadcrumbList","@id":"https:\/\/aigeviatges.com\/producto\/castella-lleo-7-dies\/#breadcrumb","itemListElement":[{"@type":"ListItem","position":1,"name":"Portada","item":"https:\/\/aigeviatges.com\/"},{"@type":"ListItem","position":2,"name":"Tienda","item":"https:\/\/aigeviatges.com\/tienda-2\/"},{"@type":"ListItem","position":3,"name":"CASTELLA LE\u00d3N &#8211; 7 DIES"}]},{"@type":"WebSite","@id":"https:\/\/aigeviatges.com\/#website","url":"https:\/\/aigeviatges.com\/","name":"AIGE Viatges","description":"Agencia de viajes especializada en producto propio para grupos.","publisher":{"@id":"https:\/\/aigeviatges.com\/#organization"},"potentialAction":[{"@type":"SearchAction","target":{"@type":"EntryPoint","urlTemplate":"https:\/\/aigeviatges.com\/?s={search_term_string}"},"query-input":"required name=search_term_string"}],"inLanguage":"es"},{"@type":"Organization","@id":"https:\/\/aigeviatges.com\/#organization","name":"AIGE Viatges","url":"https:\/\/aigeviatges.com\/","logo":{"@type":"ImageObject","inLanguage":"es","@id":"https:\/\/aigeviatges.com\/#\/schema\/logo\/image\/","url":"https:\/\/aigeviatges.com\/wp-content\/uploads\/2020\/03\/aig-viatges-logo-web.png","contentUrl":"https:\/\/aigeviatges.com\/wp-content\/uploads\/2020\/03\/aig-viatges-logo-web.png","width":600,"height":166,"caption":"AIGE Viatges"},"image":{"@id":"https:\/\/aigeviatges.com\/#\/schema\/logo\/image\/"},"sameAs":["https:\/\/www.facebook.com\/viatgesaige\/"]}]}},"jetpack_sharing_enabled":true,"jetpack_likes_enabled":false,"_links":{"self":[{"href":"https:\/\/aigeviatges.com\/es\/wp-json\/wp\/v2\/product\/1146","targetHints":{"allow":["GET"]}}],"collection":[{"href":"https:\/\/aigeviatges.com\/es\/wp-json\/wp\/v2\/product"}],"about":[{"href":"https:\/\/aigeviatges.com\/es\/wp-json\/wp\/v2\/types\/product"}],"wp:featuredmedia":[{"embeddable":true,"href":"https:\/\/aigeviatges.com\/es\/wp-json\/wp\/v2\/media\/1140"}],"wp:attachment":[{"href":"https:\/\/aigeviatges.com\/es\/wp-json\/wp\/v2\/media?parent=1146"}],"wp:term":[{"taxonomy":"product_cat","embeddable":true,"href":"https:\/\/aigeviatges.com\/es\/wp-json\/wp\/v2\/product_cat?post=1146"},{"taxonomy":"product_tag","embeddable":true,"href":"https:\/\/aigeviatges.com\/es\/wp-json\/wp\/v2\/product_tag?post=1146"}],"curies":[{"name":"wp","href":"https:\/\/api.w.org\/{rel}","templated":true}]}}