{"id":1128,"date":"2021-03-04T18:24:21","date_gmt":"2021-03-04T18:24:21","guid":{"rendered":"https:\/\/aigeviatges.com\/?post_type=product&#038;p=1128"},"modified":"2023-11-14T14:29:13","modified_gmt":"2023-11-14T14:29:13","slug":"irlanda-7-dies","status":"publish","type":"product","link":"https:\/\/aigeviatges.com\/es\/producto\/irlanda-7-dias\/","title":{"rendered":"IRLANDA \u2013 7 D\u00cdAS"},"content":{"rendered":"<p><strong>D\u00eda 1: BARCELONA O GIRONA - DUBLIN <\/strong><br \/>\nSalida en avi\u00f3n a Irlanda. Visita pie del centro hist\u00f3rico de Dubl\u00edn. Recorreremos los lugares m\u00e1s interesantes del centro de la ciudad desde el Trinity College hasta el Castell de Dubl\u00edn, con un gu\u00eda que nos contar\u00e1 el papel de cada uno de ellos en la historia de la ciudad, terminaremos con un paseo por los jardines del Castell. Acomodaci\u00f3n en el hotel. Cena y alojamiento.<\/p>\n<p><strong>D\u00eda 2: DUBLIN \u2013 WICKLOW \u2013 GLENDALOUGH \u2013 DUBLIN <\/strong><br \/>\nExcursi\u00f3n a las monta\u00f1as de Wicklow, podremos contemplar los t\u00edpicos paisajes irlandeses llenos de valles y lagos. Visitaremos el taller de tejidos de lana m\u00e1s antiguo de Irlanda. Continuaremos con la visita de Glendalough, con sus bell\u00edsimos lagos y las ruinas del antiguo monasterio. Regreso a Dubl\u00edn atravesando la zona de Sally&#039;s Gap, donde se rodaron algunas escenas de la pel\u00edcula Braveheart. Cena y alojamiento.<\/p>\n<p><strong>D\u00eda 3: DUBLIN \u2013 BELFAST \u2013 CALZADA DEL GIGANTE \u2013 DUBLIN <\/strong><br \/>\nExcursi\u00f3n al Norte de Irlanda visitaremos la Calzada del Gigante, unas estructuras de roca bas\u00e1ltica de forma hexagonal que hacen un paisaje \u00fanico en todo el mundo, conjunto natural declarado patrimonio de la humanidad por la Unesco. Almuerzo. Llegada a Belfast, visitaremos la capital del norte, un paseo por los barrios, observaremos los murales, testigos de la lucha entre comunidades. Cena y alojamiento.<\/p>\n<p><strong>D\u00eda 4: DESTILER\u00cdA DE WHISKY KILBEGGAN - PNBURREN - GALWAY\u00a0 <\/strong><br \/>\nVisita a la destiler\u00eda Kilbeggan, conoceremos el proceso de elaboraci\u00f3n del whisky irland\u00e9s de la m\u00e1s antigua destiler\u00eda del mundo con autorizaci\u00f3n o licencia. Almuerzo. Por la tarde, atravesaremos el PN Burren (en irland\u00e9s \u201clugar rocoso\u201d) regi\u00f3n k\u00e1rstica fascinante donde el agua, que fluye de la profundidad, ha creado cuevas y cavidades subterr\u00e1neas con la apariencia de un territorio lunar. Continuaci\u00f3n fina a Galway. Acomodaci\u00f3n en el hotel. Cena y alojamiento.<\/p>\n<p><strong>D\u00eda 5: CLIFDEN - ABADIA DE KYLEMORE <\/strong><br \/>\nExcursi\u00f3n al coraz\u00f3n de la regi\u00f3n de Connemara, veremos el t\u00edpico paisaje de Irlanda, Prats, ovejas, castillos, hasta llegar a Clifden. Visita de la ciudad y almuerzo. Por la tarde visitaremos la abad\u00eda de Kylemore, impresionante edificio de piedra gris, llamado &quot;el Taj Mahal de Irlanda&quot;, un palacio que data del siglo XIX. Dentro podemos encontrar la recreaci\u00f3n de la vivienda original, profusamente decorada con muebles de la \u00e9poca. Regreso a Galway. Cena y alojamiento.<\/p>\n<p><strong>D\u00eda 6: PE\u00d1A-SEGADOS DE MOHER \u2013 DOOLIN <\/strong><br \/>\nVisita a los acantilados majestuosos e imponentes de Moher de fama mundial, que se elevan a m\u00e1s de 200 metros de altura y 8 km de extensi\u00f3n sobre el Oc\u00e9ano Atl\u00e1ntico, un espect\u00e1culo de la naturaleza que nos dejar\u00e1 sin aliento. Almuerzo. Continuaremos la ruta costera visitando el pueblo de Doolin, famoso por ser la cuna de la m\u00fasica irlandesa. Regreso a Galway. Cena y alojamiento.<\/p>\n<p><strong>D\u00eda 7: CASTILLO MALAHIDE - BARCELONA O GIRONA\u00a0\u00a0<\/strong><br \/>\nSalida a la poblaci\u00f3n de Malahide. Visita del Castillo situado en una enorme finca que perteneci\u00f3 a la familia Talbot por m\u00e1s de ocho siglos. El Castell est\u00e1 lleno de historias de fantasmas. Hasta cinco fantasmas dicen ser los esp\u00edritus que habitan en el castillo. En la visita podremos ver la colecci\u00f3n de muebles del siglo XVIII, gran vest\u00edbulo y la Oak room. Almuerzo en rto. Traslado al aeropuerto y salida en avi\u00f3n a Barcelona o Gerona. Fin de nuestros servicios.<\/p>","protected":false},"excerpt":{"rendered":"<p><strong>INCLUYE:\u00a0<\/strong><\/p>\n<ul>\n<li>Traslados al apt y regreso (m\u00ednimo 25 pax)<\/li>\n<li>Avi\u00f3n BCN o GIR - Dubl\u00edn - BCN o GIR + Maleta (15 kg) y tasas<\/li>\n<li>Autocar local todo el circuito<\/li>\n<li>Gu\u00eda acompa\u00f1ante de AIGE + gu\u00eda local en Dubl\u00edn<\/li>\n<li>Hoteles 3*** o 4**** <em>(seg\u00fan elecci\u00f3n)<\/em><\/li>\n<li>Pensi\u00f3n completa con agua (de la cena del d\u00eda 1 al almuerzo del d\u00eda 6)<\/li>\n<li>Entradas seg\u00fan itinerario<\/li>\n<li>Destiler\u00eda Kilbeggan<\/li>\n<li>Seguro de asistencia en viaje<\/li>\n<\/ul>\n<p><em><strong>Nota sobre el alojamiento: 3 noches en zona Dubl\u00edn + 3 noches en zona Galway\u00a0<\/strong><\/em><\/p>","protected":false},"featured_media":1129,"template":"","meta":[],"product_cat":[25,83,108],"product_tag":[],"class_list":["post-1128","product","type-product","status-publish","has-post-thumbnail","hentry","product_cat-circuits-tot-inclos","product_cat-gran-bretanya-i-irlanda","product_cat-irlanda-2"],"yoast_head":"<!-- This site is optimized with the Yoast SEO plugin v21.7 - https:\/\/yoast.com\/wordpress\/plugins\/seo\/ -->\n<title>IRLANDA - 7 DIES - AIGE Viatges<\/title>\n<meta name=\"description\" content=\"Agencia de viajes online | Descubre nuestros viajes inolvidables a IRLANDA - 7 DIES\" \/>\n<meta name=\"robots\" content=\"index, follow, max-snippet:-1, max-image-preview:large, max-video-preview:-1\" \/>\n<link rel=\"canonical\" href=\"https:\/\/aigeviatges.com\/es\/producto\/irlanda-7-dias\/\" \/>\n<meta property=\"og:locale\" content=\"es_ES\" \/>\n<meta property=\"og:type\" content=\"article\" \/>\n<meta property=\"og:title\" content=\"IRLANDA - 7 DIES - AIGE Viatges\" \/>\n<meta property=\"og:description\" content=\"Agencia de viajes online | Descubre nuestros viajes inolvidables a IRLANDA - 7 DIES\" \/>\n<meta property=\"og:url\" content=\"https:\/\/aigeviatges.com\/es\/producto\/irlanda-7-dias\/\" \/>\n<meta property=\"og:site_name\" content=\"AIGE Viatges\" \/>\n<meta property=\"article:publisher\" content=\"https:\/\/www.facebook.com\/viatgesaige\/\" \/>\n<meta property=\"article:modified_time\" content=\"2023-11-14T14:29:13+00:00\" \/>\n<meta property=\"og:image\" content=\"https:\/\/aigeviatges.com\/wp-content\/uploads\/2021\/03\/22-IR-GIG.jpg\" \/>\n\t<meta property=\"og:image:width\" content=\"600\" \/>\n\t<meta property=\"og:image:height\" content=\"600\" \/>\n\t<meta property=\"og:image:type\" content=\"image\/jpeg\" \/>\n<meta name=\"twitter:card\" content=\"summary_large_image\" \/>\n<meta name=\"twitter:label1\" content=\"Tiempo de lectura\" \/>\n\t<meta name=\"twitter:data1\" content=\"3 minutos\" \/>\n<script type=\"application\/ld+json\" class=\"yoast-schema-graph\">{\"@context\":\"https:\/\/schema.org\",\"@graph\":[{\"@type\":\"WebPage\",\"@id\":\"https:\/\/aigeviatges.com\/producto\/irlanda-7-dies\/\",\"url\":\"https:\/\/aigeviatges.com\/producto\/irlanda-7-dies\/\",\"name\":\"IRLANDA - 7 DIES - AIGE Viatges\",\"isPartOf\":{\"@id\":\"https:\/\/aigeviatges.com\/#website\"},\"datePublished\":\"2021-03-04T18:24:21+00:00\",\"dateModified\":\"2023-11-14T14:29:13+00:00\",\"description\":\"Agencia de viajes online | Descubre nuestros viajes inolvidables a IRLANDA - 7 DIES\",\"breadcrumb\":{\"@id\":\"https:\/\/aigeviatges.com\/producto\/irlanda-7-dies\/#breadcrumb\"},\"inLanguage\":\"es\",\"potentialAction\":[{\"@type\":\"ReadAction\",\"target\":[\"https:\/\/aigeviatges.com\/producto\/irlanda-7-dies\/\"]}]},{\"@type\":\"BreadcrumbList\",\"@id\":\"https:\/\/aigeviatges.com\/producto\/irlanda-7-dies\/#breadcrumb\",\"itemListElement\":[{\"@type\":\"ListItem\",\"position\":1,\"name\":\"Portada\",\"item\":\"https:\/\/aigeviatges.com\/\"},{\"@type\":\"ListItem\",\"position\":2,\"name\":\"Tienda\",\"item\":\"https:\/\/aigeviatges.com\/tienda-2\/\"},{\"@type\":\"ListItem\",\"position\":3,\"name\":\"IRLANDA &#8211; 7 DIES\"}]},{\"@type\":\"WebSite\",\"@id\":\"https:\/\/aigeviatges.com\/#website\",\"url\":\"https:\/\/aigeviatges.com\/\",\"name\":\"AIGE Viatges\",\"description\":\"Agencia de viajes especializada en producto propio para grupos.\",\"publisher\":{\"@id\":\"https:\/\/aigeviatges.com\/#organization\"},\"potentialAction\":[{\"@type\":\"SearchAction\",\"target\":{\"@type\":\"EntryPoint\",\"urlTemplate\":\"https:\/\/aigeviatges.com\/?s={search_term_string}\"},\"query-input\":\"required name=search_term_string\"}],\"inLanguage\":\"es\"},{\"@type\":\"Organization\",\"@id\":\"https:\/\/aigeviatges.com\/#organization\",\"name\":\"AIGE Viatges\",\"url\":\"https:\/\/aigeviatges.com\/\",\"logo\":{\"@type\":\"ImageObject\",\"inLanguage\":\"es\",\"@id\":\"https:\/\/aigeviatges.com\/#\/schema\/logo\/image\/\",\"url\":\"https:\/\/aigeviatges.com\/wp-content\/uploads\/2020\/03\/aig-viatges-logo-web.png\",\"contentUrl\":\"https:\/\/aigeviatges.com\/wp-content\/uploads\/2020\/03\/aig-viatges-logo-web.png\",\"width\":600,\"height\":166,\"caption\":\"AIGE Viatges\"},\"image\":{\"@id\":\"https:\/\/aigeviatges.com\/#\/schema\/logo\/image\/\"},\"sameAs\":[\"https:\/\/www.facebook.com\/viatgesaige\/\"]}]}<\/script>\n<!-- \/ Yoast SEO plugin. -->","yoast_head_json":{"title":"IRLANDA - 7 DIES - AIGE Viatges","description":"Agencia de viajes online | Descubre nuestros viajes inolvidables a IRLANDA - 7 DIES","robots":{"index":"index","follow":"follow","max-snippet":"max-snippet:-1","max-image-preview":"max-image-preview:large","max-video-preview":"max-video-preview:-1"},"canonical":"https:\/\/aigeviatges.com\/es\/producto\/irlanda-7-dias\/","og_locale":"es_ES","og_type":"article","og_title":"IRLANDA - 7 DIES - AIGE Viatges","og_description":"Agencia de viajes online | Descubre nuestros viajes inolvidables a IRLANDA - 7 DIES","og_url":"https:\/\/aigeviatges.com\/es\/producto\/irlanda-7-dias\/","og_site_name":"AIGE Viatges","article_publisher":"https:\/\/www.facebook.com\/viatgesaige\/","article_modified_time":"2023-11-14T14:29:13+00:00","og_image":[{"width":600,"height":600,"url":"https:\/\/aigeviatges.com\/wp-content\/uploads\/2021\/03\/22-IR-GIG.jpg","type":"image\/jpeg"}],"twitter_card":"summary_large_image","twitter_misc":{"Tiempo de lectura":"3 minutos"},"schema":{"@context":"https:\/\/schema.org","@graph":[{"@type":"WebPage","@id":"https:\/\/aigeviatges.com\/producto\/irlanda-7-dies\/","url":"https:\/\/aigeviatges.com\/producto\/irlanda-7-dies\/","name":"IRLANDA - 7 DIES - AIGE Viatges","isPartOf":{"@id":"https:\/\/aigeviatges.com\/#website"},"datePublished":"2021-03-04T18:24:21+00:00","dateModified":"2023-11-14T14:29:13+00:00","description":"Agencia de viajes online | Descubre nuestros viajes inolvidables a IRLANDA - 7 DIES","breadcrumb":{"@id":"https:\/\/aigeviatges.com\/producto\/irlanda-7-dies\/#breadcrumb"},"inLanguage":"es","potentialAction":[{"@type":"ReadAction","target":["https:\/\/aigeviatges.com\/producto\/irlanda-7-dies\/"]}]},{"@type":"BreadcrumbList","@id":"https:\/\/aigeviatges.com\/producto\/irlanda-7-dies\/#breadcrumb","itemListElement":[{"@type":"ListItem","position":1,"name":"Portada","item":"https:\/\/aigeviatges.com\/"},{"@type":"ListItem","position":2,"name":"Tienda","item":"https:\/\/aigeviatges.com\/tienda-2\/"},{"@type":"ListItem","position":3,"name":"IRLANDA &#8211; 7 DIES"}]},{"@type":"WebSite","@id":"https:\/\/aigeviatges.com\/#website","url":"https:\/\/aigeviatges.com\/","name":"AIGE Viatges","description":"Agencia de viajes especializada en producto propio para grupos.","publisher":{"@id":"https:\/\/aigeviatges.com\/#organization"},"potentialAction":[{"@type":"SearchAction","target":{"@type":"EntryPoint","urlTemplate":"https:\/\/aigeviatges.com\/?s={search_term_string}"},"query-input":"required name=search_term_string"}],"inLanguage":"es"},{"@type":"Organization","@id":"https:\/\/aigeviatges.com\/#organization","name":"AIGE Viatges","url":"https:\/\/aigeviatges.com\/","logo":{"@type":"ImageObject","inLanguage":"es","@id":"https:\/\/aigeviatges.com\/#\/schema\/logo\/image\/","url":"https:\/\/aigeviatges.com\/wp-content\/uploads\/2020\/03\/aig-viatges-logo-web.png","contentUrl":"https:\/\/aigeviatges.com\/wp-content\/uploads\/2020\/03\/aig-viatges-logo-web.png","width":600,"height":166,"caption":"AIGE Viatges"},"image":{"@id":"https:\/\/aigeviatges.com\/#\/schema\/logo\/image\/"},"sameAs":["https:\/\/www.facebook.com\/viatgesaige\/"]}]}},"jetpack_sharing_enabled":true,"jetpack_likes_enabled":false,"_links":{"self":[{"href":"https:\/\/aigeviatges.com\/es\/wp-json\/wp\/v2\/product\/1128","targetHints":{"allow":["GET"]}}],"collection":[{"href":"https:\/\/aigeviatges.com\/es\/wp-json\/wp\/v2\/product"}],"about":[{"href":"https:\/\/aigeviatges.com\/es\/wp-json\/wp\/v2\/types\/product"}],"wp:featuredmedia":[{"embeddable":true,"href":"https:\/\/aigeviatges.com\/es\/wp-json\/wp\/v2\/media\/1129"}],"wp:attachment":[{"href":"https:\/\/aigeviatges.com\/es\/wp-json\/wp\/v2\/media?parent=1128"}],"wp:term":[{"taxonomy":"product_cat","embeddable":true,"href":"https:\/\/aigeviatges.com\/es\/wp-json\/wp\/v2\/product_cat?post=1128"},{"taxonomy":"product_tag","embeddable":true,"href":"https:\/\/aigeviatges.com\/es\/wp-json\/wp\/v2\/product_tag?post=1128"}],"curies":[{"name":"wp","href":"https:\/\/api.w.org\/{rel}","templated":true}]}}