{"id":1108,"date":"2021-03-04T15:14:50","date_gmt":"2021-03-04T15:14:50","guid":{"rendered":"https:\/\/aigeviatges.com\/?post_type=product&#038;p=1108"},"modified":"2021-03-18T14:33:34","modified_gmt":"2021-03-18T14:33:34","slug":"gran-tour-descocia-i-illa-skye-9-dies","status":"publish","type":"product","link":"https:\/\/aigeviatges.com\/es\/producto\/gran-tour-descocia-e-isla-skye-9-dias\/","title":{"rendered":"GRAN TOUR DE ESCOCIA E ISLA SKYE \u2013 9 D\u00cdAS"},"content":{"rendered":"<p><strong>D\u00eda 1: BARCELONA O GIRONA \u2013 EDIMBURGO \u2013 ZONA PERTH<\/strong><br \/>\nTraslado al aeropuerto y salida en avi\u00f3n a Escocia. Visita panor\u00e1mica de Edimburgo. Veremos la Ciudad Medieval, con el Castillo domin\u00e1ndolo todo sobre una roca volc\u00e1nica, la Milla Real etc. Seguiremos por South Queensferry para contemplar el puente met\u00e1lico de ferrocarril, el m\u00e1s largo de su \u00e9poca y hoy en d\u00eda uno de los s\u00edmbolos de Escocia, continuaci\u00f3n al hotel situado en las inmediaciones de Perth. Acomodaci\u00f3n. Cena y alojamiento.<\/p>\n<p><strong>D\u00eda 2: STIRLING \u2013 DUNFERMLINE<\/strong><br \/>\nSalida a Stirling. Visitaremos el magn\u00edfico Castillo de Stirling, de gran inter\u00e9s hist\u00f3rico y convertido en residencia real a partir de 1216, la \u00faltima batalla que vivi\u00f3 fue su defensa ante el ataque de los jacobitas en 1746. Continuaci\u00f3n hasta Dunfermline donde visitaremos el &#039; espectacular Abad\u00eda, famosa por ser el lugar donde se encuentra enterrado Robert the Bruce, rey de Escocia entre 1306 y 1329. Regreso al hotel. Cena y alojamiento.<\/p>\n<p><strong>D\u00eda 3: ST ANDREWS \u2013 CASTILLO DE EDIMBURGO<\/strong><br \/>\nSalida a St Andrews, conocido como la cuna del golf \u00bb. Visitaremos su Castillo y la Catedral, que nos explican las luchas religiosas y la importancia de ser la guardiana de las reliquias de San Andr\u00e9w, patr\u00f3n de Escocia. Tanto por su antig\u00fcedad como por su historia es una de las ciudades m\u00e1s emblem\u00e1ticas y hermosas del pa\u00eds. Por la tarde visitaremos el famoso Castillo de Edimburgo con tres de sus lados protegidos por acantilados, cuya \u00fanica v\u00eda de acceso al castillo es la empinada Castlehill. Regreso al hotel. Cena y alojamiento.<\/p>\n<p><strong>D\u00eda 4: REGI\u00d3N DE LOS BORDERS \u2013 CASTILLO DE FLOORES<\/strong><br \/>\nSalida a la regi\u00f3n de los bordeeros, tierras bajas. Nuestra primera parada es Melrose con la visita de su Abad\u00eda, que ahora es la ruina m\u00e1s famosa de Escocia, debido a la piedra elegante y elaborada que se mantiene intacta. Despu\u00e9s visitaremos la Abad\u00eda de Jedburgh, una de las abad\u00edas fundadas por David I alrededor del a\u00f1o 1138 para los can\u00f3nigos agustinos. Seguiremos la ruta hasta la peque\u00f1a ciudad de Kelso, uno de los pueblos de la frontera escocesa m\u00e1s pintorescas, con sus calles adoquinadas, que nos llevan a una amplia plaza elegante, y sus casas de tres plantas de los siglos XVIII y XIX. Visitaremos el Castillo de Floors, propiedad del Duque de Roxburghe. La original mansi\u00f3n georgiana fue construida por Robert Adam en 1726, aunque m\u00e1s tarde fue remodelada en 1840. S\u00f3lo 10 habitaciones est\u00e1n abiertas al p\u00fablico, pero son muy elegantes y de estilo palaciego. Tiene una gran colecci\u00f3n de muebles europeos, porcelanas y cuadros de Picasso y Matisse, y un tapiz de Bruselas del siglo XV. Floors es el mayor castillo habitado de Escocia y, su actual ocupante, el d\u00e9cimo Duque de Roxburghe, es un amigo cercano de la familia real. Regreso al hotel. Cena y alojamiento.<\/p>\n<p><strong>D\u00eda 5: CASTILLO DE DUNNOTTAR \u2013 KIRRIEMUR \u2013 CASTILLO DE GLAMIS<\/strong><br \/>\nSalida a la costa este hasta llegar al castillo de Dunnottar, con una espectacular posici\u00f3n en los acantilados de la costa escocesa, fue clave en las guerras de Independencia de Escocia ocurridas en los siglos XIII y XIV. Robert the Bruce, el aut\u00e9ntico Braveheart, lo liber\u00f3 de manos inglesas. Seguiremos ruta en Kirriemur, famosa poblaci\u00f3n escocesa por encontrarse la casa de JM Barrie, el autor de Peter Pan. Almuerzo en rto. Por la tarde visitaremos el castillo de Glamis. Este sitio fue testigo del asesinato del rey Duncan a cargo del rey Macbeth. Las leyendas, fantasmas y maldiciones que envuelven generalmente a los castillos escoceses est\u00e1n bien representadas en este castillo. El mobiliario, las obras de arte y los jardines son lo m\u00e1s destacado del sitio. Regreso al hotel. Cena y alojamiento.<\/p>\n<p><strong>D\u00eda 6: INVERNESS \u2013 LAGO NESS \u2013 HIGHLANDS (TIERRAS ALTAS)<\/strong><br \/>\nSalida a las tierras altas, a Inverness (capital de la regi\u00f3n) donde dispondremos de algo de tiempo libre. Seguidamente bordearemos el misterioso lago Ness, uno de los paisajes m\u00e1s impresionantes de la naturaleza escocesa donde se mezcla el verdor de los prados con el agua helada y, por supuesto, con las leyendas del famoso Monstruo que se ha convertido en toda una instituci\u00f3n en las Tierras Altas. Llegaremos al castillo de Urquhart, situado sobre un promontorio a orillas del lago, lugar ideal para ver a Nessie, el legendario monstruo. Visita del mismo. Continuaci\u00f3n en el hotel situado en las Highlands. Acomodaci\u00f3n. Cena y alojamiento.<\/p>\n<p><strong>D\u00eda 7: ISLA DE SKYE \u2013 CASTILLO DE EILEAN DANAN \u2013 POLTREE \u2013 VIADUCTO DE HARRY POTTER (FERRI) \u2013 HIGHLANDS<\/strong><br \/>\nSalida a la isla de Skye. Visitaremos el castillo de Eilean Donan, el m\u00e1s fotografiado de Escocia, con un \u00fanico acceso a pie a trav\u00e9s de un antiguo puente medieval, este castillo, situado en la confluencia de tres fiordos, ha sido escenario de numerosas pel\u00edculas. Seguiremos ruta hasta los impactantes paisajes de la pen\u00ednsula de Trotternish donde veremos la espectacular ca\u00edda de agua de los acantilados de Kilt Rock y Old Man of Storr. Continuaci\u00f3n a Poltree, un encantador pueblo pesquero. Almuerzo en rto. Salida al sur de la isla atravesando el valle central con sus impresionantes paisajes. Tomaremos un ferry que nos llevar\u00e1 hasta Mallaig. De regreso al hotel haremos una parada en Glenfinnan para contemplar el famoso viaducto inmortalizado en las pel\u00edculas de Harry Potter. Cena y alojamiento.<\/p>\n<p><strong>D\u00eda 8: EL VALLE DE GLENCOE \u2013 THE TROSSACHS \u2013 CRUCERO POR EL LAGO LOMOND \u2013EL MUNDO DEL WHISKY \u2013 GLASGOW<\/strong><br \/>\nSalida a Glasgow por el valle de Glencoe, un impresionante ca\u00f1\u00f3n esculpido por los glaciares hace miles de a\u00f1os. Disfrutaremos del paisaje con las Three sisters de fondo. Continuaremos hacia el Loch Lomond donde realizaremos un crucero por el lago. En el recorrido divisaremos el magn\u00edfico Ben Lomond y varias casas se\u00f1oriales y castillos, pasaremos por Inchmurrin Island, la mayor de las 33 islas del lago y hogar de los restos del antiguo castillo de Lennox, que en el siglo XIV albergaba a un fugitivo, Robert the Bruce, antes de convertirse en rey de Escocia. Almuerzo en rto. Seguidamente visitaremos una prestigiosa destiler\u00eda de Whisky. Continuaci\u00f3n en Glasgow. Acomodaci\u00f3n en el hotel. Cena y alojamiento.<\/p>\n<p><strong>D\u00eda 9: GLASGOW - BARCELONA O GIRONA<\/strong><br \/>\nPor la ma\u00f1ana visita de Glasgow (un nombre que viene del ga\u00e9lico y significa \u201cestimado sitio verde\u201d, un nombre muy adecuado, ya que la ciudad tiene m\u00e1s de 90 parques y jardines). Visitaremos la fabulosa catedral cat\u00f3lica, construida durante los siglos XIII y XV, siendo la \u00fanica catedral medieval de Escocia que sobrevivi\u00f3 a la reforma protestante que se llev\u00f3 a cabo a finales del siglo XVI. Aqu\u00ed se encuentra la tumba del patr\u00f3n de la ciudad, San Mungo, ubicada en una cripta subterr\u00e1nea y tambi\u00e9n se conserva una de las pocas escenas de crucifijo del pa\u00eds. Almuerzo en restaurante. Traslado al aeropuerto. Salida en avi\u00f3n a Barcelona o Gerona. Llegada y fin de nuestros servicios.<\/p>","protected":false},"excerpt":{"rendered":"<p><strong>INCLUYE:\u00a0<\/strong><\/p>\n<ul>\n<li>Traslados al apt y vuelta (m\u00ednimo 25 pax)<\/li>\n<li>Avi\u00f3n BCN o GIR - Edimburgo \/ Glasgow - BCN o GIR + Maleta (15 kg) y tasas<\/li>\n<li>Autocar local todo el circuito<\/li>\n<li>Gu\u00eda acompa\u00f1ante de AIGE + gu\u00eda local en Edimburgo y Glasgow<\/li>\n<li>Hoteles 3*** o 4**** <em>(seg\u00fan elecci\u00f3n)<\/em><\/li>\n<li>Pensi\u00f3n completa con agua (de la cena del d\u00eda 1 al almuerzo del d\u00eda 9)<\/li>\n<li>Entrada a los castillos: Edimburgo, Stirling, St Andrews, Donnottar, Glamis, Floors, Urnquart y Eilean Donan<\/li>\n<li>Entrada a las Abad\u00edas: Durnfermline, Melrose y Jedburgh<\/li>\n<li>Visita a la destiler\u00eda de Whisky<\/li>\n<li>Crucero por el lago Lomond<\/li>\n<li>Ferry Armadale \u2013 Mallaig<\/li>\n<li>Seguro de asistencia en viaje<\/li>\n<\/ul>\n<p><em><strong>Nota sobre el alojamiento: 5 noches en zona Perthshire + 2 noches en las Highlands + 1 noche en Glasgow<\/strong><\/em><em>\u00a0 \u00a0<\/em><\/p>","protected":false},"featured_media":1109,"template":"","meta":[],"product_cat":[25,106,83],"product_tag":[],"class_list":["post-1108","product","type-product","status-publish","has-post-thumbnail","hentry","product_cat-circuits-tot-inclos","product_cat-escocia-2","product_cat-gran-bretanya-i-irlanda"],"yoast_head":"<!-- This site is optimized with the Yoast SEO plugin v21.7 - https:\/\/yoast.com\/wordpress\/plugins\/seo\/ -->\n<title>GRAN TOUR D&#039;ESC\u00d2CIA I ILLA SKYE - 9 DIES - AIGE Viatges<\/title>\n<meta name=\"description\" content=\"Agencia de viajes online | Descubre nuestros viajes inolvidables a GRAN TOUR D&#039;ESC\u00d2CIA I ILLA SKYE - 9 DIES\" \/>\n<meta name=\"robots\" content=\"index, follow, max-snippet:-1, max-image-preview:large, max-video-preview:-1\" \/>\n<link rel=\"canonical\" href=\"https:\/\/aigeviatges.com\/es\/producto\/gran-tour-descocia-e-isla-skye-9-dias\/\" \/>\n<meta property=\"og:locale\" content=\"es_ES\" \/>\n<meta property=\"og:type\" content=\"article\" \/>\n<meta property=\"og:title\" content=\"GRAN TOUR D&#039;ESC\u00d2CIA I ILLA SKYE - 9 DIES - AIGE Viatges\" \/>\n<meta property=\"og:description\" content=\"Agencia de viajes online | Descubre nuestros viajes inolvidables a GRAN TOUR D&#039;ESC\u00d2CIA I ILLA SKYE - 9 DIES\" \/>\n<meta property=\"og:url\" content=\"https:\/\/aigeviatges.com\/es\/producto\/gran-tour-descocia-e-isla-skye-9-dias\/\" \/>\n<meta property=\"og:site_name\" content=\"AIGE Viatges\" \/>\n<meta property=\"article:publisher\" content=\"https:\/\/www.facebook.com\/viatgesaige\/\" \/>\n<meta property=\"article:modified_time\" content=\"2021-03-18T14:33:34+00:00\" \/>\n<meta property=\"og:image\" content=\"https:\/\/aigeviatges.com\/wp-content\/uploads\/2021\/03\/3-ES-DONA.jpg\" \/>\n\t<meta property=\"og:image:width\" content=\"658\" \/>\n\t<meta property=\"og:image:height\" content=\"405\" \/>\n\t<meta property=\"og:image:type\" content=\"image\/jpeg\" \/>\n<meta name=\"twitter:card\" content=\"summary_large_image\" \/>\n<meta name=\"twitter:label1\" content=\"Tiempo de lectura\" \/>\n\t<meta name=\"twitter:data1\" content=\"6 minutos\" \/>\n<script type=\"application\/ld+json\" class=\"yoast-schema-graph\">{\"@context\":\"https:\/\/schema.org\",\"@graph\":[{\"@type\":\"WebPage\",\"@id\":\"https:\/\/aigeviatges.com\/producto\/gran-tour-descocia-i-illa-skye-9-dies\/\",\"url\":\"https:\/\/aigeviatges.com\/producto\/gran-tour-descocia-i-illa-skye-9-dies\/\",\"name\":\"GRAN TOUR D'ESC\u00d2CIA I ILLA SKYE - 9 DIES - AIGE Viatges\",\"isPartOf\":{\"@id\":\"https:\/\/aigeviatges.com\/#website\"},\"datePublished\":\"2021-03-04T15:14:50+00:00\",\"dateModified\":\"2021-03-18T14:33:34+00:00\",\"description\":\"Agencia de viajes online | Descubre nuestros viajes inolvidables a GRAN TOUR D'ESC\u00d2CIA I ILLA SKYE - 9 DIES\",\"breadcrumb\":{\"@id\":\"https:\/\/aigeviatges.com\/producto\/gran-tour-descocia-i-illa-skye-9-dies\/#breadcrumb\"},\"inLanguage\":\"es\",\"potentialAction\":[{\"@type\":\"ReadAction\",\"target\":[\"https:\/\/aigeviatges.com\/producto\/gran-tour-descocia-i-illa-skye-9-dies\/\"]}]},{\"@type\":\"BreadcrumbList\",\"@id\":\"https:\/\/aigeviatges.com\/producto\/gran-tour-descocia-i-illa-skye-9-dies\/#breadcrumb\",\"itemListElement\":[{\"@type\":\"ListItem\",\"position\":1,\"name\":\"Portada\",\"item\":\"https:\/\/aigeviatges.com\/\"},{\"@type\":\"ListItem\",\"position\":2,\"name\":\"Tienda\",\"item\":\"https:\/\/aigeviatges.com\/tienda-2\/\"},{\"@type\":\"ListItem\",\"position\":3,\"name\":\"GRAN TOUR D&#8217;ESC\u00d2CIA I ILLA SKYE &#8211; 9 DIES\"}]},{\"@type\":\"WebSite\",\"@id\":\"https:\/\/aigeviatges.com\/#website\",\"url\":\"https:\/\/aigeviatges.com\/\",\"name\":\"AIGE Viatges\",\"description\":\"Agencia de viajes especializada en producto propio para grupos.\",\"publisher\":{\"@id\":\"https:\/\/aigeviatges.com\/#organization\"},\"potentialAction\":[{\"@type\":\"SearchAction\",\"target\":{\"@type\":\"EntryPoint\",\"urlTemplate\":\"https:\/\/aigeviatges.com\/?s={search_term_string}\"},\"query-input\":\"required name=search_term_string\"}],\"inLanguage\":\"es\"},{\"@type\":\"Organization\",\"@id\":\"https:\/\/aigeviatges.com\/#organization\",\"name\":\"AIGE Viatges\",\"url\":\"https:\/\/aigeviatges.com\/\",\"logo\":{\"@type\":\"ImageObject\",\"inLanguage\":\"es\",\"@id\":\"https:\/\/aigeviatges.com\/#\/schema\/logo\/image\/\",\"url\":\"https:\/\/aigeviatges.com\/wp-content\/uploads\/2020\/03\/aig-viatges-logo-web.png\",\"contentUrl\":\"https:\/\/aigeviatges.com\/wp-content\/uploads\/2020\/03\/aig-viatges-logo-web.png\",\"width\":600,\"height\":166,\"caption\":\"AIGE Viatges\"},\"image\":{\"@id\":\"https:\/\/aigeviatges.com\/#\/schema\/logo\/image\/\"},\"sameAs\":[\"https:\/\/www.facebook.com\/viatgesaige\/\"]}]}<\/script>\n<!-- \/ Yoast SEO plugin. -->","yoast_head_json":{"title":"GRAN TOUR D'ESC\u00d2CIA I ILLA SKYE - 9 DIES - AIGE Viatges","description":"Agencia de viajes online | Descubre nuestros viajes inolvidables a GRAN TOUR D'ESC\u00d2CIA I ILLA SKYE - 9 DIES","robots":{"index":"index","follow":"follow","max-snippet":"max-snippet:-1","max-image-preview":"max-image-preview:large","max-video-preview":"max-video-preview:-1"},"canonical":"https:\/\/aigeviatges.com\/es\/producto\/gran-tour-descocia-e-isla-skye-9-dias\/","og_locale":"es_ES","og_type":"article","og_title":"GRAN TOUR D'ESC\u00d2CIA I ILLA SKYE - 9 DIES - AIGE Viatges","og_description":"Agencia de viajes online | Descubre nuestros viajes inolvidables a GRAN TOUR D'ESC\u00d2CIA I ILLA SKYE - 9 DIES","og_url":"https:\/\/aigeviatges.com\/es\/producto\/gran-tour-descocia-e-isla-skye-9-dias\/","og_site_name":"AIGE Viatges","article_publisher":"https:\/\/www.facebook.com\/viatgesaige\/","article_modified_time":"2021-03-18T14:33:34+00:00","og_image":[{"width":658,"height":405,"url":"https:\/\/aigeviatges.com\/wp-content\/uploads\/2021\/03\/3-ES-DONA.jpg","type":"image\/jpeg"}],"twitter_card":"summary_large_image","twitter_misc":{"Tiempo de lectura":"6 minutos"},"schema":{"@context":"https:\/\/schema.org","@graph":[{"@type":"WebPage","@id":"https:\/\/aigeviatges.com\/producto\/gran-tour-descocia-i-illa-skye-9-dies\/","url":"https:\/\/aigeviatges.com\/producto\/gran-tour-descocia-i-illa-skye-9-dies\/","name":"GRAN TOUR D'ESC\u00d2CIA I ILLA SKYE - 9 DIES - AIGE Viatges","isPartOf":{"@id":"https:\/\/aigeviatges.com\/#website"},"datePublished":"2021-03-04T15:14:50+00:00","dateModified":"2021-03-18T14:33:34+00:00","description":"Agencia de viajes online | Descubre nuestros viajes inolvidables a GRAN TOUR D'ESC\u00d2CIA I ILLA SKYE - 9 DIES","breadcrumb":{"@id":"https:\/\/aigeviatges.com\/producto\/gran-tour-descocia-i-illa-skye-9-dies\/#breadcrumb"},"inLanguage":"es","potentialAction":[{"@type":"ReadAction","target":["https:\/\/aigeviatges.com\/producto\/gran-tour-descocia-i-illa-skye-9-dies\/"]}]},{"@type":"BreadcrumbList","@id":"https:\/\/aigeviatges.com\/producto\/gran-tour-descocia-i-illa-skye-9-dies\/#breadcrumb","itemListElement":[{"@type":"ListItem","position":1,"name":"Portada","item":"https:\/\/aigeviatges.com\/"},{"@type":"ListItem","position":2,"name":"Tienda","item":"https:\/\/aigeviatges.com\/tienda-2\/"},{"@type":"ListItem","position":3,"name":"GRAN TOUR D&#8217;ESC\u00d2CIA I ILLA SKYE &#8211; 9 DIES"}]},{"@type":"WebSite","@id":"https:\/\/aigeviatges.com\/#website","url":"https:\/\/aigeviatges.com\/","name":"AIGE Viatges","description":"Agencia de viajes especializada en producto propio para grupos.","publisher":{"@id":"https:\/\/aigeviatges.com\/#organization"},"potentialAction":[{"@type":"SearchAction","target":{"@type":"EntryPoint","urlTemplate":"https:\/\/aigeviatges.com\/?s={search_term_string}"},"query-input":"required name=search_term_string"}],"inLanguage":"es"},{"@type":"Organization","@id":"https:\/\/aigeviatges.com\/#organization","name":"AIGE Viatges","url":"https:\/\/aigeviatges.com\/","logo":{"@type":"ImageObject","inLanguage":"es","@id":"https:\/\/aigeviatges.com\/#\/schema\/logo\/image\/","url":"https:\/\/aigeviatges.com\/wp-content\/uploads\/2020\/03\/aig-viatges-logo-web.png","contentUrl":"https:\/\/aigeviatges.com\/wp-content\/uploads\/2020\/03\/aig-viatges-logo-web.png","width":600,"height":166,"caption":"AIGE Viatges"},"image":{"@id":"https:\/\/aigeviatges.com\/#\/schema\/logo\/image\/"},"sameAs":["https:\/\/www.facebook.com\/viatgesaige\/"]}]}},"jetpack_sharing_enabled":true,"jetpack_likes_enabled":false,"_links":{"self":[{"href":"https:\/\/aigeviatges.com\/es\/wp-json\/wp\/v2\/product\/1108","targetHints":{"allow":["GET"]}}],"collection":[{"href":"https:\/\/aigeviatges.com\/es\/wp-json\/wp\/v2\/product"}],"about":[{"href":"https:\/\/aigeviatges.com\/es\/wp-json\/wp\/v2\/types\/product"}],"wp:featuredmedia":[{"embeddable":true,"href":"https:\/\/aigeviatges.com\/es\/wp-json\/wp\/v2\/media\/1109"}],"wp:attachment":[{"href":"https:\/\/aigeviatges.com\/es\/wp-json\/wp\/v2\/media?parent=1108"}],"wp:term":[{"taxonomy":"product_cat","embeddable":true,"href":"https:\/\/aigeviatges.com\/es\/wp-json\/wp\/v2\/product_cat?post=1108"},{"taxonomy":"product_tag","embeddable":true,"href":"https:\/\/aigeviatges.com\/es\/wp-json\/wp\/v2\/product_tag?post=1108"}],"curies":[{"name":"wp","href":"https:\/\/api.w.org\/{rel}","templated":true}]}}