{"id":1101,"date":"2021-03-04T10:47:01","date_gmt":"2021-03-04T10:47:01","guid":{"rendered":"https:\/\/aigeviatges.com\/?post_type=product&#038;p=1101"},"modified":"2021-03-18T14:36:22","modified_gmt":"2021-03-18T14:36:22","slug":"el-pas-de-calais-6-dies","status":"publish","type":"product","link":"https:\/\/aigeviatges.com\/es\/producto\/el-paso-de-calais-6-dias\/","title":{"rendered":"EL PASO DE CALAIS \u2013 6 D\u00cdAS"},"content":{"rendered":"<p><strong>D\u00eda 1: BARCELONA \u2013 BEAUVAIS \u2013 CALAIS \u2013 INGLATERRA (Condado de Kent)<\/strong><br \/>\nTraslado al aeropuerto de Barcelona y salida en avi\u00f3n a Beauvais. Llegada y continuaci\u00f3n a Calais. Almuerzo en restaurante. Embarque en el ferry que nos llevar\u00e1 a Dover (Inglaterra). Cruzaremos el canal de La Mancha en su trayecto m\u00e1s corto, unos 34 km y 90 minutos de traves\u00eda en la que podremos disfrutar de las impresionantes vistas de los famosos acantilados blancos de Dover. Llegada, desembarco y traslado al hotel. Acomodaci\u00f3n. Cena y alojamiento.<\/p>\n<p><strong>D\u00eda 2: CANTERBURY<\/strong><br \/>\nVisita de Canterbury. Una deliciosa ciudad de calles peatonales de sabor \u201ca\u00f1ejo\u201d ingl\u00e9s. Visitaremos la Catedral, considerada como una de las m\u00e1s antiguas y bien conservadas estructuras cristianas en Inglaterra. Recorreremos sus calles y entraremos en alguna de las muchas t\u00edpicas tiendas centenarias. Regreso al hotel. Cena y alojamiento<\/p>\n<p><strong>D\u00eda 3: BRIGHTON \u2013 PRESTO MANOR<\/strong><br \/>\nSalida a Brighton. Visitaremos el Royal Pavillion o el palacio real, uno de los m\u00e1s ex\u00f3ticos de Europa cuya mezcla de exterior de estilo hind\u00fa y un inconfundible interior chino refleja a la perfecci\u00f3n la extravagancia y armon\u00eda de la personalidad de su fundador, el rey George IV. Por la tarde visitaremos Preston Manor, una encantadora casa se\u00f1orial que perteneci\u00f3 a la familia de Stanford hace m\u00e1s de 200 a\u00f1os y que todav\u00eda tiene el ambiente de una casa de campo de estilo eduardiano. Veremos sus aposentos y la sala de mayordomos y criadas, la despensa, el jard\u00edn y el peque\u00f1o cementerio. Regreso al hotel. Cena y alojamiento<\/p>\n<p><strong>D\u00eda 4: CASTILLO DE LEEDS - ROYAL TUNBRIDGE WELLS<\/strong><br \/>\nSalida al coraz\u00f3n del condado de Kent para visitar el Castillo de Leeds, nombrado como el \u201ccastillo m\u00e1s bello del mundo\u201d no s\u00f3lo por su historia gloriosa, sino tambi\u00e9n por sus bellos parques y jardines. Basti\u00f3n Normand y propiedad privada de seis de las reinas medievales de Inglaterra y residencia de Enrique VIII y su primera esposa Catalina de Arag\u00f3. Uno de los edificios hist\u00f3ricos m\u00e1s visitados en Gran Breta\u00f1a. Por la tarde daremos un relajante paseo por la encantadora localidad de Royal Tunbridge Wells, con sus t\u00edpicas casitas. Regreso al hotel. Cena y alojamiento<\/p>\n<p><strong>D\u00eda 5: EUROTUNEL \u2013 BRUJAS \u2013 FLANDES<\/strong><br \/>\nTraslado a Folkestone, cruzaremos el canal de La Mancha de regreso a Francia pero esta vez lo haremos en tren a trav\u00e9s del Eurotunel en un trayecto de 35 minutos. A la llegada continuaremos nuestra ruta por tierras de Flandes hasta llegar a Brujas. Pasearemos por su recinto amurallado hasta la plaza mayor donde est\u00e1 la catedral y en la Bas\u00edlica de la Sangre (S.XII) donde se guarda la sangre de Jesucristo. Haremos un crucero por sus canales llenos de encanto. Continuaci\u00f3n en los alrededores de Bruselas. Acomodaci\u00f3n en el hotel. Cena y alojamiento<\/p>\n<p><strong>D\u00eda 6: FLANDES - GANTE - BARCELONA<\/strong><br \/>\nSalida a Gante. Visita con gu\u00eda local por el centro hist\u00f3rico, la Catedral de San Bav\u00f3n, el campanario Belfort y el edificio del Ayuntamiento. Veremos los monumentos m\u00e1s antiguos de la ciudad: la Iglesia de San Nicol\u00e1s, la Casa Gremial de los Paletas, el peque\u00f1o puerto medieval, el Castillo de los Condes de Flandes, el barrio del Patershol, la Plaza del Viernes y los palcos de la carne y el pez. Almuerzo en restaurante. Traslado al aeropuerto. Salida en avi\u00f3n a Barcelona. Llegada y fin de nuestros servicios.<\/p>","protected":false},"excerpt":{"rendered":"<p><strong>INCLUYE:\u00a0<\/strong><\/p>\n<ul>\n<li>Traslados al apt y vuelta (m\u00ednimo 25 pax)<\/li>\n<li>Avi\u00f3n BCN \u2013 P. Beauvais \/ Bruselas \u2013 BCN + Maleta (15 kg) y tasas<\/li>\n<li>Autocar local todo el circuito<\/li>\n<li>Gu\u00eda acompa\u00f1ante de AIGE + gu\u00eda local en Gante<\/li>\n<li>Hoteles 3*** o 4****<em>\u00a0(seg\u00fan elecci\u00f3n)<\/em><\/li>\n<li>Pensi\u00f3n completa con agua (del almuerzo del d\u00eda 1 al almuerzo del d\u00eda 6)<\/li>\n<li>Entrada al castillo de Leeds<\/li>\n<li>Entrada en el Palacio Real (Royal Pavillion)<\/li>\n<li>Entrada en la mansi\u00f3n Preston Manor<\/li>\n<li>Entrada en la catedral de Canterbury<\/li>\n<li>Crucero por los canales de Brujas<\/li>\n<li>Ferry Calais \u2013 Dover<\/li>\n<li>Eurotunel Folkeston \u2013 Calais<\/li>\n<li>Seguro de asistencia en viaje<\/li>\n<\/ul>\n<p><em><strong>Nota sobre el alojamiento: 4 noches en el condado de Kent + 1 noches en Flandes\u00a0<\/strong><\/em><\/p>","protected":false},"featured_media":1102,"template":"","meta":[],"product_cat":[107,25,83],"product_tag":[],"class_list":["post-1101","product","type-product","status-publish","has-post-thumbnail","hentry","product_cat-anglaterra","product_cat-circuits-tot-inclos","product_cat-gran-bretanya-i-irlanda"],"yoast_head":"<!-- This site is optimized with the Yoast SEO plugin v21.7 - https:\/\/yoast.com\/wordpress\/plugins\/seo\/ -->\n<title>EL PAS DE CALAIS - 6 DIES - AIGE Viatges<\/title>\n<meta name=\"description\" content=\"Agencia de viajes online | Descubre nuestros viajes inolvidables a EL PAS DE CALAIS - 6 DIES\" \/>\n<meta name=\"robots\" content=\"index, follow, max-snippet:-1, max-image-preview:large, max-video-preview:-1\" \/>\n<link rel=\"canonical\" href=\"https:\/\/aigeviatges.com\/es\/producto\/el-paso-de-calais-6-dias\/\" \/>\n<meta property=\"og:locale\" content=\"es_ES\" \/>\n<meta property=\"og:type\" content=\"article\" \/>\n<meta property=\"og:title\" content=\"EL PAS DE CALAIS - 6 DIES - AIGE Viatges\" \/>\n<meta property=\"og:description\" content=\"Agencia de viajes online | Descubre nuestros viajes inolvidables a EL PAS DE CALAIS - 6 DIES\" \/>\n<meta property=\"og:url\" content=\"https:\/\/aigeviatges.com\/es\/producto\/el-paso-de-calais-6-dias\/\" \/>\n<meta property=\"og:site_name\" content=\"AIGE Viatges\" \/>\n<meta property=\"article:publisher\" content=\"https:\/\/www.facebook.com\/viatgesaige\/\" \/>\n<meta property=\"article:modified_time\" content=\"2021-03-18T14:36:22+00:00\" \/>\n<meta property=\"og:image\" content=\"https:\/\/aigeviatges.com\/wp-content\/uploads\/2021\/03\/DOV.jpg\" \/>\n\t<meta property=\"og:image:width\" content=\"645\" \/>\n\t<meta property=\"og:image:height\" content=\"403\" \/>\n\t<meta property=\"og:image:type\" content=\"image\/jpeg\" \/>\n<meta name=\"twitter:card\" content=\"summary_large_image\" \/>\n<meta name=\"twitter:label1\" content=\"Tiempo de lectura\" \/>\n\t<meta name=\"twitter:data1\" content=\"3 minutos\" \/>\n<script type=\"application\/ld+json\" class=\"yoast-schema-graph\">{\"@context\":\"https:\/\/schema.org\",\"@graph\":[{\"@type\":\"WebPage\",\"@id\":\"https:\/\/aigeviatges.com\/producto\/el-pas-de-calais-6-dies\/\",\"url\":\"https:\/\/aigeviatges.com\/producto\/el-pas-de-calais-6-dies\/\",\"name\":\"EL PAS DE CALAIS - 6 DIES - AIGE Viatges\",\"isPartOf\":{\"@id\":\"https:\/\/aigeviatges.com\/#website\"},\"datePublished\":\"2021-03-04T10:47:01+00:00\",\"dateModified\":\"2021-03-18T14:36:22+00:00\",\"description\":\"Agencia de viajes online | Descubre nuestros viajes inolvidables a EL PAS DE CALAIS - 6 DIES\",\"breadcrumb\":{\"@id\":\"https:\/\/aigeviatges.com\/producto\/el-pas-de-calais-6-dies\/#breadcrumb\"},\"inLanguage\":\"es\",\"potentialAction\":[{\"@type\":\"ReadAction\",\"target\":[\"https:\/\/aigeviatges.com\/producto\/el-pas-de-calais-6-dies\/\"]}]},{\"@type\":\"BreadcrumbList\",\"@id\":\"https:\/\/aigeviatges.com\/producto\/el-pas-de-calais-6-dies\/#breadcrumb\",\"itemListElement\":[{\"@type\":\"ListItem\",\"position\":1,\"name\":\"Portada\",\"item\":\"https:\/\/aigeviatges.com\/\"},{\"@type\":\"ListItem\",\"position\":2,\"name\":\"Tienda\",\"item\":\"https:\/\/aigeviatges.com\/tienda-2\/\"},{\"@type\":\"ListItem\",\"position\":3,\"name\":\"EL PAS DE CALAIS &#8211; 6 DIES\"}]},{\"@type\":\"WebSite\",\"@id\":\"https:\/\/aigeviatges.com\/#website\",\"url\":\"https:\/\/aigeviatges.com\/\",\"name\":\"AIGE Viatges\",\"description\":\"Agencia de viajes especializada en producto propio para grupos.\",\"publisher\":{\"@id\":\"https:\/\/aigeviatges.com\/#organization\"},\"potentialAction\":[{\"@type\":\"SearchAction\",\"target\":{\"@type\":\"EntryPoint\",\"urlTemplate\":\"https:\/\/aigeviatges.com\/?s={search_term_string}\"},\"query-input\":\"required name=search_term_string\"}],\"inLanguage\":\"es\"},{\"@type\":\"Organization\",\"@id\":\"https:\/\/aigeviatges.com\/#organization\",\"name\":\"AIGE Viatges\",\"url\":\"https:\/\/aigeviatges.com\/\",\"logo\":{\"@type\":\"ImageObject\",\"inLanguage\":\"es\",\"@id\":\"https:\/\/aigeviatges.com\/#\/schema\/logo\/image\/\",\"url\":\"https:\/\/aigeviatges.com\/wp-content\/uploads\/2020\/03\/aig-viatges-logo-web.png\",\"contentUrl\":\"https:\/\/aigeviatges.com\/wp-content\/uploads\/2020\/03\/aig-viatges-logo-web.png\",\"width\":600,\"height\":166,\"caption\":\"AIGE Viatges\"},\"image\":{\"@id\":\"https:\/\/aigeviatges.com\/#\/schema\/logo\/image\/\"},\"sameAs\":[\"https:\/\/www.facebook.com\/viatgesaige\/\"]}]}<\/script>\n<!-- \/ Yoast SEO plugin. -->","yoast_head_json":{"title":"EL PAS DE CALAIS - 6 DIES - AIGE Viatges","description":"Agencia de viajes online | Descubre nuestros viajes inolvidables a EL PAS DE CALAIS - 6 DIES","robots":{"index":"index","follow":"follow","max-snippet":"max-snippet:-1","max-image-preview":"max-image-preview:large","max-video-preview":"max-video-preview:-1"},"canonical":"https:\/\/aigeviatges.com\/es\/producto\/el-paso-de-calais-6-dias\/","og_locale":"es_ES","og_type":"article","og_title":"EL PAS DE CALAIS - 6 DIES - AIGE Viatges","og_description":"Agencia de viajes online | Descubre nuestros viajes inolvidables a EL PAS DE CALAIS - 6 DIES","og_url":"https:\/\/aigeviatges.com\/es\/producto\/el-paso-de-calais-6-dias\/","og_site_name":"AIGE Viatges","article_publisher":"https:\/\/www.facebook.com\/viatgesaige\/","article_modified_time":"2021-03-18T14:36:22+00:00","og_image":[{"width":645,"height":403,"url":"https:\/\/aigeviatges.com\/wp-content\/uploads\/2021\/03\/DOV.jpg","type":"image\/jpeg"}],"twitter_card":"summary_large_image","twitter_misc":{"Tiempo de lectura":"3 minutos"},"schema":{"@context":"https:\/\/schema.org","@graph":[{"@type":"WebPage","@id":"https:\/\/aigeviatges.com\/producto\/el-pas-de-calais-6-dies\/","url":"https:\/\/aigeviatges.com\/producto\/el-pas-de-calais-6-dies\/","name":"EL PAS DE CALAIS - 6 DIES - AIGE Viatges","isPartOf":{"@id":"https:\/\/aigeviatges.com\/#website"},"datePublished":"2021-03-04T10:47:01+00:00","dateModified":"2021-03-18T14:36:22+00:00","description":"Agencia de viajes online | Descubre nuestros viajes inolvidables a EL PAS DE CALAIS - 6 DIES","breadcrumb":{"@id":"https:\/\/aigeviatges.com\/producto\/el-pas-de-calais-6-dies\/#breadcrumb"},"inLanguage":"es","potentialAction":[{"@type":"ReadAction","target":["https:\/\/aigeviatges.com\/producto\/el-pas-de-calais-6-dies\/"]}]},{"@type":"BreadcrumbList","@id":"https:\/\/aigeviatges.com\/producto\/el-pas-de-calais-6-dies\/#breadcrumb","itemListElement":[{"@type":"ListItem","position":1,"name":"Portada","item":"https:\/\/aigeviatges.com\/"},{"@type":"ListItem","position":2,"name":"Tienda","item":"https:\/\/aigeviatges.com\/tienda-2\/"},{"@type":"ListItem","position":3,"name":"EL PAS DE CALAIS &#8211; 6 DIES"}]},{"@type":"WebSite","@id":"https:\/\/aigeviatges.com\/#website","url":"https:\/\/aigeviatges.com\/","name":"AIGE Viatges","description":"Agencia de viajes especializada en producto propio para grupos.","publisher":{"@id":"https:\/\/aigeviatges.com\/#organization"},"potentialAction":[{"@type":"SearchAction","target":{"@type":"EntryPoint","urlTemplate":"https:\/\/aigeviatges.com\/?s={search_term_string}"},"query-input":"required name=search_term_string"}],"inLanguage":"es"},{"@type":"Organization","@id":"https:\/\/aigeviatges.com\/#organization","name":"AIGE Viatges","url":"https:\/\/aigeviatges.com\/","logo":{"@type":"ImageObject","inLanguage":"es","@id":"https:\/\/aigeviatges.com\/#\/schema\/logo\/image\/","url":"https:\/\/aigeviatges.com\/wp-content\/uploads\/2020\/03\/aig-viatges-logo-web.png","contentUrl":"https:\/\/aigeviatges.com\/wp-content\/uploads\/2020\/03\/aig-viatges-logo-web.png","width":600,"height":166,"caption":"AIGE Viatges"},"image":{"@id":"https:\/\/aigeviatges.com\/#\/schema\/logo\/image\/"},"sameAs":["https:\/\/www.facebook.com\/viatgesaige\/"]}]}},"jetpack_sharing_enabled":true,"jetpack_likes_enabled":false,"_links":{"self":[{"href":"https:\/\/aigeviatges.com\/es\/wp-json\/wp\/v2\/product\/1101","targetHints":{"allow":["GET"]}}],"collection":[{"href":"https:\/\/aigeviatges.com\/es\/wp-json\/wp\/v2\/product"}],"about":[{"href":"https:\/\/aigeviatges.com\/es\/wp-json\/wp\/v2\/types\/product"}],"wp:featuredmedia":[{"embeddable":true,"href":"https:\/\/aigeviatges.com\/es\/wp-json\/wp\/v2\/media\/1102"}],"wp:attachment":[{"href":"https:\/\/aigeviatges.com\/es\/wp-json\/wp\/v2\/media?parent=1101"}],"wp:term":[{"taxonomy":"product_cat","embeddable":true,"href":"https:\/\/aigeviatges.com\/es\/wp-json\/wp\/v2\/product_cat?post=1101"},{"taxonomy":"product_tag","embeddable":true,"href":"https:\/\/aigeviatges.com\/es\/wp-json\/wp\/v2\/product_tag?post=1101"}],"curies":[{"name":"wp","href":"https:\/\/api.w.org\/{rel}","templated":true}]}}