{"id":1091,"date":"2021-03-03T11:34:22","date_gmt":"2021-03-03T11:34:22","guid":{"rendered":"https:\/\/aigeviatges.com\/?post_type=product&#038;p=1091"},"modified":"2021-03-18T14:38:16","modified_gmt":"2021-03-18T14:38:16","slug":"escocia-essencial-6-dies","status":"publish","type":"product","link":"https:\/\/aigeviatges.com\/es\/producto\/escocia-esencial-6-dias\/","title":{"rendered":"ESCOCIA ESENCIAL- 6 D\u00cdAS"},"content":{"rendered":"<p><strong>D\u00eda 1: BARCELONA O GIRONA \u2013 EDIMBURGO \u2013 ZONA PERTH<\/strong><br \/>\nSalida en avi\u00f3n a Escocia. Visita panor\u00e1mica de Edimburgo. Veremos la Ciudad Medieval, con el Castillo domin\u00e1ndolo todo sobre una roca volc\u00e1nica, la Milla Real etc. Seguiremos por South Queensferry para contemplar el puente met\u00e1lico de ferrocarril, el m\u00e1s largo de su \u00e9poca y hoy en d\u00eda uno de los s\u00edmbolos de Escocia, continuaci\u00f3n al hotel situado en las inmediaciones de Perth. Acomodaci\u00f3n. Cena y alojamiento.<\/p>\n<p><strong>D\u00eda 2: STIRLING \u2013 DUNFERMLINE<\/strong><br \/>\nSalida a Stirling. Visitaremos el magn\u00edfico Castillo de Stirling, de gran inter\u00e9s hist\u00f3rico y convertido en residencia real a partir de 1216, la \u00faltima batalla que vivi\u00f3 fue su defensa ante el ataque de los jacobitas en 1746. Continuaci\u00f3n hasta Dunfermline donde visitaremos el &#039; espectacular Abad\u00eda, famosa por ser el lugar donde se encuentra enterrado Robert the Bruce, rey de Escocia entre 1306 y 1329. Regreso al hotel. Cena y alojamiento<\/p>\n<p><strong>D\u00eda 3: ST ANDREWS \u2013 CASTILLO DE EDIMBURGO<\/strong><br \/>\nSalida a St Andrews, conocido como la cuna del golf \u00bb. Visitaremos su Castillo y la Catedral, que nos explican las luchas religiosas y la importancia de ser la guardiana de las reliquias de San Andr\u00e9w, patr\u00f3n de Escocia. Tanto por su antig\u00fcedad como por su historia es una de las ciudades m\u00e1s emblem\u00e1ticas y hermosas del pa\u00eds. Por la tarde visitaremos el famoso Castillo de Edimburgo con tres de sus lados protegidos por acantilados, cuya \u00fanica v\u00eda de acceso al castillo es la empinada Castlehill. Regreso al hotel. Cena y alojamiento<\/p>\n<p><strong>D\u00eda 4: LAGO NESS \u2013 INVERNESS<\/strong><br \/>\nSalida a las tierras altas, en Inverness, capital de la regi\u00f3n. Bordearemos el misterioso lago Ness, uno de los paisajes m\u00e1s impresionantes de la naturaleza escocesa donde se mezcla el verdor de los prados con el agua helada y, por supuesto, con las leyendas del famoso Monstruo que se ha convertido en toda una instituci\u00f3n en las Tierras Altas. Llegaremos al Castillo de Urquhart, situado sobre un promontorio a orillas del lago, lugar ideal para ver a Nessie, el legendario monstruo. Visita del mismo. Por la tarde, de regreso al hotel efectuaremos una parada en Inverness, donde dispondremos de algo de tiempo libre. Cena y alojamiento<\/p>\n<p><strong>D\u00eda 5: EL MUNDO DEL WHISKY \u2013 CRUCERO POR EL LAGO LOMOND \u2013 THE TROSSACHS<\/strong><br \/>\nSalida a las Higlands o Tierras altas. Visitaremos una prestigiosa destiler\u00eda de Whisky, el producto nacional. Continuaremos hacia el Loch Lomond donde realizaremos un crucero por el lago. En el recorrido divisaremos el magn\u00edfico Ben Lomond y varias casas se\u00f1oriales y castillos, pasaremos por Inchmurrin Island, la mayor de las 33 islas del lago y hogar de los restos del antiguo castillo de Lennox, que en el siglo XIV albergaba a un fugitivo, Robert the Bruce, antes de convertirse en rey de Escocia. Por la tarde regresaremos al hotel pasando por la famosa \u00e1rea de Trossachs, con incre\u00edbles paisajes. Cena y alojamiento<\/p>\n<p><strong>D\u00eda 6: GLASGOW \u2013 BARCELONA O GIRONA<\/strong><br \/>\nPor la ma\u00f1ana salida a Glasgow (un nombre que viene del ga\u00e9lico y significa \u201cestimado sitio verde\u201d, un nombre muy adecuado, ya que la ciudad tiene m\u00e1s de 90 parques y jardines). Visitaremos la fabulosa catedral cat\u00f3lica, construida durante los siglos XIII y XV, siendo la \u00fanica catedral medieval de Escocia que sobrevivi\u00f3 a la reforma protestante que se llev\u00f3 a cabo a finales del siglo XVI. Aqu\u00ed se encuentra la tumba del patr\u00f3n de la ciudad, San Mungo, ubicada en una cripta subterr\u00e1nea y tambi\u00e9n se conserva una de las pocas escenas de crucifijo del pa\u00eds. Almuerzo en rto. Traslado al aeropuerto. Salida en avi\u00f3n a Barcelona o Gerona. Llegada y fin de nuestros servicios<\/p>","protected":false},"excerpt":{"rendered":"<p><strong>INCLUYE:\u00a0<\/strong><\/p>\n<ul>\n<li>Traslados al apt y vuelta (m\u00ednimo 25 pax)<\/li>\n<li>Avi\u00f3n BCN o GIR - Edimburgo \/ Glasgow - BCN o GIR + Maleta (15 kg) y tasas<\/li>\n<li>Autocar local todo el circuito<\/li>\n<li>Gu\u00eda acompa\u00f1ante de AIGE + gu\u00eda local en Edimburgo y Glasgow<\/li>\n<li>Hotel 3*** o 4****<em><strong>\u00a0<\/strong><\/em><em>(seg\u00fan elecci\u00f3n)<\/em><\/li>\n<li>Pensi\u00f3n completa con agua (de la cena del d\u00eda 1 al almuerzo del d\u00eda 6)<\/li>\n<li>Entrada a los castillos: Edimburgo, Stirling, St Andrews y Urnquart<\/li>\n<li>Entrada en la Abad\u00eda de Durnfermline<\/li>\n<li>Visita a la destiler\u00eda de Whisky<\/li>\n<li>Crucero por el lago Lomond<\/li>\n<li>Seguro de asistencia en viaje<\/li>\n<\/ul>\n<p><em><strong>Nota sobre el alojamiento: <\/strong><\/em><em><strong>todas las noches en el mismo hotel\u00a0 \u00a0\u00a0<\/strong><\/em><\/p>","protected":false},"featured_media":1092,"template":"","meta":[],"product_cat":[25,106,83],"product_tag":[],"class_list":["post-1091","product","type-product","status-publish","has-post-thumbnail","hentry","product_cat-circuits-tot-inclos","product_cat-escocia-2","product_cat-gran-bretanya-i-irlanda"],"yoast_head":"<!-- This site is optimized with the Yoast SEO plugin v21.7 - https:\/\/yoast.com\/wordpress\/plugins\/seo\/ -->\n<title>ESC\u00d2CIA ESSENCIAL- 6 DIES - AIGE Viatges<\/title>\n<meta name=\"description\" content=\"Agencia de viajes online | Descubre nuestros viajes inolvidables a ESC\u00d2CIA ESSENCIAL- 6 DIES\" \/>\n<meta name=\"robots\" content=\"index, follow, max-snippet:-1, max-image-preview:large, max-video-preview:-1\" \/>\n<link rel=\"canonical\" href=\"https:\/\/aigeviatges.com\/es\/producto\/escocia-esencial-6-dias\/\" \/>\n<meta property=\"og:locale\" content=\"es_ES\" \/>\n<meta property=\"og:type\" content=\"article\" \/>\n<meta property=\"og:title\" content=\"ESC\u00d2CIA ESSENCIAL- 6 DIES - AIGE Viatges\" \/>\n<meta property=\"og:description\" content=\"Agencia de viajes online | Descubre nuestros viajes inolvidables a ESC\u00d2CIA ESSENCIAL- 6 DIES\" \/>\n<meta property=\"og:url\" content=\"https:\/\/aigeviatges.com\/es\/producto\/escocia-esencial-6-dias\/\" \/>\n<meta property=\"og:site_name\" content=\"AIGE Viatges\" \/>\n<meta property=\"article:publisher\" content=\"https:\/\/www.facebook.com\/viatgesaige\/\" \/>\n<meta property=\"article:modified_time\" content=\"2021-03-18T14:38:16+00:00\" \/>\n<meta property=\"og:image\" content=\"https:\/\/aigeviatges.com\/wp-content\/uploads\/2021\/03\/Hero_Loch_Lomond-1800x1080-1.jpg\" \/>\n\t<meta property=\"og:image:width\" content=\"706\" \/>\n\t<meta property=\"og:image:height\" content=\"423\" \/>\n\t<meta property=\"og:image:type\" content=\"image\/jpeg\" \/>\n<meta name=\"twitter:card\" content=\"summary_large_image\" \/>\n<meta name=\"twitter:label1\" content=\"Tiempo de lectura\" \/>\n\t<meta name=\"twitter:data1\" content=\"3 minutos\" \/>\n<script type=\"application\/ld+json\" class=\"yoast-schema-graph\">{\"@context\":\"https:\/\/schema.org\",\"@graph\":[{\"@type\":\"WebPage\",\"@id\":\"https:\/\/aigeviatges.com\/producto\/escocia-essencial-6-dies\/\",\"url\":\"https:\/\/aigeviatges.com\/producto\/escocia-essencial-6-dies\/\",\"name\":\"ESC\u00d2CIA ESSENCIAL- 6 DIES - AIGE Viatges\",\"isPartOf\":{\"@id\":\"https:\/\/aigeviatges.com\/#website\"},\"datePublished\":\"2021-03-03T11:34:22+00:00\",\"dateModified\":\"2021-03-18T14:38:16+00:00\",\"description\":\"Agencia de viajes online | Descubre nuestros viajes inolvidables a ESC\u00d2CIA ESSENCIAL- 6 DIES\",\"breadcrumb\":{\"@id\":\"https:\/\/aigeviatges.com\/producto\/escocia-essencial-6-dies\/#breadcrumb\"},\"inLanguage\":\"es\",\"potentialAction\":[{\"@type\":\"ReadAction\",\"target\":[\"https:\/\/aigeviatges.com\/producto\/escocia-essencial-6-dies\/\"]}]},{\"@type\":\"BreadcrumbList\",\"@id\":\"https:\/\/aigeviatges.com\/producto\/escocia-essencial-6-dies\/#breadcrumb\",\"itemListElement\":[{\"@type\":\"ListItem\",\"position\":1,\"name\":\"Portada\",\"item\":\"https:\/\/aigeviatges.com\/\"},{\"@type\":\"ListItem\",\"position\":2,\"name\":\"Tienda\",\"item\":\"https:\/\/aigeviatges.com\/tienda-2\/\"},{\"@type\":\"ListItem\",\"position\":3,\"name\":\"ESC\u00d2CIA ESSENCIAL- 6 DIES\"}]},{\"@type\":\"WebSite\",\"@id\":\"https:\/\/aigeviatges.com\/#website\",\"url\":\"https:\/\/aigeviatges.com\/\",\"name\":\"AIGE Viatges\",\"description\":\"Agencia de viajes especializada en producto propio para grupos.\",\"publisher\":{\"@id\":\"https:\/\/aigeviatges.com\/#organization\"},\"potentialAction\":[{\"@type\":\"SearchAction\",\"target\":{\"@type\":\"EntryPoint\",\"urlTemplate\":\"https:\/\/aigeviatges.com\/?s={search_term_string}\"},\"query-input\":\"required name=search_term_string\"}],\"inLanguage\":\"es\"},{\"@type\":\"Organization\",\"@id\":\"https:\/\/aigeviatges.com\/#organization\",\"name\":\"AIGE Viatges\",\"url\":\"https:\/\/aigeviatges.com\/\",\"logo\":{\"@type\":\"ImageObject\",\"inLanguage\":\"es\",\"@id\":\"https:\/\/aigeviatges.com\/#\/schema\/logo\/image\/\",\"url\":\"https:\/\/aigeviatges.com\/wp-content\/uploads\/2020\/03\/aig-viatges-logo-web.png\",\"contentUrl\":\"https:\/\/aigeviatges.com\/wp-content\/uploads\/2020\/03\/aig-viatges-logo-web.png\",\"width\":600,\"height\":166,\"caption\":\"AIGE Viatges\"},\"image\":{\"@id\":\"https:\/\/aigeviatges.com\/#\/schema\/logo\/image\/\"},\"sameAs\":[\"https:\/\/www.facebook.com\/viatgesaige\/\"]}]}<\/script>\n<!-- \/ Yoast SEO plugin. -->","yoast_head_json":{"title":"ESC\u00d2CIA ESSENCIAL- 6 DIES - AIGE Viatges","description":"Agencia de viajes online | Descubre nuestros viajes inolvidables a ESC\u00d2CIA ESSENCIAL- 6 DIES","robots":{"index":"index","follow":"follow","max-snippet":"max-snippet:-1","max-image-preview":"max-image-preview:large","max-video-preview":"max-video-preview:-1"},"canonical":"https:\/\/aigeviatges.com\/es\/producto\/escocia-esencial-6-dias\/","og_locale":"es_ES","og_type":"article","og_title":"ESC\u00d2CIA ESSENCIAL- 6 DIES - AIGE Viatges","og_description":"Agencia de viajes online | Descubre nuestros viajes inolvidables a ESC\u00d2CIA ESSENCIAL- 6 DIES","og_url":"https:\/\/aigeviatges.com\/es\/producto\/escocia-esencial-6-dias\/","og_site_name":"AIGE Viatges","article_publisher":"https:\/\/www.facebook.com\/viatgesaige\/","article_modified_time":"2021-03-18T14:38:16+00:00","og_image":[{"width":706,"height":423,"url":"https:\/\/aigeviatges.com\/wp-content\/uploads\/2021\/03\/Hero_Loch_Lomond-1800x1080-1.jpg","type":"image\/jpeg"}],"twitter_card":"summary_large_image","twitter_misc":{"Tiempo de lectura":"3 minutos"},"schema":{"@context":"https:\/\/schema.org","@graph":[{"@type":"WebPage","@id":"https:\/\/aigeviatges.com\/producto\/escocia-essencial-6-dies\/","url":"https:\/\/aigeviatges.com\/producto\/escocia-essencial-6-dies\/","name":"ESC\u00d2CIA ESSENCIAL- 6 DIES - AIGE Viatges","isPartOf":{"@id":"https:\/\/aigeviatges.com\/#website"},"datePublished":"2021-03-03T11:34:22+00:00","dateModified":"2021-03-18T14:38:16+00:00","description":"Agencia de viajes online | Descubre nuestros viajes inolvidables a ESC\u00d2CIA ESSENCIAL- 6 DIES","breadcrumb":{"@id":"https:\/\/aigeviatges.com\/producto\/escocia-essencial-6-dies\/#breadcrumb"},"inLanguage":"es","potentialAction":[{"@type":"ReadAction","target":["https:\/\/aigeviatges.com\/producto\/escocia-essencial-6-dies\/"]}]},{"@type":"BreadcrumbList","@id":"https:\/\/aigeviatges.com\/producto\/escocia-essencial-6-dies\/#breadcrumb","itemListElement":[{"@type":"ListItem","position":1,"name":"Portada","item":"https:\/\/aigeviatges.com\/"},{"@type":"ListItem","position":2,"name":"Tienda","item":"https:\/\/aigeviatges.com\/tienda-2\/"},{"@type":"ListItem","position":3,"name":"ESC\u00d2CIA ESSENCIAL- 6 DIES"}]},{"@type":"WebSite","@id":"https:\/\/aigeviatges.com\/#website","url":"https:\/\/aigeviatges.com\/","name":"AIGE Viatges","description":"Agencia de viajes especializada en producto propio para grupos.","publisher":{"@id":"https:\/\/aigeviatges.com\/#organization"},"potentialAction":[{"@type":"SearchAction","target":{"@type":"EntryPoint","urlTemplate":"https:\/\/aigeviatges.com\/?s={search_term_string}"},"query-input":"required name=search_term_string"}],"inLanguage":"es"},{"@type":"Organization","@id":"https:\/\/aigeviatges.com\/#organization","name":"AIGE Viatges","url":"https:\/\/aigeviatges.com\/","logo":{"@type":"ImageObject","inLanguage":"es","@id":"https:\/\/aigeviatges.com\/#\/schema\/logo\/image\/","url":"https:\/\/aigeviatges.com\/wp-content\/uploads\/2020\/03\/aig-viatges-logo-web.png","contentUrl":"https:\/\/aigeviatges.com\/wp-content\/uploads\/2020\/03\/aig-viatges-logo-web.png","width":600,"height":166,"caption":"AIGE Viatges"},"image":{"@id":"https:\/\/aigeviatges.com\/#\/schema\/logo\/image\/"},"sameAs":["https:\/\/www.facebook.com\/viatgesaige\/"]}]}},"jetpack_sharing_enabled":true,"jetpack_likes_enabled":false,"_links":{"self":[{"href":"https:\/\/aigeviatges.com\/es\/wp-json\/wp\/v2\/product\/1091","targetHints":{"allow":["GET"]}}],"collection":[{"href":"https:\/\/aigeviatges.com\/es\/wp-json\/wp\/v2\/product"}],"about":[{"href":"https:\/\/aigeviatges.com\/es\/wp-json\/wp\/v2\/types\/product"}],"wp:featuredmedia":[{"embeddable":true,"href":"https:\/\/aigeviatges.com\/es\/wp-json\/wp\/v2\/media\/1092"}],"wp:attachment":[{"href":"https:\/\/aigeviatges.com\/es\/wp-json\/wp\/v2\/media?parent=1091"}],"wp:term":[{"taxonomy":"product_cat","embeddable":true,"href":"https:\/\/aigeviatges.com\/es\/wp-json\/wp\/v2\/product_cat?post=1091"},{"taxonomy":"product_tag","embeddable":true,"href":"https:\/\/aigeviatges.com\/es\/wp-json\/wp\/v2\/product_tag?post=1091"}],"curies":[{"name":"wp","href":"https:\/\/api.w.org\/{rel}","templated":true}]}}