{"id":1080,"date":"2021-03-02T22:01:14","date_gmt":"2021-03-02T22:01:14","guid":{"rendered":"https:\/\/aigeviatges.com\/?post_type=product&#038;p=1080"},"modified":"2021-03-18T14:41:39","modified_gmt":"2021-03-18T14:41:39","slug":"meravelles-de-turquia-8-dies","status":"publish","type":"product","link":"https:\/\/aigeviatges.com\/es\/producto\/maravillas-de-turquia-8-dias\/","title":{"rendered":"MARAVILLAS DE TURQU\u00cdA \u2013 8 D\u00cdAS"},"content":{"rendered":"<p><strong>D\u00eda 1: BARCELONA - CAPADOCIA<\/strong><br \/>\nSalida en avi\u00f3n a Capadocia (v\u00eda Estambul). Llegada, asistencia y traslado al hotel. Cena y alojamiento en Capadocia.<\/p>\n<p><strong>D\u00eda 2: CAPADOCIA<\/strong><br \/>\nVisita de esta fant\u00e1stica regi\u00f3n, por su fascinante y original paisaje, formado por la lava lanzada por los volcanes Erciyes y Hasan hace 3 millones de a\u00f1os. Visitaremos los numerosos monasterios y capillas del valle de G\u00f6reme. Continuaremos con la visita de los valles de Avcilar y G\u00fcvercinlik; con el espectacular paisaje de las &#039;Chimeneies de Fades&#039; y el pueblo troglodita de U\u00e7hisar. Almuerzo. Por la tarde, visita de la ciudad subterr\u00e1nea de \u00d6zkonak. Haremos una parada para ver los t\u00edpicos talleres de alfombras y piedras (\u00f3nix y turquesa). Cena y alojamiento en el hotel en Capadocia. Por la noche asistiremos a un espect\u00e1culo folcl\u00f3rico.<\/p>\n<p><strong>D\u00eda 3: CAPADOCIA - KONYA - PAMUKKALE<\/strong><br \/>\nSalida a Konya. En ruta, visitaremos un Kervansaray (t\u00edpica puesta medieval de la Ruta de la Seda). Visitaremos el Monasterio de los Derviches Dansaires, fundado por Mevlana. Almuerzo. Continuaci\u00f3n a Pamukkale. Cena y alojamiento en Pamukkale.<\/p>\n<p><strong>D\u00eda 4: PAMUKKALE \u2013 HERIAPOLIS \u2013 EFESO \u2013 EST\u00c1MBULO <em>\u2013en avi\u00f3n\u2013<\/em><\/strong><br \/>\nVisita de Pamukkale, famosa por sus cascadas calizas petrificadas que se han formado debido a la cal del agua que emana en la zona. Seguidamente visitaremos Hier\u00e1polis, una necr\u00f3polis con m\u00e1s de 150.000 tumbas. Continuaci\u00f3n a \u00c9feso. Visita de los vestigios arqueol\u00f3gicos, destacando el templo de Adriano y la biblioteca de Celso. Almuerzo. Traslado al aeropuerto y salida en avi\u00f3n a Estambul. Traslado al hotel y alojamiento.<\/p>\n<p><strong>D\u00eda 5: ESTAMBUL \u2013 EXCURSI\u00d3N BOHEMIA<\/strong><br \/>\nVisita de la Estambul bohemia: visitaremos las Mezquitas de S\u00fcleymaniye y la de Ey\u00fcp que se encuentra al final del cuerno de oro. Subiremos a un telef\u00e9rico hasta la cafeter\u00eda Pierre Loti, donde podremos disfrutar de unas incre\u00edbles vistas de la zona. Siguiendo las murallas bizantinas, caminaremos viendo la Iglesia de San Antonio, el famoso hotel Pera Palas, el Liceo de Galatasaray etc. Almuerzo. Dispondremos de un rato de tiempo libre. Cena y alojamiento.<\/p>\n<p><strong>D\u00eda 6: ESTAMBUL \u2013 EXCURSI\u00d3N B\u00d3SFORO<\/strong><br \/>\nDesayuno en el hotel. Por la ma\u00f1ana visitaremos la Mezquita Nueva, \u00faltima mezquita imperial de los otomanos. Tiempo libre en el Bazar de las Especies para disfrutar del ambiente que nos trasladar\u00e1 a los siglos pasados. A continuaci\u00f3n, llegaremos a la parte asi\u00e1tica para contemplar las maravillosas vistas de toda la ciudad de Estambul, desde la cima de los enamorados. Seguiremos nuestra excursi\u00f3n con la visita al Palacio de Beylerbeyi. Almuerzo. Por la tarde realizaremos un crucero en barco por el B\u00f3sforo. Veremos los tres mares, el mar Negro, el B\u00f3sforo y el mar de M\u00e1rmara. La excursi\u00f3n terminar\u00e1 en el Gran Bazar donde dispondremos de tiempo libre. Cena y alojamiento.<\/p>\n<p><strong>D\u00eda 7: ESTAMBUL \u2013 EXCURSI\u00d3N CL\u00c1SICA<\/strong><br \/>\nVisita de la parte antigua en la que est\u00e1n concentrados los monumentos otomanos y bizantinos m\u00e1s destacados. Empezaremos con la visita de la Cisterna Bas\u00edlica, la cual era el mayor dep\u00f3sito de agua del Imperio bizantino, despu\u00e9s veremos el famos\u00edsimo templo de Santa Sof\u00eda. Fue el mayor santuario del mundo hasta el siglo XVII. Despu\u00e9s de esta visita seguiremos en el Palacio de Topkapi, desde donde fue dirigido todo el Imperio otomano durante casi 400 a\u00f1os. Almuerzo. A continuaci\u00f3n, veremos el Hip\u00f3dromo antiguo romano. Terminaremos nuestra excursi\u00f3n con la visita de la famosa Mezquita Azul, la \u00fanica del mundo con 6 minaretes. Cena y alojamiento.<\/p>\n<p><strong>D\u00eda 8: ESTAMBUL \u2013 BARCELONA<\/strong><br \/>\nA la hora que se indique se efectuar\u00e1 el traslado al aeropuerto para embarcar en avi\u00f3n con destino a Barcelona. Llegada y fin del viaje y de nuestros servicios<\/p>","protected":false},"excerpt":{"rendered":"<p><strong>INCLUYE:<\/strong><\/p>\n<ul>\n<li>Traslados origen-apt y vuelta (m\u00ednimo 25 pax)<\/li>\n<li>Avi\u00f3n internacional BCN \u2013 Capadocia \/ Estambul \u2013 BCN<\/li>\n<li>Avi\u00f3n dom\u00e9stico Esmirna \u2013 Estambul<\/li>\n<li>Tasas y maleta<\/li>\n<li>Autocar local todo el circuito<\/li>\n<li>Gu\u00eda acompa\u00f1ante de AIGE<\/li>\n<li>Gu\u00eda local para todas las visitas<\/li>\n<li>Hoteles 4**** o 5*****<em><strong>\u00a0<\/strong><\/em><em>(seg\u00fan elecci\u00f3n)<\/em><\/li>\n<li>Pensi\u00f3n completa con agua (de la cena del d\u00eda 1 al desayuno del d\u00eda 8)<\/li>\n<li>Visitas detalladas con las entradas correspondientes<\/li>\n<li>Entrada en el palacio de Topkapi<\/li>\n<li>Crucero por el B\u00f3sforo<\/li>\n<li>Telef\u00e9rico en Pierre Loti<\/li>\n<li>Seguro de asistencia en viaje<\/li>\n<li>Gesti\u00f3n de visado<\/li>\n<\/ul>\n<p><em><strong>Nota sobre el alojamiento: 2 noches en Capadocia + 1 noche en zona Pamukkale + 4 noches en Estambul<\/strong><\/em><\/p>","protected":false},"featured_media":1081,"template":"","meta":[],"product_cat":[25,85,99],"product_tag":[],"class_list":["post-1080","product","type-product","status-publish","has-post-thumbnail","hentry","product_cat-circuits-tot-inclos","product_cat-grecia-i-turquia","product_cat-turquia-2"],"yoast_head":"<!-- This site is optimized with the Yoast SEO plugin v21.7 - https:\/\/yoast.com\/wordpress\/plugins\/seo\/ -->\n<title>MERAVELLES DE TURQUIA - 8 DIES - AIGE Viatges<\/title>\n<meta name=\"description\" content=\"Agencia de viajes online | Descubre nuestros viajes inolvidables a MERAVELLES DE TURQUIA - 8 DIES\" \/>\n<meta name=\"robots\" content=\"index, follow, max-snippet:-1, max-image-preview:large, max-video-preview:-1\" \/>\n<link rel=\"canonical\" href=\"https:\/\/aigeviatges.com\/es\/producto\/maravillas-de-turquia-8-dias\/\" \/>\n<meta property=\"og:locale\" content=\"es_ES\" \/>\n<meta property=\"og:type\" content=\"article\" \/>\n<meta property=\"og:title\" content=\"MERAVELLES DE TURQUIA - 8 DIES - AIGE Viatges\" \/>\n<meta property=\"og:description\" content=\"Agencia de viajes online | Descubre nuestros viajes inolvidables a MERAVELLES DE TURQUIA - 8 DIES\" \/>\n<meta property=\"og:url\" content=\"https:\/\/aigeviatges.com\/es\/producto\/maravillas-de-turquia-8-dias\/\" \/>\n<meta property=\"og:site_name\" content=\"AIGE Viatges\" \/>\n<meta property=\"article:publisher\" content=\"https:\/\/www.facebook.com\/viatgesaige\/\" \/>\n<meta property=\"article:modified_time\" content=\"2021-03-18T14:41:39+00:00\" \/>\n<meta property=\"og:image\" content=\"https:\/\/aigeviatges.com\/wp-content\/uploads\/2021\/03\/chimenea.jpg\" \/>\n\t<meta property=\"og:image:width\" content=\"645\" \/>\n\t<meta property=\"og:image:height\" content=\"389\" \/>\n\t<meta property=\"og:image:type\" content=\"image\/jpeg\" \/>\n<meta name=\"twitter:card\" content=\"summary_large_image\" \/>\n<meta name=\"twitter:label1\" content=\"Tiempo de lectura\" \/>\n\t<meta name=\"twitter:data1\" content=\"3 minutos\" \/>\n<script type=\"application\/ld+json\" class=\"yoast-schema-graph\">{\"@context\":\"https:\/\/schema.org\",\"@graph\":[{\"@type\":\"WebPage\",\"@id\":\"https:\/\/aigeviatges.com\/producto\/meravelles-de-turquia-8-dies\/\",\"url\":\"https:\/\/aigeviatges.com\/producto\/meravelles-de-turquia-8-dies\/\",\"name\":\"MERAVELLES DE TURQUIA - 8 DIES - AIGE Viatges\",\"isPartOf\":{\"@id\":\"https:\/\/aigeviatges.com\/#website\"},\"datePublished\":\"2021-03-02T22:01:14+00:00\",\"dateModified\":\"2021-03-18T14:41:39+00:00\",\"description\":\"Agencia de viajes online | Descubre nuestros viajes inolvidables a MERAVELLES DE TURQUIA - 8 DIES\",\"breadcrumb\":{\"@id\":\"https:\/\/aigeviatges.com\/producto\/meravelles-de-turquia-8-dies\/#breadcrumb\"},\"inLanguage\":\"es\",\"potentialAction\":[{\"@type\":\"ReadAction\",\"target\":[\"https:\/\/aigeviatges.com\/producto\/meravelles-de-turquia-8-dies\/\"]}]},{\"@type\":\"BreadcrumbList\",\"@id\":\"https:\/\/aigeviatges.com\/producto\/meravelles-de-turquia-8-dies\/#breadcrumb\",\"itemListElement\":[{\"@type\":\"ListItem\",\"position\":1,\"name\":\"Portada\",\"item\":\"https:\/\/aigeviatges.com\/\"},{\"@type\":\"ListItem\",\"position\":2,\"name\":\"Tienda\",\"item\":\"https:\/\/aigeviatges.com\/tienda-2\/\"},{\"@type\":\"ListItem\",\"position\":3,\"name\":\"MERAVELLES DE TURQUIA &#8211; 8 DIES\"}]},{\"@type\":\"WebSite\",\"@id\":\"https:\/\/aigeviatges.com\/#website\",\"url\":\"https:\/\/aigeviatges.com\/\",\"name\":\"AIGE Viatges\",\"description\":\"Agencia de viajes especializada en producto propio para grupos.\",\"publisher\":{\"@id\":\"https:\/\/aigeviatges.com\/#organization\"},\"potentialAction\":[{\"@type\":\"SearchAction\",\"target\":{\"@type\":\"EntryPoint\",\"urlTemplate\":\"https:\/\/aigeviatges.com\/?s={search_term_string}\"},\"query-input\":\"required name=search_term_string\"}],\"inLanguage\":\"es\"},{\"@type\":\"Organization\",\"@id\":\"https:\/\/aigeviatges.com\/#organization\",\"name\":\"AIGE Viatges\",\"url\":\"https:\/\/aigeviatges.com\/\",\"logo\":{\"@type\":\"ImageObject\",\"inLanguage\":\"es\",\"@id\":\"https:\/\/aigeviatges.com\/#\/schema\/logo\/image\/\",\"url\":\"https:\/\/aigeviatges.com\/wp-content\/uploads\/2020\/03\/aig-viatges-logo-web.png\",\"contentUrl\":\"https:\/\/aigeviatges.com\/wp-content\/uploads\/2020\/03\/aig-viatges-logo-web.png\",\"width\":600,\"height\":166,\"caption\":\"AIGE Viatges\"},\"image\":{\"@id\":\"https:\/\/aigeviatges.com\/#\/schema\/logo\/image\/\"},\"sameAs\":[\"https:\/\/www.facebook.com\/viatgesaige\/\"]}]}<\/script>\n<!-- \/ Yoast SEO plugin. -->","yoast_head_json":{"title":"MERAVELLES DE TURQUIA - 8 DIES - AIGE Viatges","description":"Agencia de viajes online | Descubre nuestros viajes inolvidables a MERAVELLES DE TURQUIA - 8 DIES","robots":{"index":"index","follow":"follow","max-snippet":"max-snippet:-1","max-image-preview":"max-image-preview:large","max-video-preview":"max-video-preview:-1"},"canonical":"https:\/\/aigeviatges.com\/es\/producto\/maravillas-de-turquia-8-dias\/","og_locale":"es_ES","og_type":"article","og_title":"MERAVELLES DE TURQUIA - 8 DIES - AIGE Viatges","og_description":"Agencia de viajes online | Descubre nuestros viajes inolvidables a MERAVELLES DE TURQUIA - 8 DIES","og_url":"https:\/\/aigeviatges.com\/es\/producto\/maravillas-de-turquia-8-dias\/","og_site_name":"AIGE Viatges","article_publisher":"https:\/\/www.facebook.com\/viatgesaige\/","article_modified_time":"2021-03-18T14:41:39+00:00","og_image":[{"width":645,"height":389,"url":"https:\/\/aigeviatges.com\/wp-content\/uploads\/2021\/03\/chimenea.jpg","type":"image\/jpeg"}],"twitter_card":"summary_large_image","twitter_misc":{"Tiempo de lectura":"3 minutos"},"schema":{"@context":"https:\/\/schema.org","@graph":[{"@type":"WebPage","@id":"https:\/\/aigeviatges.com\/producto\/meravelles-de-turquia-8-dies\/","url":"https:\/\/aigeviatges.com\/producto\/meravelles-de-turquia-8-dies\/","name":"MERAVELLES DE TURQUIA - 8 DIES - AIGE Viatges","isPartOf":{"@id":"https:\/\/aigeviatges.com\/#website"},"datePublished":"2021-03-02T22:01:14+00:00","dateModified":"2021-03-18T14:41:39+00:00","description":"Agencia de viajes online | Descubre nuestros viajes inolvidables a MERAVELLES DE TURQUIA - 8 DIES","breadcrumb":{"@id":"https:\/\/aigeviatges.com\/producto\/meravelles-de-turquia-8-dies\/#breadcrumb"},"inLanguage":"es","potentialAction":[{"@type":"ReadAction","target":["https:\/\/aigeviatges.com\/producto\/meravelles-de-turquia-8-dies\/"]}]},{"@type":"BreadcrumbList","@id":"https:\/\/aigeviatges.com\/producto\/meravelles-de-turquia-8-dies\/#breadcrumb","itemListElement":[{"@type":"ListItem","position":1,"name":"Portada","item":"https:\/\/aigeviatges.com\/"},{"@type":"ListItem","position":2,"name":"Tienda","item":"https:\/\/aigeviatges.com\/tienda-2\/"},{"@type":"ListItem","position":3,"name":"MERAVELLES DE TURQUIA &#8211; 8 DIES"}]},{"@type":"WebSite","@id":"https:\/\/aigeviatges.com\/#website","url":"https:\/\/aigeviatges.com\/","name":"AIGE Viatges","description":"Agencia de viajes especializada en producto propio para grupos.","publisher":{"@id":"https:\/\/aigeviatges.com\/#organization"},"potentialAction":[{"@type":"SearchAction","target":{"@type":"EntryPoint","urlTemplate":"https:\/\/aigeviatges.com\/?s={search_term_string}"},"query-input":"required name=search_term_string"}],"inLanguage":"es"},{"@type":"Organization","@id":"https:\/\/aigeviatges.com\/#organization","name":"AIGE Viatges","url":"https:\/\/aigeviatges.com\/","logo":{"@type":"ImageObject","inLanguage":"es","@id":"https:\/\/aigeviatges.com\/#\/schema\/logo\/image\/","url":"https:\/\/aigeviatges.com\/wp-content\/uploads\/2020\/03\/aig-viatges-logo-web.png","contentUrl":"https:\/\/aigeviatges.com\/wp-content\/uploads\/2020\/03\/aig-viatges-logo-web.png","width":600,"height":166,"caption":"AIGE Viatges"},"image":{"@id":"https:\/\/aigeviatges.com\/#\/schema\/logo\/image\/"},"sameAs":["https:\/\/www.facebook.com\/viatgesaige\/"]}]}},"jetpack_sharing_enabled":true,"jetpack_likes_enabled":false,"_links":{"self":[{"href":"https:\/\/aigeviatges.com\/es\/wp-json\/wp\/v2\/product\/1080","targetHints":{"allow":["GET"]}}],"collection":[{"href":"https:\/\/aigeviatges.com\/es\/wp-json\/wp\/v2\/product"}],"about":[{"href":"https:\/\/aigeviatges.com\/es\/wp-json\/wp\/v2\/types\/product"}],"wp:featuredmedia":[{"embeddable":true,"href":"https:\/\/aigeviatges.com\/es\/wp-json\/wp\/v2\/media\/1081"}],"wp:attachment":[{"href":"https:\/\/aigeviatges.com\/es\/wp-json\/wp\/v2\/media?parent=1080"}],"wp:term":[{"taxonomy":"product_cat","embeddable":true,"href":"https:\/\/aigeviatges.com\/es\/wp-json\/wp\/v2\/product_cat?post=1080"},{"taxonomy":"product_tag","embeddable":true,"href":"https:\/\/aigeviatges.com\/es\/wp-json\/wp\/v2\/product_tag?post=1080"}],"curies":[{"name":"wp","href":"https:\/\/api.w.org\/{rel}","templated":true}]}}