{"id":1072,"date":"2021-03-02T20:37:28","date_gmt":"2021-03-02T20:37:28","guid":{"rendered":"https:\/\/aigeviatges.com\/?post_type=product&#038;p=1072"},"modified":"2021-03-18T14:43:13","modified_gmt":"2021-03-18T14:43:13","slug":"istambul-al-complet-5-dies","status":"publish","type":"product","link":"https:\/\/aigeviatges.com\/es\/producto\/istambul-al-completo-5-dias\/","title":{"rendered":"ISTAMBULO AL COMPLETO- 5 D\u00cdAS"},"content":{"rendered":"<p><strong>D\u00eda 1: BARCELONA \u2013 ESTAMBUL ( CRUCERO POR EL B\u00d3SFORO )<\/strong><br \/>\nSalida en avi\u00f3n a Estambul. Llegada, tr\u00e1mites de entrada y traslado al puerto donde realizaremos un crucero en barco por el B\u00f3sforo con cena a bordo. Veremos los tres mares, el mar Negro, el B\u00f3sforo y el mar de M\u00e1rmara. Al terminar, traslado al hotel. Acomodaci\u00f3n y alojamiento.<\/p>\n<p><strong>D\u00eda 2: ESTAMBUL ( BOHEMIA )<\/strong><br \/>\nVisita de la Estambul bohemia: visitaremos las Mezquitas de S\u00fcleymaniye y la de Ey\u00fcp que se encuentra al final del cuerno de oro. Subiremos a un telef\u00e9rico hasta la cafeter\u00eda Pierre Loti, donde podremos disfrutar de unas incre\u00edbles vistas de la zona. Siguiendo las murallas bizantinas, caminaremos viendo la Iglesia de San Antonio, el famoso hotel Pera Palas, el Liceo de Galatasaray etc. Almuerzo. Dispondremos de un rato de tiempo libre. Cena y alojamiento en el hotel.<\/p>\n<p><strong>D\u00eda 3: EST\u00c1MBULO <\/strong><br \/>\nVisita a la Mezquita Nueva, \u00faltima mezquita imperial de los otomanos. Tiempo libre en el Bazar de las Especies para disfrutar del ambiente que nos trasladar\u00e1 a siglos pasados. A continuaci\u00f3n, llegaremos a la parte asi\u00e1tica para contemplar las maravillosas vistas de toda la ciudad de Estambul, desde la cima de los enamorados. Seguiremos con la visita del Palacio de Beylerbeyi. Almuerzo. La excursi\u00f3n terminar\u00e1 en el Gran Bazar donde dispondremos de tiempo libre. Cena y alojamiento en el hotel.<\/p>\n<p><strong>D\u00eda 4: ESTAMBUL ( CL\u00c1SICA )<\/strong><br \/>\nVisita de la parte antigua en la que est\u00e1n concentrados los monumentos otomanos y bizantinos m\u00e1s destacados. Empezaremos con la visita de la Cisterna Bas\u00edlica, la cual era el mayor dep\u00f3sito de agua del Imperio bizantino, despu\u00e9s veremos el famos\u00edsimo templo de Santa Sof\u00eda. Fue el mayor santuario del mundo hasta el siglo XVII. Almuerzo. A continuaci\u00f3n, veremos el Hip\u00f3dromo antiguo romano. Terminaremos nuestra excursi\u00f3n con la visita de la famosa Mezquita Azul, la \u00fanica del mundo con 6 minaretes. Volveremos a tener un rato de tiempo libre en el Gran Bazar. Cena y alojamiento en el hotel.<\/p>\n<p><strong>D\u00eda 5: ESTAMBUL \u2013 BARCELONA<\/strong><br \/>\nPor la ma\u00f1ana visitaremos el Palacio de Topkapi, desde donde fue dirigido todo el Imperio otomano durante casi 400 a\u00f1os. Especialmente visitaremos el Harem, se construyeron alrededor de trescientas habitaciones, agrupadas en torno a tres patios: el de la Sultana Madre, el de las favoritas y de las concubinas, que le hubieran dado alg\u00fan hijo al Sult\u00e1n y el tercer patio el de las sirvientas. Todas estas dependencias estaban revestidas de bonitos mostradores con techos y c\u00fapulas decoradas con pinturas al fresco, dibujos florales y paisajes. Almuerzo en rto. Traslado al aeropuerto y salida en avi\u00f3n a Barcelona. Llegada y fin del viaje y de nuestros servicios<\/p>","protected":false},"excerpt":{"rendered":"<p><strong>INCLUYE:<\/strong><\/p>\n<ul>\n<li>Traslados origen-apt y vuelta (m\u00ednimo 25 pax)<\/li>\n<li>Avi\u00f3n BCN \u2013 Estambul \u2013 BCN + Tasas y maleta<\/li>\n<li>Autocar local todo el circuito<\/li>\n<li>Gu\u00eda acompa\u00f1ante de AIGE<\/li>\n<li>Gu\u00eda local para todas las visitas<\/li>\n<li>Hotel 4**** o 5*****<em><strong>\u00a0<\/strong><\/em><em>(seg\u00fan elecci\u00f3n)<\/em><\/li>\n<li>Pensi\u00f3n completa con agua (de la cena del d\u00eda 1 al almuerzo del d\u00eda 5)<\/li>\n<li>Visitas detalladas con las entradas correspondientes<\/li>\n<li>Entrada en el palacio de Topkapi con el Harem<\/li>\n<li>Crucero por el B\u00f3sforo con cena y entretenimiento<\/li>\n<li>Telef\u00e9rico en Pierre Loti<\/li>\n<li>Seguro de asistencia en viaje<\/li>\n<li>Gesti\u00f3n de visado<\/li>\n<\/ul>\n<p><em><strong>Nota sobre el alojamiento: <\/strong><\/em><em><strong>todas las noches en el mismo hotel\u00a0 \u00a0\u00a0<\/strong><\/em><\/p>","protected":false},"featured_media":1073,"template":"","meta":[],"product_cat":[25,85,99],"product_tag":[],"class_list":["post-1072","product","type-product","status-publish","has-post-thumbnail","hentry","product_cat-circuits-tot-inclos","product_cat-grecia-i-turquia","product_cat-turquia-2"],"yoast_head":"<!-- This site is optimized with the Yoast SEO plugin v21.7 - https:\/\/yoast.com\/wordpress\/plugins\/seo\/ -->\n<title>ISTAMBUL AL COMPLET- 5 DIES - AIGE Viatges<\/title>\n<meta name=\"description\" content=\"Agencia de viajes online | Descubre nuestros viajes inolvidables a ISTAMBUL AL COMPLET- 5 DIES\" \/>\n<meta name=\"robots\" content=\"index, follow, max-snippet:-1, max-image-preview:large, max-video-preview:-1\" \/>\n<link rel=\"canonical\" href=\"https:\/\/aigeviatges.com\/es\/producto\/istambul-al-completo-5-dias\/\" \/>\n<meta property=\"og:locale\" content=\"es_ES\" \/>\n<meta property=\"og:type\" content=\"article\" \/>\n<meta property=\"og:title\" content=\"ISTAMBUL AL COMPLET- 5 DIES - AIGE Viatges\" \/>\n<meta property=\"og:description\" content=\"Agencia de viajes online | Descubre nuestros viajes inolvidables a ISTAMBUL AL COMPLET- 5 DIES\" \/>\n<meta property=\"og:url\" content=\"https:\/\/aigeviatges.com\/es\/producto\/istambul-al-completo-5-dias\/\" \/>\n<meta property=\"og:site_name\" content=\"AIGE Viatges\" \/>\n<meta property=\"article:publisher\" content=\"https:\/\/www.facebook.com\/viatgesaige\/\" \/>\n<meta property=\"article:modified_time\" content=\"2021-03-18T14:43:13+00:00\" \/>\n<meta property=\"og:image\" content=\"https:\/\/aigeviatges.com\/wp-content\/uploads\/2021\/03\/esp.jpg\" \/>\n\t<meta property=\"og:image:width\" content=\"638\" \/>\n\t<meta property=\"og:image:height\" content=\"423\" \/>\n\t<meta property=\"og:image:type\" content=\"image\/jpeg\" \/>\n<meta name=\"twitter:card\" content=\"summary_large_image\" \/>\n<meta name=\"twitter:label1\" content=\"Tiempo de lectura\" \/>\n\t<meta name=\"twitter:data1\" content=\"2 minutos\" \/>\n<script type=\"application\/ld+json\" class=\"yoast-schema-graph\">{\"@context\":\"https:\/\/schema.org\",\"@graph\":[{\"@type\":\"WebPage\",\"@id\":\"https:\/\/aigeviatges.com\/producto\/istambul-al-complet-5-dies\/\",\"url\":\"https:\/\/aigeviatges.com\/producto\/istambul-al-complet-5-dies\/\",\"name\":\"ISTAMBUL AL COMPLET- 5 DIES - AIGE Viatges\",\"isPartOf\":{\"@id\":\"https:\/\/aigeviatges.com\/#website\"},\"datePublished\":\"2021-03-02T20:37:28+00:00\",\"dateModified\":\"2021-03-18T14:43:13+00:00\",\"description\":\"Agencia de viajes online | Descubre nuestros viajes inolvidables a ISTAMBUL AL COMPLET- 5 DIES\",\"breadcrumb\":{\"@id\":\"https:\/\/aigeviatges.com\/producto\/istambul-al-complet-5-dies\/#breadcrumb\"},\"inLanguage\":\"es\",\"potentialAction\":[{\"@type\":\"ReadAction\",\"target\":[\"https:\/\/aigeviatges.com\/producto\/istambul-al-complet-5-dies\/\"]}]},{\"@type\":\"BreadcrumbList\",\"@id\":\"https:\/\/aigeviatges.com\/producto\/istambul-al-complet-5-dies\/#breadcrumb\",\"itemListElement\":[{\"@type\":\"ListItem\",\"position\":1,\"name\":\"Portada\",\"item\":\"https:\/\/aigeviatges.com\/\"},{\"@type\":\"ListItem\",\"position\":2,\"name\":\"Tienda\",\"item\":\"https:\/\/aigeviatges.com\/tienda-2\/\"},{\"@type\":\"ListItem\",\"position\":3,\"name\":\"ISTAMBUL AL COMPLET- 5 DIES\"}]},{\"@type\":\"WebSite\",\"@id\":\"https:\/\/aigeviatges.com\/#website\",\"url\":\"https:\/\/aigeviatges.com\/\",\"name\":\"AIGE Viatges\",\"description\":\"Agencia de viajes especializada en producto propio para grupos.\",\"publisher\":{\"@id\":\"https:\/\/aigeviatges.com\/#organization\"},\"potentialAction\":[{\"@type\":\"SearchAction\",\"target\":{\"@type\":\"EntryPoint\",\"urlTemplate\":\"https:\/\/aigeviatges.com\/?s={search_term_string}\"},\"query-input\":\"required name=search_term_string\"}],\"inLanguage\":\"es\"},{\"@type\":\"Organization\",\"@id\":\"https:\/\/aigeviatges.com\/#organization\",\"name\":\"AIGE Viatges\",\"url\":\"https:\/\/aigeviatges.com\/\",\"logo\":{\"@type\":\"ImageObject\",\"inLanguage\":\"es\",\"@id\":\"https:\/\/aigeviatges.com\/#\/schema\/logo\/image\/\",\"url\":\"https:\/\/aigeviatges.com\/wp-content\/uploads\/2020\/03\/aig-viatges-logo-web.png\",\"contentUrl\":\"https:\/\/aigeviatges.com\/wp-content\/uploads\/2020\/03\/aig-viatges-logo-web.png\",\"width\":600,\"height\":166,\"caption\":\"AIGE Viatges\"},\"image\":{\"@id\":\"https:\/\/aigeviatges.com\/#\/schema\/logo\/image\/\"},\"sameAs\":[\"https:\/\/www.facebook.com\/viatgesaige\/\"]}]}<\/script>\n<!-- \/ Yoast SEO plugin. -->","yoast_head_json":{"title":"ISTAMBUL AL COMPLET- 5 DIES - AIGE Viatges","description":"Agencia de viajes online | Descubre nuestros viajes inolvidables a ISTAMBUL AL COMPLET- 5 DIES","robots":{"index":"index","follow":"follow","max-snippet":"max-snippet:-1","max-image-preview":"max-image-preview:large","max-video-preview":"max-video-preview:-1"},"canonical":"https:\/\/aigeviatges.com\/es\/producto\/istambul-al-completo-5-dias\/","og_locale":"es_ES","og_type":"article","og_title":"ISTAMBUL AL COMPLET- 5 DIES - AIGE Viatges","og_description":"Agencia de viajes online | Descubre nuestros viajes inolvidables a ISTAMBUL AL COMPLET- 5 DIES","og_url":"https:\/\/aigeviatges.com\/es\/producto\/istambul-al-completo-5-dias\/","og_site_name":"AIGE Viatges","article_publisher":"https:\/\/www.facebook.com\/viatgesaige\/","article_modified_time":"2021-03-18T14:43:13+00:00","og_image":[{"width":638,"height":423,"url":"https:\/\/aigeviatges.com\/wp-content\/uploads\/2021\/03\/esp.jpg","type":"image\/jpeg"}],"twitter_card":"summary_large_image","twitter_misc":{"Tiempo de lectura":"2 minutos"},"schema":{"@context":"https:\/\/schema.org","@graph":[{"@type":"WebPage","@id":"https:\/\/aigeviatges.com\/producto\/istambul-al-complet-5-dies\/","url":"https:\/\/aigeviatges.com\/producto\/istambul-al-complet-5-dies\/","name":"ISTAMBUL AL COMPLET- 5 DIES - AIGE Viatges","isPartOf":{"@id":"https:\/\/aigeviatges.com\/#website"},"datePublished":"2021-03-02T20:37:28+00:00","dateModified":"2021-03-18T14:43:13+00:00","description":"Agencia de viajes online | Descubre nuestros viajes inolvidables a ISTAMBUL AL COMPLET- 5 DIES","breadcrumb":{"@id":"https:\/\/aigeviatges.com\/producto\/istambul-al-complet-5-dies\/#breadcrumb"},"inLanguage":"es","potentialAction":[{"@type":"ReadAction","target":["https:\/\/aigeviatges.com\/producto\/istambul-al-complet-5-dies\/"]}]},{"@type":"BreadcrumbList","@id":"https:\/\/aigeviatges.com\/producto\/istambul-al-complet-5-dies\/#breadcrumb","itemListElement":[{"@type":"ListItem","position":1,"name":"Portada","item":"https:\/\/aigeviatges.com\/"},{"@type":"ListItem","position":2,"name":"Tienda","item":"https:\/\/aigeviatges.com\/tienda-2\/"},{"@type":"ListItem","position":3,"name":"ISTAMBUL AL COMPLET- 5 DIES"}]},{"@type":"WebSite","@id":"https:\/\/aigeviatges.com\/#website","url":"https:\/\/aigeviatges.com\/","name":"AIGE Viatges","description":"Agencia de viajes especializada en producto propio para grupos.","publisher":{"@id":"https:\/\/aigeviatges.com\/#organization"},"potentialAction":[{"@type":"SearchAction","target":{"@type":"EntryPoint","urlTemplate":"https:\/\/aigeviatges.com\/?s={search_term_string}"},"query-input":"required name=search_term_string"}],"inLanguage":"es"},{"@type":"Organization","@id":"https:\/\/aigeviatges.com\/#organization","name":"AIGE Viatges","url":"https:\/\/aigeviatges.com\/","logo":{"@type":"ImageObject","inLanguage":"es","@id":"https:\/\/aigeviatges.com\/#\/schema\/logo\/image\/","url":"https:\/\/aigeviatges.com\/wp-content\/uploads\/2020\/03\/aig-viatges-logo-web.png","contentUrl":"https:\/\/aigeviatges.com\/wp-content\/uploads\/2020\/03\/aig-viatges-logo-web.png","width":600,"height":166,"caption":"AIGE Viatges"},"image":{"@id":"https:\/\/aigeviatges.com\/#\/schema\/logo\/image\/"},"sameAs":["https:\/\/www.facebook.com\/viatgesaige\/"]}]}},"jetpack_sharing_enabled":true,"jetpack_likes_enabled":false,"_links":{"self":[{"href":"https:\/\/aigeviatges.com\/es\/wp-json\/wp\/v2\/product\/1072","targetHints":{"allow":["GET"]}}],"collection":[{"href":"https:\/\/aigeviatges.com\/es\/wp-json\/wp\/v2\/product"}],"about":[{"href":"https:\/\/aigeviatges.com\/es\/wp-json\/wp\/v2\/types\/product"}],"wp:featuredmedia":[{"embeddable":true,"href":"https:\/\/aigeviatges.com\/es\/wp-json\/wp\/v2\/media\/1073"}],"wp:attachment":[{"href":"https:\/\/aigeviatges.com\/es\/wp-json\/wp\/v2\/media?parent=1072"}],"wp:term":[{"taxonomy":"product_cat","embeddable":true,"href":"https:\/\/aigeviatges.com\/es\/wp-json\/wp\/v2\/product_cat?post=1072"},{"taxonomy":"product_tag","embeddable":true,"href":"https:\/\/aigeviatges.com\/es\/wp-json\/wp\/v2\/product_tag?post=1072"}],"curies":[{"name":"wp","href":"https:\/\/api.w.org\/{rel}","templated":true}]}}