{"id":1053,"date":"2021-03-02T14:54:30","date_gmt":"2021-03-02T14:54:30","guid":{"rendered":"https:\/\/aigeviatges.com\/?post_type=product&#038;p=1053"},"modified":"2021-03-18T14:44:57","modified_gmt":"2021-03-18T14:44:57","slug":"grecia-i-creuer-per-les-illes-gregues-8-dies","status":"publish","type":"product","link":"https:\/\/aigeviatges.com\/es\/producto\/grecia-y-crucero-por-las-islas-griegas-8-dias\/","title":{"rendered":"GRECIA Y CRUCERO POR LAS ISLAS GRIEGAS \u2013 8 D\u00cdAS"},"content":{"rendered":"<p><strong>D\u00eda 1: BARCELONA \u2013 ATENAS (noche en zona Atenas)<\/strong><br \/>\nTraslado al aeropuerto de Barcelona y salida en avi\u00f3n a Atenas. Llegada y almuerzo. Por la tarde realizaremos una excursi\u00f3n hasta el cabo S\u00fanion, donde se levantan los pilares del templo de Poseid\u00f3n. Traslado al hotel. Acomodaci\u00f3n, cena y alojamiento.<\/p>\n<p><strong>D\u00eda 2: ATENAS (noche en zona Atenas)<\/strong><br \/>\nPor la ma\u00f1ana visita panor\u00e1mica con gu\u00eda local de Atenas. Destaca la plaza de la constituci\u00f3n (Sintagma), el parlamento, el memorial al soldado desconocido, la biblioteca nacional, el estadio Panatenaico, el templo Zeus y el arco de Adri\u00e0. Visitaremos el antiguo mercado, el teatro Dionisos y la Acr\u00f3polis. Almuerzo. Por la tarde nos adentraremos en el t\u00edpico barrio de Plaka. Se trata de un barrio situado en la falda de la Acr\u00f3polis. Pasearemos por sus callejuelas observando las numerosas tiendas con los productos griegos m\u00e1s variados, suvenires etc. Regreso al hotel. Cena y alojamiento.<\/p>\n<p><strong>D\u00eda 3: ARGOLIDA (noche en zona Atenas)<\/strong><br \/>\nSalida hacia el Canal de Corinto que conecta el Mar Egeo con el J\u00f3nico. Visita de Micenas, la ciudad hom\u00e9rica de Atreudes. Continuamos hacia Nauplia a trav\u00e9s de la f\u00e9rtil llanura de Argolis, el pintoresco pueblo a los pies de la fortaleza de Palamidi. Almuerzo. Continuaci\u00f3n a Epidauro y su famoso teatro (s.iv AC) de una magn\u00edfica ac\u00fastica. Volveremos a Atenas por la Carretera Nacional que conecta Epidauros con Corinto. Regreso al hotel, cena y alojamiento.<\/p>\n<p><strong>D\u00eda 4: DELFOS (noche en zona Atenas)<\/strong><br \/>\nSalida a Delfos. Pasando a trav\u00e9s de la f\u00e9rtil llanura de Boeot\u00eda, cruzando los pueblos de Tebas, relacionado con la tragedia del rey Edipo-Levad\u00eda y Arachova famosas por sus coloridas alfombras. Llegada a Delfos, el centro del mundo cl\u00e1sico antiguo, el Onfalos (el ombligo del mundo), cuyo prestigio se ha expandido m\u00e1s all\u00e1 de las fronteras del mundo hel\u00e9nico. Visitaremos el Tesoro de los Ateneses, el templo de Apolo con el or\u00e1culo y el museo que contiene obras maestras de la Grecia antigua como escultura de bronce del carruaje del famoso atleta Aghias. Almuerzo en Delfos y regreso a Atenas por la misma ruta. Cena y alojamiento.<\/p>\n<p><strong>D\u00eda 5: EMBARC \u2013 CRUCERO POR LAS ISLAS GRIEGAS (noche a bordo) \u2013 <em>MIKONOS<\/em><\/strong><br \/>\nSalida hacia el puerto de El Pireo donde embarcaremos para realizar un crucero de 3 noches por las islas griegas. Almuerzo a bordo. Por la tarde, atracaremos en Mykonos, donde dispondremos de tiempo libre para conocer la isla. Podremos pasear por el centro hist\u00f3rico de la capital, disfrutando de las casas encaladas y sus variados bares, restaurantes y comercios, as\u00ed como de los cientos de capillas que se encuentran por toda la isla. Embarque y navegaci\u00f3n hacia Kusadasi. Noche a bordo\/pensi\u00f3n completa.<\/p>\n<p><strong>D\u00eda 6: CRUCERO POR LAS ISLAS GRIEGAS (noche a bordo) \u2013 <em>KUSADASI Y PATMOS<\/em><\/strong><br \/>\nLlegada a Kusadasi (Turqu\u00eda). Excursi\u00f3n a Efeso, una de las ciudades cl\u00e1sicas mejor conservadas y una de las mayores zonas arqueol\u00f3gicas al aire libre que se conocen. Visitaremos lugares tan bellos e interesantes como la Puerta de Magnesia, la Biblioteca de Celso, el Teatro de Efeso (el mayor de su \u00e9poca, con una capacidad para 24.500 espectadores) etc. Regreso al barco. Navegaci\u00f3n en Patmos. Recorreremos a nuestro aire los lugares m\u00e1s emblem\u00e1ticos de esta isla del archipi\u00e9lago del Dodecaneso, en la que San Juan Evangelista fue bautizado y en la que, seg\u00fan la tradici\u00f3n, tuvo su encuentro con Jes\u00fas en la Gruta del Apocalipsis. Embarque y navegaci\u00f3n hacia Creta. Noche a bordo\/pensi\u00f3n completa.<\/p>\n<p><strong>D\u00eda 7: CRUCERO POR LAS ISLAS GRIEGAS (noche a bordo) \u2013 <em>CRETA (HERAKLION) Y SANTORINI<\/em><\/strong><br \/>\nLlegada a Heraklion (Creta). Visitaremos el misterioso palacio minoico de Knossos. La leyenda cuenta que el tir\u00e1nico rey Minos encarcel\u00f3 al minotauro en el laberinto subterr\u00e1neo construido bajo el palacio. Visitaremos sus ruinas y nos dejaremos llevar por la historia y el mito de esta fant\u00e1stica bestia. Regreso al barco. Navegaci\u00f3n en Santorini. Subiremos en funicular y traslado a Oia, una preciosa poblaci\u00f3n que cuenta con vestigios de la arquitectura de las C\u00edcladas. Embarque y navegaci\u00f3n hacia El Pireo. Noche a bordo\/pensi\u00f3n completa.<\/p>\n<p><strong>D\u00eda 8: CRUCERO POR LAS ISLAS GRIEGAS \u2013 DESEMBARC \u2013 BARCELONA<\/strong><br \/>\nDesembarco despu\u00e9s del desayuno. Por la ma\u00f1ana subiremos en funicular a la cima del Lycabettus, hasta la capilla de Sant Jordi, de 277 metros de altura, cuenta con la mejor vista panor\u00e1mica de toda Atenas. Almuerzo en restaurante. A continuaci\u00f3n traslado al aeropuerto. Salida en avi\u00f3n a Barcelona. Llegada y fin de nuestros servicios.<\/p>","protected":false},"excerpt":{"rendered":"<p><strong>INCLUYE:<\/strong><\/p>\n<ul>\n<li>Traslados origen-apt y vuelta (m\u00ednimo 25 pax)<\/li>\n<li>Avi\u00f3n BCN \u2013 Atenas \u2013 BCN<\/li>\n<li>Tasas y maleta<\/li>\n<li>Autocar local todo el circuito<\/li>\n<li>Gu\u00eda acompa\u00f1ante de AIGE + gu\u00eda local en Atenas<\/li>\n<li>Hotel 3*** o 4****<em><strong>\u00a0<\/strong><\/em><em>(seg\u00fan elecci\u00f3n)<\/em><\/li>\n<li>3 noches de crucero por las islas griegas<\/li>\n<li>Pensi\u00f3n completa con agua (del almuerzo del d\u00eda 1 al almuerzo del d\u00eda 8)<\/li>\n<li>Entradas del circuito: Acr\u00f3polis, Argolida, Delfos y Cap S\u00fanion<\/li>\n<li>Entradas del crucero: Efeso, palacio de Knossos<\/li>\n<li>Funicular de Santorini<\/li>\n<li>Funicular en Lycabettus<\/li>\n<li>Seguro de asistencia en viaje<\/li>\n<\/ul>\n<p><em><strong>Nota sobre el alojamiento: 4 noches en zona Atenas + 3 noches de crucero<\/strong><\/em><\/p>","protected":false},"featured_media":1054,"template":"","meta":[],"product_cat":[25,98,85],"product_tag":[],"class_list":["post-1053","product","type-product","status-publish","has-post-thumbnail","hentry","product_cat-circuits-tot-inclos","product_cat-grecia-2","product_cat-grecia-i-turquia"],"yoast_head":"<!-- This site is optimized with the Yoast SEO plugin v21.7 - https:\/\/yoast.com\/wordpress\/plugins\/seo\/ -->\n<title>GR\u00c8CIA I CREUER PER LES ILLES GREGUES - 8 DIES - AIGE Viatges<\/title>\n<meta name=\"description\" content=\"Agencia de viajes online | Descubre nuestros viajes inolvidables a GR\u00c8CIA I CREUER PER LES ILLES GREGUES - 8 DIES\" \/>\n<meta name=\"robots\" content=\"index, follow, max-snippet:-1, max-image-preview:large, max-video-preview:-1\" \/>\n<link rel=\"canonical\" href=\"https:\/\/aigeviatges.com\/es\/producto\/grecia-y-crucero-por-las-islas-griegas-8-dias\/\" \/>\n<meta property=\"og:locale\" content=\"es_ES\" \/>\n<meta property=\"og:type\" content=\"article\" \/>\n<meta property=\"og:title\" content=\"GR\u00c8CIA I CREUER PER LES ILLES GREGUES - 8 DIES - AIGE Viatges\" \/>\n<meta property=\"og:description\" content=\"Agencia de viajes online | Descubre nuestros viajes inolvidables a GR\u00c8CIA I CREUER PER LES ILLES GREGUES - 8 DIES\" \/>\n<meta property=\"og:url\" content=\"https:\/\/aigeviatges.com\/es\/producto\/grecia-y-crucero-por-las-islas-griegas-8-dias\/\" \/>\n<meta property=\"og:site_name\" content=\"AIGE Viatges\" \/>\n<meta property=\"article:publisher\" content=\"https:\/\/www.facebook.com\/viatgesaige\/\" \/>\n<meta property=\"article:modified_time\" content=\"2021-03-18T14:44:57+00:00\" \/>\n<meta property=\"og:image\" content=\"https:\/\/aigeviatges.com\/wp-content\/uploads\/2021\/03\/GRB-OIA.jpg\" \/>\n\t<meta property=\"og:image:width\" content=\"653\" \/>\n\t<meta property=\"og:image:height\" content=\"465\" \/>\n\t<meta property=\"og:image:type\" content=\"image\/jpeg\" \/>\n<meta name=\"twitter:card\" content=\"summary_large_image\" \/>\n<meta name=\"twitter:label1\" content=\"Tiempo de lectura\" \/>\n\t<meta name=\"twitter:data1\" content=\"4 minutos\" \/>\n<script type=\"application\/ld+json\" class=\"yoast-schema-graph\">{\"@context\":\"https:\/\/schema.org\",\"@graph\":[{\"@type\":\"WebPage\",\"@id\":\"https:\/\/aigeviatges.com\/producto\/grecia-i-creuer-per-les-illes-gregues-8-dies\/\",\"url\":\"https:\/\/aigeviatges.com\/producto\/grecia-i-creuer-per-les-illes-gregues-8-dies\/\",\"name\":\"GR\u00c8CIA I CREUER PER LES ILLES GREGUES - 8 DIES - AIGE Viatges\",\"isPartOf\":{\"@id\":\"https:\/\/aigeviatges.com\/#website\"},\"datePublished\":\"2021-03-02T14:54:30+00:00\",\"dateModified\":\"2021-03-18T14:44:57+00:00\",\"description\":\"Agencia de viajes online | Descubre nuestros viajes inolvidables a GR\u00c8CIA I CREUER PER LES ILLES GREGUES - 8 DIES\",\"breadcrumb\":{\"@id\":\"https:\/\/aigeviatges.com\/producto\/grecia-i-creuer-per-les-illes-gregues-8-dies\/#breadcrumb\"},\"inLanguage\":\"es\",\"potentialAction\":[{\"@type\":\"ReadAction\",\"target\":[\"https:\/\/aigeviatges.com\/producto\/grecia-i-creuer-per-les-illes-gregues-8-dies\/\"]}]},{\"@type\":\"BreadcrumbList\",\"@id\":\"https:\/\/aigeviatges.com\/producto\/grecia-i-creuer-per-les-illes-gregues-8-dies\/#breadcrumb\",\"itemListElement\":[{\"@type\":\"ListItem\",\"position\":1,\"name\":\"Portada\",\"item\":\"https:\/\/aigeviatges.com\/\"},{\"@type\":\"ListItem\",\"position\":2,\"name\":\"Tienda\",\"item\":\"https:\/\/aigeviatges.com\/tienda-2\/\"},{\"@type\":\"ListItem\",\"position\":3,\"name\":\"GR\u00c8CIA I CREUER PER LES ILLES GREGUES &#8211; 8 DIES\"}]},{\"@type\":\"WebSite\",\"@id\":\"https:\/\/aigeviatges.com\/#website\",\"url\":\"https:\/\/aigeviatges.com\/\",\"name\":\"AIGE Viatges\",\"description\":\"Agencia de viajes especializada en producto propio para grupos.\",\"publisher\":{\"@id\":\"https:\/\/aigeviatges.com\/#organization\"},\"potentialAction\":[{\"@type\":\"SearchAction\",\"target\":{\"@type\":\"EntryPoint\",\"urlTemplate\":\"https:\/\/aigeviatges.com\/?s={search_term_string}\"},\"query-input\":\"required name=search_term_string\"}],\"inLanguage\":\"es\"},{\"@type\":\"Organization\",\"@id\":\"https:\/\/aigeviatges.com\/#organization\",\"name\":\"AIGE Viatges\",\"url\":\"https:\/\/aigeviatges.com\/\",\"logo\":{\"@type\":\"ImageObject\",\"inLanguage\":\"es\",\"@id\":\"https:\/\/aigeviatges.com\/#\/schema\/logo\/image\/\",\"url\":\"https:\/\/aigeviatges.com\/wp-content\/uploads\/2020\/03\/aig-viatges-logo-web.png\",\"contentUrl\":\"https:\/\/aigeviatges.com\/wp-content\/uploads\/2020\/03\/aig-viatges-logo-web.png\",\"width\":600,\"height\":166,\"caption\":\"AIGE Viatges\"},\"image\":{\"@id\":\"https:\/\/aigeviatges.com\/#\/schema\/logo\/image\/\"},\"sameAs\":[\"https:\/\/www.facebook.com\/viatgesaige\/\"]}]}<\/script>\n<!-- \/ Yoast SEO plugin. -->","yoast_head_json":{"title":"GR\u00c8CIA I CREUER PER LES ILLES GREGUES - 8 DIES - AIGE Viatges","description":"Agencia de viajes online | Descubre nuestros viajes inolvidables a GR\u00c8CIA I CREUER PER LES ILLES GREGUES - 8 DIES","robots":{"index":"index","follow":"follow","max-snippet":"max-snippet:-1","max-image-preview":"max-image-preview:large","max-video-preview":"max-video-preview:-1"},"canonical":"https:\/\/aigeviatges.com\/es\/producto\/grecia-y-crucero-por-las-islas-griegas-8-dias\/","og_locale":"es_ES","og_type":"article","og_title":"GR\u00c8CIA I CREUER PER LES ILLES GREGUES - 8 DIES - AIGE Viatges","og_description":"Agencia de viajes online | Descubre nuestros viajes inolvidables a GR\u00c8CIA I CREUER PER LES ILLES GREGUES - 8 DIES","og_url":"https:\/\/aigeviatges.com\/es\/producto\/grecia-y-crucero-por-las-islas-griegas-8-dias\/","og_site_name":"AIGE Viatges","article_publisher":"https:\/\/www.facebook.com\/viatgesaige\/","article_modified_time":"2021-03-18T14:44:57+00:00","og_image":[{"width":653,"height":465,"url":"https:\/\/aigeviatges.com\/wp-content\/uploads\/2021\/03\/GRB-OIA.jpg","type":"image\/jpeg"}],"twitter_card":"summary_large_image","twitter_misc":{"Tiempo de lectura":"4 minutos"},"schema":{"@context":"https:\/\/schema.org","@graph":[{"@type":"WebPage","@id":"https:\/\/aigeviatges.com\/producto\/grecia-i-creuer-per-les-illes-gregues-8-dies\/","url":"https:\/\/aigeviatges.com\/producto\/grecia-i-creuer-per-les-illes-gregues-8-dies\/","name":"GR\u00c8CIA I CREUER PER LES ILLES GREGUES - 8 DIES - AIGE Viatges","isPartOf":{"@id":"https:\/\/aigeviatges.com\/#website"},"datePublished":"2021-03-02T14:54:30+00:00","dateModified":"2021-03-18T14:44:57+00:00","description":"Agencia de viajes online | Descubre nuestros viajes inolvidables a GR\u00c8CIA I CREUER PER LES ILLES GREGUES - 8 DIES","breadcrumb":{"@id":"https:\/\/aigeviatges.com\/producto\/grecia-i-creuer-per-les-illes-gregues-8-dies\/#breadcrumb"},"inLanguage":"es","potentialAction":[{"@type":"ReadAction","target":["https:\/\/aigeviatges.com\/producto\/grecia-i-creuer-per-les-illes-gregues-8-dies\/"]}]},{"@type":"BreadcrumbList","@id":"https:\/\/aigeviatges.com\/producto\/grecia-i-creuer-per-les-illes-gregues-8-dies\/#breadcrumb","itemListElement":[{"@type":"ListItem","position":1,"name":"Portada","item":"https:\/\/aigeviatges.com\/"},{"@type":"ListItem","position":2,"name":"Tienda","item":"https:\/\/aigeviatges.com\/tienda-2\/"},{"@type":"ListItem","position":3,"name":"GR\u00c8CIA I CREUER PER LES ILLES GREGUES &#8211; 8 DIES"}]},{"@type":"WebSite","@id":"https:\/\/aigeviatges.com\/#website","url":"https:\/\/aigeviatges.com\/","name":"AIGE Viatges","description":"Agencia de viajes especializada en producto propio para grupos.","publisher":{"@id":"https:\/\/aigeviatges.com\/#organization"},"potentialAction":[{"@type":"SearchAction","target":{"@type":"EntryPoint","urlTemplate":"https:\/\/aigeviatges.com\/?s={search_term_string}"},"query-input":"required name=search_term_string"}],"inLanguage":"es"},{"@type":"Organization","@id":"https:\/\/aigeviatges.com\/#organization","name":"AIGE Viatges","url":"https:\/\/aigeviatges.com\/","logo":{"@type":"ImageObject","inLanguage":"es","@id":"https:\/\/aigeviatges.com\/#\/schema\/logo\/image\/","url":"https:\/\/aigeviatges.com\/wp-content\/uploads\/2020\/03\/aig-viatges-logo-web.png","contentUrl":"https:\/\/aigeviatges.com\/wp-content\/uploads\/2020\/03\/aig-viatges-logo-web.png","width":600,"height":166,"caption":"AIGE Viatges"},"image":{"@id":"https:\/\/aigeviatges.com\/#\/schema\/logo\/image\/"},"sameAs":["https:\/\/www.facebook.com\/viatgesaige\/"]}]}},"jetpack_sharing_enabled":true,"jetpack_likes_enabled":false,"_links":{"self":[{"href":"https:\/\/aigeviatges.com\/es\/wp-json\/wp\/v2\/product\/1053","targetHints":{"allow":["GET"]}}],"collection":[{"href":"https:\/\/aigeviatges.com\/es\/wp-json\/wp\/v2\/product"}],"about":[{"href":"https:\/\/aigeviatges.com\/es\/wp-json\/wp\/v2\/types\/product"}],"wp:featuredmedia":[{"embeddable":true,"href":"https:\/\/aigeviatges.com\/es\/wp-json\/wp\/v2\/media\/1054"}],"wp:attachment":[{"href":"https:\/\/aigeviatges.com\/es\/wp-json\/wp\/v2\/media?parent=1053"}],"wp:term":[{"taxonomy":"product_cat","embeddable":true,"href":"https:\/\/aigeviatges.com\/es\/wp-json\/wp\/v2\/product_cat?post=1053"},{"taxonomy":"product_tag","embeddable":true,"href":"https:\/\/aigeviatges.com\/es\/wp-json\/wp\/v2\/product_tag?post=1053"}],"curies":[{"name":"wp","href":"https:\/\/api.w.org\/{rel}","templated":true}]}}