{"id":1044,"date":"2021-03-02T13:23:57","date_gmt":"2021-03-02T13:23:57","guid":{"rendered":"https:\/\/aigeviatges.com\/?post_type=product&#038;p=1044"},"modified":"2025-12-20T00:55:55","modified_gmt":"2025-12-19T23:55:55","slug":"grecia-classica-6-dies","status":"publish","type":"product","link":"https:\/\/aigeviatges.com\/es\/producto\/grecia-classica-6-dias\/","title":{"rendered":"GRECIA CL\u00c1SICA \u2013 6 D\u00cdAS"},"content":{"rendered":"<p><strong>D\u00eda 1: BARCELONA \u2013 ATENAS (noche en zona Atenas)<\/strong><br \/>\nTraslado al aeropuerto de Barcelona y salida en avi\u00f3n a Atenas. Llegada y almuerzo. Por la tarde realizaremos una excursi\u00f3n hasta el cabo S\u00fanion, donde se levantan los pilares del templo de Poseid\u00f3n. Traslado al hotel. Acomodaci\u00f3n, cena y alojamiento.<\/p>\n<p><strong>D\u00eda 2: ATENAS (noche en zona Atenas)<\/strong><br \/>\nPor la ma\u00f1ana visita panor\u00e1mica con gu\u00eda local de Atenas. Destaca la plaza de la constituci\u00f3n (Sintagma), el parlamento, el memorial al soldado desconocido, la biblioteca nacional, el estadio Panatenaico, el templo Zeus y el arco de Adri\u00e0. Visitaremos el antiguo mercado, el teatro Dionisos y la Acr\u00f3polis. Almuerzo. Por la tarde nos adentraremos en el t\u00edpico barrio de Plaka. Se trata de un barrio situado en la falda de la Acr\u00f3polis. Pasearemos por sus callejuelas observando las numerosas tiendas con los productos griegos m\u00e1s variados, suvenires etc. Regreso al hotel. Cena y alojamiento.<\/p>\n<p><strong>D\u00eda 3: ARGOLIDA (noche en zona Atenas)<\/strong><br \/>\nSalida hacia el Canal de Corinto que conecta el Mar Egeo con el J\u00f3nico. Visita de Micenas, la ciudad hom\u00e9rica de Atreudes. Continuamos hacia Nauplia a trav\u00e9s de la f\u00e9rtil llanura de Argolis, el pintoresco pueblo a los pies de la fortaleza de Palamidi. Almuerzo. Continuaci\u00f3n a Epidauro y su famoso teatro (s.iv AC) de una magn\u00edfica ac\u00fastica. Volveremos a Atenas por la Carretera Nacional que conecta Epidauros con Corinto. Regreso al hotel, cena y alojamiento.<\/p>\n<p><strong>D\u00eda 4: DELFOS (noche en zona Atenas)<\/strong><br \/>\nSalida a Delfos. Pasando a trav\u00e9s de la f\u00e9rtil llanura de Boeot\u00eda, cruzando los pueblos de Tebas, relacionado con la tragedia del rey Edipo-Levad\u00eda y Arachova famosas por sus coloridas alfombras. Llegada a Delfos, el centro del mundo cl\u00e1sico antiguo, el Onfalos (el ombligo del mundo), cuyo prestigio se ha expandido m\u00e1s all\u00e1 de las fronteras del mundo hel\u00e9nico. Visitaremos el Tesoro de los Ateneses, el templo de Apolo con el or\u00e1culo y el museo que contiene obras maestras de la Grecia antigua como escultura de bronce del carruaje del famoso atleta Aghias. Almuerzo en Delfos y regreso a Atenas por la misma ruta. Cena y alojamiento.<\/p>\n<p><strong>D\u00eda 5: CRUCERO POR EL GOLF SAR\u00d3NICO (noche en zona Atenas)<\/strong><br \/>\nSalida hacia el puerto de Flisvos donde embarcaremos para realizar un minicrucero por el golfo Sar\u00f3nico. Durante el recorrido descenderemos varias veces para ir visitando las distintas islas de Porus, Hydra y \u00c9gina. Cada una de ellas con una caracter\u00edstica distinta. Almuerzo a bordo. De regreso al puerto asistiremos a las danzas tradicionales y t\u00edpicas de la regi\u00f3n. Cena y alojamiento.<\/p>\n<p><strong>D\u00eda 6: ATENAS - BARCELONA<\/strong><br \/>\nPor la ma\u00f1ana subiremos en funicular a la cima del Lycabettus, hasta la capilla de Sant Jordi, de 277 metros de altura, cuenta con la mejor vista panor\u00e1mica de toda Atenas. Almuerzo en restaurante. A continuaci\u00f3n traslado al aeropuerto. Salida en avi\u00f3n a Barcelona. Llegada y fin de nuestros servicios.<\/p>","protected":false},"excerpt":{"rendered":"<p><strong>INCLUYE:<\/strong><\/p>\n<ul>\n<li>Traslados origen-apt y vuelta (m\u00ednimo 25 pax)<\/li>\n<li>Avi\u00f3n BCN \u2013 Atenas \u2013 BCN<\/li>\n<li>Tasas y maleta<\/li>\n<li>Autocar local todo el circuito<\/li>\n<li>Gu\u00eda acompa\u00f1ante de AIGE + gu\u00eda local en Atenas<\/li>\n<li>Hotel 3*** o 4****<em><strong>\u00a0\u00a0<\/strong><\/em><em>(seg\u00fan elecci\u00f3n)<\/em><\/li>\n<li>Pensi\u00f3n completa con agua (del almuerzo del d\u00eda 1 al almuerzo del d\u00eda 6)<\/li>\n<li>Entradas: Acr\u00f3polis, Argolida, Delfos y Cap S\u00fanion<\/li>\n<li>Crucero por el golf Sar\u00f3nico con almuerzo a bordo<\/li>\n<li>Funicular en Lycabettus<\/li>\n<li>Seguro de asistencia en viaje<\/li>\n<\/ul>\n<p><em><strong>Nota sobre el alojamiento: <\/strong><\/em><em><strong>todas las noches en el mismo hotel\u00a0 \u00a0<\/strong><\/em><\/p>","protected":false},"featured_media":1046,"template":"","meta":[],"product_cat":[25,98,85],"product_tag":[],"class_list":["post-1044","product","type-product","status-publish","has-post-thumbnail","hentry","product_cat-circuits-tot-inclos","product_cat-grecia-2","product_cat-grecia-i-turquia"],"yoast_head":"<!-- This site is optimized with the Yoast SEO plugin v21.7 - https:\/\/yoast.com\/wordpress\/plugins\/seo\/ -->\n<title>GR\u00c8CIA CL\u00c0SSICA - 6 DIES - AIGE Viatges<\/title>\n<meta name=\"description\" content=\"Ag\u00e8ncia de viatges en l\u00ednia | Descobreix els nostres viatges inoblidables a GR\u00c8CIA CL\u00c0SSICA - 6 DIES\" \/>\n<meta name=\"robots\" content=\"index, follow, max-snippet:-1, max-image-preview:large, max-video-preview:-1\" \/>\n<link rel=\"canonical\" href=\"https:\/\/aigeviatges.com\/es\/producto\/grecia-classica-6-dias\/\" \/>\n<meta property=\"og:locale\" content=\"es_ES\" \/>\n<meta property=\"og:type\" content=\"article\" \/>\n<meta property=\"og:title\" content=\"GR\u00c8CIA CL\u00c0SSICA - 6 DIES - AIGE Viatges\" \/>\n<meta property=\"og:description\" content=\"Ag\u00e8ncia de viatges en l\u00ednia | Descobreix els nostres viatges inoblidables a GR\u00c8CIA CL\u00c0SSICA - 6 DIES\" \/>\n<meta property=\"og:url\" content=\"https:\/\/aigeviatges.com\/es\/producto\/grecia-classica-6-dias\/\" \/>\n<meta property=\"og:site_name\" content=\"AIGE Viatges\" \/>\n<meta property=\"article:publisher\" content=\"https:\/\/www.facebook.com\/viatgesaige\/\" \/>\n<meta property=\"article:modified_time\" content=\"2025-12-19T23:55:55+00:00\" \/>\n<meta property=\"og:image\" content=\"https:\/\/aigeviatges.com\/wp-content\/uploads\/2021\/03\/GR-CAR.jpg\" \/>\n\t<meta property=\"og:image:width\" content=\"671\" \/>\n\t<meta property=\"og:image:height\" content=\"500\" \/>\n\t<meta property=\"og:image:type\" content=\"image\/jpeg\" \/>\n<meta name=\"twitter:card\" content=\"summary_large_image\" \/>\n<meta name=\"twitter:label1\" content=\"Tiempo de lectura\" \/>\n\t<meta name=\"twitter:data1\" content=\"3 minutos\" \/>\n<script type=\"application\/ld+json\" class=\"yoast-schema-graph\">{\"@context\":\"https:\/\/schema.org\",\"@graph\":[{\"@type\":\"WebPage\",\"@id\":\"https:\/\/aigeviatges.com\/producto\/grecia-classica-6-dies\/\",\"url\":\"https:\/\/aigeviatges.com\/producto\/grecia-classica-6-dies\/\",\"name\":\"GR\u00c8CIA CL\u00c0SSICA - 6 DIES - AIGE Viatges\",\"isPartOf\":{\"@id\":\"https:\/\/aigeviatges.com\/#website\"},\"datePublished\":\"2021-03-02T13:23:57+00:00\",\"dateModified\":\"2025-12-19T23:55:55+00:00\",\"description\":\"Ag\u00e8ncia de viatges en l\u00ednia | Descobreix els nostres viatges inoblidables a GR\u00c8CIA CL\u00c0SSICA - 6 DIES\",\"breadcrumb\":{\"@id\":\"https:\/\/aigeviatges.com\/producto\/grecia-classica-6-dies\/#breadcrumb\"},\"inLanguage\":\"es\",\"potentialAction\":[{\"@type\":\"ReadAction\",\"target\":[\"https:\/\/aigeviatges.com\/producto\/grecia-classica-6-dies\/\"]}]},{\"@type\":\"BreadcrumbList\",\"@id\":\"https:\/\/aigeviatges.com\/producto\/grecia-classica-6-dies\/#breadcrumb\",\"itemListElement\":[{\"@type\":\"ListItem\",\"position\":1,\"name\":\"Portada\",\"item\":\"https:\/\/aigeviatges.com\/\"},{\"@type\":\"ListItem\",\"position\":2,\"name\":\"Tienda\",\"item\":\"https:\/\/aigeviatges.com\/tienda-2\/\"},{\"@type\":\"ListItem\",\"position\":3,\"name\":\"GR\u00c8CIA CL\u00c0SSICA &#8211; 6 DIES\"}]},{\"@type\":\"WebSite\",\"@id\":\"https:\/\/aigeviatges.com\/#website\",\"url\":\"https:\/\/aigeviatges.com\/\",\"name\":\"AIGE Viatges\",\"description\":\"Agencia de viajes especializada en producto propio para grupos.\",\"publisher\":{\"@id\":\"https:\/\/aigeviatges.com\/#organization\"},\"potentialAction\":[{\"@type\":\"SearchAction\",\"target\":{\"@type\":\"EntryPoint\",\"urlTemplate\":\"https:\/\/aigeviatges.com\/?s={search_term_string}\"},\"query-input\":\"required name=search_term_string\"}],\"inLanguage\":\"es\"},{\"@type\":\"Organization\",\"@id\":\"https:\/\/aigeviatges.com\/#organization\",\"name\":\"AIGE Viatges\",\"url\":\"https:\/\/aigeviatges.com\/\",\"logo\":{\"@type\":\"ImageObject\",\"inLanguage\":\"es\",\"@id\":\"https:\/\/aigeviatges.com\/#\/schema\/logo\/image\/\",\"url\":\"https:\/\/aigeviatges.com\/wp-content\/uploads\/2020\/03\/aig-viatges-logo-web.png\",\"contentUrl\":\"https:\/\/aigeviatges.com\/wp-content\/uploads\/2020\/03\/aig-viatges-logo-web.png\",\"width\":600,\"height\":166,\"caption\":\"AIGE Viatges\"},\"image\":{\"@id\":\"https:\/\/aigeviatges.com\/#\/schema\/logo\/image\/\"},\"sameAs\":[\"https:\/\/www.facebook.com\/viatgesaige\/\"]}]}<\/script>\n<!-- \/ Yoast SEO plugin. -->","yoast_head_json":{"title":"GR\u00c8CIA CL\u00c0SSICA - 6 DIES - AIGE Viatges","description":"Ag\u00e8ncia de viatges en l\u00ednia | Descobreix els nostres viatges inoblidables a GR\u00c8CIA CL\u00c0SSICA - 6 DIES","robots":{"index":"index","follow":"follow","max-snippet":"max-snippet:-1","max-image-preview":"max-image-preview:large","max-video-preview":"max-video-preview:-1"},"canonical":"https:\/\/aigeviatges.com\/es\/producto\/grecia-classica-6-dias\/","og_locale":"es_ES","og_type":"article","og_title":"GR\u00c8CIA CL\u00c0SSICA - 6 DIES - AIGE Viatges","og_description":"Ag\u00e8ncia de viatges en l\u00ednia | Descobreix els nostres viatges inoblidables a GR\u00c8CIA CL\u00c0SSICA - 6 DIES","og_url":"https:\/\/aigeviatges.com\/es\/producto\/grecia-classica-6-dias\/","og_site_name":"AIGE Viatges","article_publisher":"https:\/\/www.facebook.com\/viatgesaige\/","article_modified_time":"2025-12-19T23:55:55+00:00","og_image":[{"width":671,"height":500,"url":"https:\/\/aigeviatges.com\/wp-content\/uploads\/2021\/03\/GR-CAR.jpg","type":"image\/jpeg"}],"twitter_card":"summary_large_image","twitter_misc":{"Tiempo de lectura":"3 minutos"},"schema":{"@context":"https:\/\/schema.org","@graph":[{"@type":"WebPage","@id":"https:\/\/aigeviatges.com\/producto\/grecia-classica-6-dies\/","url":"https:\/\/aigeviatges.com\/producto\/grecia-classica-6-dies\/","name":"GR\u00c8CIA CL\u00c0SSICA - 6 DIES - AIGE Viatges","isPartOf":{"@id":"https:\/\/aigeviatges.com\/#website"},"datePublished":"2021-03-02T13:23:57+00:00","dateModified":"2025-12-19T23:55:55+00:00","description":"Ag\u00e8ncia de viatges en l\u00ednia | Descobreix els nostres viatges inoblidables a GR\u00c8CIA CL\u00c0SSICA - 6 DIES","breadcrumb":{"@id":"https:\/\/aigeviatges.com\/producto\/grecia-classica-6-dies\/#breadcrumb"},"inLanguage":"es","potentialAction":[{"@type":"ReadAction","target":["https:\/\/aigeviatges.com\/producto\/grecia-classica-6-dies\/"]}]},{"@type":"BreadcrumbList","@id":"https:\/\/aigeviatges.com\/producto\/grecia-classica-6-dies\/#breadcrumb","itemListElement":[{"@type":"ListItem","position":1,"name":"Portada","item":"https:\/\/aigeviatges.com\/"},{"@type":"ListItem","position":2,"name":"Tienda","item":"https:\/\/aigeviatges.com\/tienda-2\/"},{"@type":"ListItem","position":3,"name":"GR\u00c8CIA CL\u00c0SSICA &#8211; 6 DIES"}]},{"@type":"WebSite","@id":"https:\/\/aigeviatges.com\/#website","url":"https:\/\/aigeviatges.com\/","name":"AIGE Viatges","description":"Agencia de viajes especializada en producto propio para grupos.","publisher":{"@id":"https:\/\/aigeviatges.com\/#organization"},"potentialAction":[{"@type":"SearchAction","target":{"@type":"EntryPoint","urlTemplate":"https:\/\/aigeviatges.com\/?s={search_term_string}"},"query-input":"required name=search_term_string"}],"inLanguage":"es"},{"@type":"Organization","@id":"https:\/\/aigeviatges.com\/#organization","name":"AIGE Viatges","url":"https:\/\/aigeviatges.com\/","logo":{"@type":"ImageObject","inLanguage":"es","@id":"https:\/\/aigeviatges.com\/#\/schema\/logo\/image\/","url":"https:\/\/aigeviatges.com\/wp-content\/uploads\/2020\/03\/aig-viatges-logo-web.png","contentUrl":"https:\/\/aigeviatges.com\/wp-content\/uploads\/2020\/03\/aig-viatges-logo-web.png","width":600,"height":166,"caption":"AIGE Viatges"},"image":{"@id":"https:\/\/aigeviatges.com\/#\/schema\/logo\/image\/"},"sameAs":["https:\/\/www.facebook.com\/viatgesaige\/"]}]}},"jetpack_sharing_enabled":true,"jetpack_likes_enabled":false,"_links":{"self":[{"href":"https:\/\/aigeviatges.com\/es\/wp-json\/wp\/v2\/product\/1044","targetHints":{"allow":["GET"]}}],"collection":[{"href":"https:\/\/aigeviatges.com\/es\/wp-json\/wp\/v2\/product"}],"about":[{"href":"https:\/\/aigeviatges.com\/es\/wp-json\/wp\/v2\/types\/product"}],"wp:featuredmedia":[{"embeddable":true,"href":"https:\/\/aigeviatges.com\/es\/wp-json\/wp\/v2\/media\/1046"}],"wp:attachment":[{"href":"https:\/\/aigeviatges.com\/es\/wp-json\/wp\/v2\/media?parent=1044"}],"wp:term":[{"taxonomy":"product_cat","embeddable":true,"href":"https:\/\/aigeviatges.com\/es\/wp-json\/wp\/v2\/product_cat?post=1044"},{"taxonomy":"product_tag","embeddable":true,"href":"https:\/\/aigeviatges.com\/es\/wp-json\/wp\/v2\/product_tag?post=1044"}],"curies":[{"name":"wp","href":"https:\/\/api.w.org\/{rel}","templated":true}]}}