{"id":1026,"date":"2021-03-01T14:00:36","date_gmt":"2021-03-01T14:00:36","guid":{"rendered":"https:\/\/aigeviatges.com\/?post_type=product&#038;p=1026"},"modified":"2021-03-18T15:02:51","modified_gmt":"2021-03-18T15:02:51","slug":"polonia-essencial-6-dies","status":"publish","type":"product","link":"https:\/\/aigeviatges.com\/es\/producto\/polonia-esencial-6-dias\/","title":{"rendered":"POLONIA ESENCIAL \u2013 6 D\u00cdAS"},"content":{"rendered":"<p><strong>D\u00eda 1: BARCELONA - VARSOVIA<\/strong><br \/>\nSalida en avi\u00f3n a Varsovia. Llegada traslado al hotel. Cena y alojamiento (por motivos de horario del vuelo la cena se podr\u00e1 realizar en el restaurante o una cena fr\u00eda -tipo Sandwich- en la habitaci\u00f3n).<\/p>\n<p><strong>D\u00eda 2: VARSOV\u00cdA<\/strong><br \/>\nPor la ma\u00f1ana realizaremos la visita de Varsovia con un gu\u00eda local. La ciudad tiene un gran n\u00famero de iglesias, monumentos, edificios hist\u00f3ricos y palacios, muchos de los cuales actualmente son sedes de ministerios y embajadas; el maravilloso Parque de Lazienki, uno de los m\u00e1s encantadores de Europa; la Ciudad Vieja, la pintoresca Plaza del Mercado, la Barbacana, la Plaza del Palacio Real, la Columna del rey Sigismundo III etc. Cena y alojamiento.<\/p>\n<p><strong>D\u00eda 3: VARSOVIA - CZESTOCHOWA - CRACOVIA\u00a0\u00a0<\/strong><br \/>\nSalida a Czestochowa. Visita del Santuario de Jasna Gora, uno de los lugares de culto cristiano m\u00e1s importantes del mundo, visitado por 4-5 millones de peregrinos anualmente, alberga el milagroso cuadro de la Virgen Negra. Se considera la capital espiritual de Polonia o el confesionario de la naci\u00f3n. Almuerzo en restaurante. Continuaci\u00f3n a Cracovia. Acomodaci\u00f3n en el hotel. Cena y Alojamiento.<\/p>\n<p><strong>D\u00eda 4: CRACOVIA (AUSCHWITZ \u2013 CITY TOUR)<\/strong><br \/>\nSalida al pueblo Oswiecim (Auschwitz en alem\u00e1n) y visita del antiguo campo de concentraci\u00f3n Auschwitz Birkenau, la mayor de las f\u00e1bricas de la muerte nazis. Almuerzo y visita de Cracovia con gu\u00eda local. La ciudad se salv\u00f3 de la destrucci\u00f3n durante la Segunda Guerra. Destaca: la colina de Wawel con su palacio real de estilo renacentista; la Catedral g\u00f3tica, la Plaza del Mercado, la bas\u00edlica de la Virgen con el bello altar de Veit Stoss, joya del arte g\u00f3tico etc. Cena y alojamiento.<\/p>\n<p><strong>D\u00eda 5: CRACOVIA (MINAS DE SAL DE WIELICZKA - KAZIMIERS)<\/strong><br \/>\nSalida a Wieliczka y visita con gu\u00eda local de las Minas de Sal una maravilla \u00fanica en el mundo, Patrimonio de la Humanidad, bellas capillas esculpidas en sal, c\u00e1maras espaciosas, grutas de cristal y estanques subterr\u00e1neos, todas estas maravillas a una profundidad de 250 m . Regreso a Cracovia para el almuerzo. Por la tarde visitaremos el barrio de Kazimiers (barrio jud\u00edo). Durante el recorrido, veremos excelentes ejemplos de arquitectura jud\u00eda, las sinagogas y el antiguo cementerio jud\u00edo. Atravesando el r\u00edo Vistula a trav\u00e9s del Puente del Amor (Bernatek), llegaremos hasta Podgorze, el antiguo gueto jud\u00edo donde hoy se erige la Plaza de los H\u00e9roes del Gueto, en honor a las v\u00edctimas jud\u00edas de Cracovia durante el Holocausto . Cena y alojamiento.<\/p>\n<p><strong>D\u00eda 6: CRACOVIA - BARCELONA<\/strong><br \/>\nMa\u00f1ana libre en el centro para actividades personales y ultimas compras. Almuerzo y traslado al aeropuerto. Salida en avi\u00f3n a Barcelona. Llegada y fin de nuestros servicios.<\/p>","protected":false},"excerpt":{"rendered":"<p><strong>INCLUYE:<\/strong><\/p>\n<ul>\n<li>Traslados origen-apt y vuelta (m\u00ednimo 25 pax)<\/li>\n<li>Avi\u00f3n BCN \u2013 Varsovia \/ Cracovia \u2013 BCN + tasas y maleta (15 Kg)<\/li>\n<li>Catering de salida al aeropuerto (bocadillo, fruta y agua)<\/li>\n<li>Gu\u00eda acompa\u00f1ante de AIGE<\/li>\n<li>Gu\u00eda local en Varsovia y Cracovia<\/li>\n<li>Autocar local todo el circuito<\/li>\n<li>Hoteles 3*** o 4**** <em>(seg\u00fan elecci\u00f3n)<\/em><\/li>\n<li>Pensi\u00f3n completa con agua (de la cena del d\u00eda 1 al almuerzo del d\u00eda 6)<\/li>\n<li>Entrada en el monasterio de Czestochowa<\/li>\n<li>Entrada en el memorial de Auschwitz<\/li>\n<li>Entrada en las minas de sal de Wieliczka<\/li>\n<li>Seguro de asistencia en viaje<\/li>\n<\/ul>\n<p><em><strong>Nota sobre el alojamiento:<\/strong><\/em> <em><strong>2 noches en zona Varsovia + 3 noches en zona Cracovia<\/strong><\/em><strong><em> \u00a0\u00a0\u00a0\u00a0<\/em><\/strong><\/p>","protected":false},"featured_media":1027,"template":"","meta":[],"product_cat":[25,89,87],"product_tag":[],"class_list":["post-1026","product","type-product","status-publish","has-post-thumbnail","hentry","product_cat-circuits-tot-inclos","product_cat-polonia","product_cat-rep-baltiques-i-nord-deuropa"],"yoast_head":"<!-- This site is optimized with the Yoast SEO plugin v21.7 - https:\/\/yoast.com\/wordpress\/plugins\/seo\/ -->\n<title>POLONIA ESSENCIAL - 6 DIES - AIGE Viatges<\/title>\n<meta name=\"description\" content=\"Agencia de viajes online | Descubre nuestros viajes inolvidables a POLONIA ESSENCIAL - 6 DIES\" \/>\n<meta name=\"robots\" content=\"index, follow, max-snippet:-1, max-image-preview:large, max-video-preview:-1\" \/>\n<link rel=\"canonical\" href=\"https:\/\/aigeviatges.com\/es\/producto\/polonia-esencial-6-dias\/\" \/>\n<meta property=\"og:locale\" content=\"es_ES\" \/>\n<meta property=\"og:type\" content=\"article\" \/>\n<meta property=\"og:title\" content=\"POLONIA ESSENCIAL - 6 DIES - AIGE Viatges\" \/>\n<meta property=\"og:description\" content=\"Agencia de viajes online | Descubre nuestros viajes inolvidables a POLONIA ESSENCIAL - 6 DIES\" \/>\n<meta property=\"og:url\" content=\"https:\/\/aigeviatges.com\/es\/producto\/polonia-esencial-6-dias\/\" \/>\n<meta property=\"og:site_name\" content=\"AIGE Viatges\" \/>\n<meta property=\"article:publisher\" content=\"https:\/\/www.facebook.com\/viatgesaige\/\" \/>\n<meta property=\"article:modified_time\" content=\"2021-03-18T15:02:51+00:00\" \/>\n<meta property=\"og:image\" content=\"https:\/\/aigeviatges.com\/wp-content\/uploads\/2021\/03\/nou-crac.jpg\" \/>\n\t<meta property=\"og:image:width\" content=\"551\" \/>\n\t<meta property=\"og:image:height\" content=\"452\" \/>\n\t<meta property=\"og:image:type\" content=\"image\/jpeg\" \/>\n<meta name=\"twitter:card\" content=\"summary_large_image\" \/>\n<meta name=\"twitter:label1\" content=\"Tiempo de lectura\" \/>\n\t<meta name=\"twitter:data1\" content=\"2 minutos\" \/>\n<script type=\"application\/ld+json\" class=\"yoast-schema-graph\">{\"@context\":\"https:\/\/schema.org\",\"@graph\":[{\"@type\":\"WebPage\",\"@id\":\"https:\/\/aigeviatges.com\/producto\/polonia-essencial-6-dies\/\",\"url\":\"https:\/\/aigeviatges.com\/producto\/polonia-essencial-6-dies\/\",\"name\":\"POLONIA ESSENCIAL - 6 DIES - AIGE Viatges\",\"isPartOf\":{\"@id\":\"https:\/\/aigeviatges.com\/#website\"},\"datePublished\":\"2021-03-01T14:00:36+00:00\",\"dateModified\":\"2021-03-18T15:02:51+00:00\",\"description\":\"Agencia de viajes online | Descubre nuestros viajes inolvidables a POLONIA ESSENCIAL - 6 DIES\",\"breadcrumb\":{\"@id\":\"https:\/\/aigeviatges.com\/producto\/polonia-essencial-6-dies\/#breadcrumb\"},\"inLanguage\":\"es\",\"potentialAction\":[{\"@type\":\"ReadAction\",\"target\":[\"https:\/\/aigeviatges.com\/producto\/polonia-essencial-6-dies\/\"]}]},{\"@type\":\"BreadcrumbList\",\"@id\":\"https:\/\/aigeviatges.com\/producto\/polonia-essencial-6-dies\/#breadcrumb\",\"itemListElement\":[{\"@type\":\"ListItem\",\"position\":1,\"name\":\"Portada\",\"item\":\"https:\/\/aigeviatges.com\/\"},{\"@type\":\"ListItem\",\"position\":2,\"name\":\"Tienda\",\"item\":\"https:\/\/aigeviatges.com\/tienda-2\/\"},{\"@type\":\"ListItem\",\"position\":3,\"name\":\"POLONIA ESSENCIAL &#8211; 6 DIES\"}]},{\"@type\":\"WebSite\",\"@id\":\"https:\/\/aigeviatges.com\/#website\",\"url\":\"https:\/\/aigeviatges.com\/\",\"name\":\"AIGE Viatges\",\"description\":\"Agencia de viajes especializada en producto propio para grupos.\",\"publisher\":{\"@id\":\"https:\/\/aigeviatges.com\/#organization\"},\"potentialAction\":[{\"@type\":\"SearchAction\",\"target\":{\"@type\":\"EntryPoint\",\"urlTemplate\":\"https:\/\/aigeviatges.com\/?s={search_term_string}\"},\"query-input\":\"required name=search_term_string\"}],\"inLanguage\":\"es\"},{\"@type\":\"Organization\",\"@id\":\"https:\/\/aigeviatges.com\/#organization\",\"name\":\"AIGE Viatges\",\"url\":\"https:\/\/aigeviatges.com\/\",\"logo\":{\"@type\":\"ImageObject\",\"inLanguage\":\"es\",\"@id\":\"https:\/\/aigeviatges.com\/#\/schema\/logo\/image\/\",\"url\":\"https:\/\/aigeviatges.com\/wp-content\/uploads\/2020\/03\/aig-viatges-logo-web.png\",\"contentUrl\":\"https:\/\/aigeviatges.com\/wp-content\/uploads\/2020\/03\/aig-viatges-logo-web.png\",\"width\":600,\"height\":166,\"caption\":\"AIGE Viatges\"},\"image\":{\"@id\":\"https:\/\/aigeviatges.com\/#\/schema\/logo\/image\/\"},\"sameAs\":[\"https:\/\/www.facebook.com\/viatgesaige\/\"]}]}<\/script>\n<!-- \/ Yoast SEO plugin. -->","yoast_head_json":{"title":"POLONIA ESSENCIAL - 6 DIES - AIGE Viatges","description":"Agencia de viajes online | Descubre nuestros viajes inolvidables a POLONIA ESSENCIAL - 6 DIES","robots":{"index":"index","follow":"follow","max-snippet":"max-snippet:-1","max-image-preview":"max-image-preview:large","max-video-preview":"max-video-preview:-1"},"canonical":"https:\/\/aigeviatges.com\/es\/producto\/polonia-esencial-6-dias\/","og_locale":"es_ES","og_type":"article","og_title":"POLONIA ESSENCIAL - 6 DIES - AIGE Viatges","og_description":"Agencia de viajes online | Descubre nuestros viajes inolvidables a POLONIA ESSENCIAL - 6 DIES","og_url":"https:\/\/aigeviatges.com\/es\/producto\/polonia-esencial-6-dias\/","og_site_name":"AIGE Viatges","article_publisher":"https:\/\/www.facebook.com\/viatgesaige\/","article_modified_time":"2021-03-18T15:02:51+00:00","og_image":[{"width":551,"height":452,"url":"https:\/\/aigeviatges.com\/wp-content\/uploads\/2021\/03\/nou-crac.jpg","type":"image\/jpeg"}],"twitter_card":"summary_large_image","twitter_misc":{"Tiempo de lectura":"2 minutos"},"schema":{"@context":"https:\/\/schema.org","@graph":[{"@type":"WebPage","@id":"https:\/\/aigeviatges.com\/producto\/polonia-essencial-6-dies\/","url":"https:\/\/aigeviatges.com\/producto\/polonia-essencial-6-dies\/","name":"POLONIA ESSENCIAL - 6 DIES - AIGE Viatges","isPartOf":{"@id":"https:\/\/aigeviatges.com\/#website"},"datePublished":"2021-03-01T14:00:36+00:00","dateModified":"2021-03-18T15:02:51+00:00","description":"Agencia de viajes online | Descubre nuestros viajes inolvidables a POLONIA ESSENCIAL - 6 DIES","breadcrumb":{"@id":"https:\/\/aigeviatges.com\/producto\/polonia-essencial-6-dies\/#breadcrumb"},"inLanguage":"es","potentialAction":[{"@type":"ReadAction","target":["https:\/\/aigeviatges.com\/producto\/polonia-essencial-6-dies\/"]}]},{"@type":"BreadcrumbList","@id":"https:\/\/aigeviatges.com\/producto\/polonia-essencial-6-dies\/#breadcrumb","itemListElement":[{"@type":"ListItem","position":1,"name":"Portada","item":"https:\/\/aigeviatges.com\/"},{"@type":"ListItem","position":2,"name":"Tienda","item":"https:\/\/aigeviatges.com\/tienda-2\/"},{"@type":"ListItem","position":3,"name":"POLONIA ESSENCIAL &#8211; 6 DIES"}]},{"@type":"WebSite","@id":"https:\/\/aigeviatges.com\/#website","url":"https:\/\/aigeviatges.com\/","name":"AIGE Viatges","description":"Agencia de viajes especializada en producto propio para grupos.","publisher":{"@id":"https:\/\/aigeviatges.com\/#organization"},"potentialAction":[{"@type":"SearchAction","target":{"@type":"EntryPoint","urlTemplate":"https:\/\/aigeviatges.com\/?s={search_term_string}"},"query-input":"required name=search_term_string"}],"inLanguage":"es"},{"@type":"Organization","@id":"https:\/\/aigeviatges.com\/#organization","name":"AIGE Viatges","url":"https:\/\/aigeviatges.com\/","logo":{"@type":"ImageObject","inLanguage":"es","@id":"https:\/\/aigeviatges.com\/#\/schema\/logo\/image\/","url":"https:\/\/aigeviatges.com\/wp-content\/uploads\/2020\/03\/aig-viatges-logo-web.png","contentUrl":"https:\/\/aigeviatges.com\/wp-content\/uploads\/2020\/03\/aig-viatges-logo-web.png","width":600,"height":166,"caption":"AIGE Viatges"},"image":{"@id":"https:\/\/aigeviatges.com\/#\/schema\/logo\/image\/"},"sameAs":["https:\/\/www.facebook.com\/viatgesaige\/"]}]}},"jetpack_sharing_enabled":true,"jetpack_likes_enabled":false,"_links":{"self":[{"href":"https:\/\/aigeviatges.com\/es\/wp-json\/wp\/v2\/product\/1026","targetHints":{"allow":["GET"]}}],"collection":[{"href":"https:\/\/aigeviatges.com\/es\/wp-json\/wp\/v2\/product"}],"about":[{"href":"https:\/\/aigeviatges.com\/es\/wp-json\/wp\/v2\/types\/product"}],"wp:featuredmedia":[{"embeddable":true,"href":"https:\/\/aigeviatges.com\/es\/wp-json\/wp\/v2\/media\/1027"}],"wp:attachment":[{"href":"https:\/\/aigeviatges.com\/es\/wp-json\/wp\/v2\/media?parent=1026"}],"wp:term":[{"taxonomy":"product_cat","embeddable":true,"href":"https:\/\/aigeviatges.com\/es\/wp-json\/wp\/v2\/product_cat?post=1026"},{"taxonomy":"product_tag","embeddable":true,"href":"https:\/\/aigeviatges.com\/es\/wp-json\/wp\/v2\/product_tag?post=1026"}],"curies":[{"name":"wp","href":"https:\/\/api.w.org\/{rel}","templated":true}]}}